{"id":16019,"date":"2026-02-27T00:28:46","date_gmt":"2026-02-27T00:28:46","guid":{"rendered":"https:\/\/nordicmart.andreevmaster.com\/product\/songmics-plugghylla-6-kuber-3-lador-svart\/"},"modified":"2026-02-27T08:19:35","modified_gmt":"2026-02-27T08:19:35","slug":"songmics-plugghylla-6-kuber-3-lador-svart","status":"publish","type":"product","link":"https:\/\/nordicmart.andreevmaster.com\/sv\/produkt\/songmics-plugghylla-6-kuber-3-lador-svart\/","title":{"rendered":"SONGMICS plugghylla 6 kuber 3 l\u00e5dor svart"},"content":{"rendered":"<p>Produktdetaljer: F\u00e4rg: Svart Material: Fleece, j\u00e4rnr\u00f6r, plastkopplingar Storlek: 105 x 30 x 105 cm (L x B x H) Vikt: 5,2 kg Max. belastningskapacitet per kub: 8 kg Max. belastningskapacitet f\u00f6r hela hyllan: 48 kg Leveransomfattning: 1 x kubhylla 3 x f\u00f6rvaringsbox 1 x hammare 1 x bruksanvisning (DE, EN, FR, ES, IT) SONGMICS Anm\u00e4rkningar:Anv\u00e4nd inte produkten utomhus. F\u00e4st hyllan p\u00e5 v\u00e4ggen med den medf\u00f6ljande tippskyddet f\u00f6r att garantera produktens s\u00e4kerhet.<\/p>\n","protected":false},"excerpt":{"rendered":"<p>SONGMICS kubhylla, 6 kubers bokhylla, trapphylla med 3 tygboxar, DIY-f\u00f6rvaring f\u00f6r kl\u00e4der, med robust metallram, inklusive gummihammare, 105 x 30 x 105 cm, svart LSN23BK<\/p>\n","protected":false},"featured_media":43752,"comment_status":"open","ping_status":"closed","template":"","meta":[],"product_brand":[],"product_cat":[33],"product_tag":[],"class_list":{"0":"post-16019","1":"product","2":"type-product","3":"status-publish","4":"has-post-thumbnail","6":"product_cat-okategoriserad","8":"first","9":"instock","10":"shipping-taxable","11":"purchasable","12":"product-type-simple"},"_links":{"self":[{"href":"https:\/\/nordicmart.andreevmaster.com\/sv\/wp-json\/wp\/v2\/product\/16019","targetHints":{"allow":["GET"]}}],"collection":[{"href":"https:\/\/nordicmart.andreevmaster.com\/sv\/wp-json\/wp\/v2\/product"}],"about":[{"href":"https:\/\/nordicmart.andreevmaster.com\/sv\/wp-json\/wp\/v2\/types\/product"}],"replies":[{"embeddable":true,"href":"https:\/\/nordicmart.andreevmaster.com\/sv\/wp-json\/wp\/v2\/comments?post=16019"}],"wp:featuredmedia":[{"embeddable":true,"href":"https:\/\/nordicmart.andreevmaster.com\/sv\/wp-json\/wp\/v2\/media\/43752"}],"wp:attachment":[{"href":"https:\/\/nordicmart.andreevmaster.com\/sv\/wp-json\/wp\/v2\/media?parent=16019"}],"wp:term":[{"taxonomy":"product_brand","embeddable":true,"href":"https:\/\/nordicmart.andreevmaster.com\/sv\/wp-json\/wp\/v2\/product_brand?post=16019"},{"taxonomy":"product_cat","embeddable":true,"href":"https:\/\/nordicmart.andreevmaster.com\/sv\/wp-json\/wp\/v2\/product_cat?post=16019"},{"taxonomy":"product_tag","embeddable":true,"href":"https:\/\/nordicmart.andreevmaster.com\/sv\/wp-json\/wp\/v2\/product_tag?post=16019"}],"curies":[{"name":"wp","href":"https:\/\/api.w.org\/{rel}","templated":true}]}}