{"id":16018,"date":"2026-02-27T00:28:46","date_gmt":"2026-02-27T00:28:46","guid":{"rendered":"https:\/\/nordicmart.andreevmaster.com\/product\/songmics-tyghylla-for-bocker-svart\/"},"modified":"2026-02-27T08:19:35","modified_gmt":"2026-02-27T08:19:35","slug":"songmics-tyghylla-for-bocker-svart","status":"publish","type":"product","link":"https:\/\/nordicmart.andreevmaster.com\/sv\/produkt\/songmics-tyghylla-for-bocker-svart\/","title":{"rendered":"SONGMICS tyghylla f\u00f6r b\u00f6cker Svart"},"content":{"rendered":"<p>\u00c4r du skeptisk till om kombinationen av st\u00e5lr\u00f6r och plastdelar \u00e4r tillr\u00e4ckligt robust? Tack vare den stabila konstruktionen kan du sl\u00e4ppa den oron. Trots materialets l\u00e4tthet \u00e4r hyllan i sig mycket stabil. Dessutom \u00e4r monteringen mycket enkel. Utan verktyg kan du snabbt montera en praktisk stativhylla med hj\u00e4lp av den illustrerade monteringsanvisningen. Den erbjuder gott om plats p\u00e5 sina 5 hyllplan. Du kan anv\u00e4nda det \u00f6verallt, i vardagsrummet som leksakshylla, p\u00e5 kontoret som arkivhylla, i f\u00f6rr\u00e5det f\u00f6r f\u00f6rvaring av livsmedel eller som f\u00f6rvaring i kl\u00e4dkammaren. Produktdetaljer: F\u00e4rg: svart M\u00e5tt: 50 x 180 x 30 cm (B x H x D) Material: Fleece-tyg + st\u00e5lr\u00f6r + plastdel Leveransomfattning: 1 x hush\u00e5llshylla 1 x instruktioner Anm\u00e4rkningar: Det rekommenderas att hyllan lutas mot en v\u00e4gg. Placera tunga f\u00f6rem\u00e5l i de nedre facken. Annars f\u00f6rlorar hyllan stabilitet och kan till slut v\u00e4lta.<\/p>\n","protected":false},"excerpt":{"rendered":"<p>SONGMICS St\u00e4llningshylla Bokhylla Lagerhylla Hyllor, b\u00e4rkraft per hyllplan 5 kg, f\u00f6r k\u00f6k, hall, k\u00e4llare eller arbetsrum 50 x 180 x 30 cm Svart LSN15H<\/p>\n","protected":false},"featured_media":43751,"comment_status":"open","ping_status":"closed","template":"","meta":[],"product_brand":[],"product_cat":[33],"product_tag":[],"class_list":{"0":"post-16018","1":"product","2":"type-product","3":"status-publish","4":"has-post-thumbnail","6":"product_cat-okategoriserad","8":"first","9":"instock","10":"shipping-taxable","11":"purchasable","12":"product-type-simple"},"_links":{"self":[{"href":"https:\/\/nordicmart.andreevmaster.com\/sv\/wp-json\/wp\/v2\/product\/16018","targetHints":{"allow":["GET"]}}],"collection":[{"href":"https:\/\/nordicmart.andreevmaster.com\/sv\/wp-json\/wp\/v2\/product"}],"about":[{"href":"https:\/\/nordicmart.andreevmaster.com\/sv\/wp-json\/wp\/v2\/types\/product"}],"replies":[{"embeddable":true,"href":"https:\/\/nordicmart.andreevmaster.com\/sv\/wp-json\/wp\/v2\/comments?post=16018"}],"wp:featuredmedia":[{"embeddable":true,"href":"https:\/\/nordicmart.andreevmaster.com\/sv\/wp-json\/wp\/v2\/media\/43751"}],"wp:attachment":[{"href":"https:\/\/nordicmart.andreevmaster.com\/sv\/wp-json\/wp\/v2\/media?parent=16018"}],"wp:term":[{"taxonomy":"product_brand","embeddable":true,"href":"https:\/\/nordicmart.andreevmaster.com\/sv\/wp-json\/wp\/v2\/product_brand?post=16018"},{"taxonomy":"product_cat","embeddable":true,"href":"https:\/\/nordicmart.andreevmaster.com\/sv\/wp-json\/wp\/v2\/product_cat?post=16018"},{"taxonomy":"product_tag","embeddable":true,"href":"https:\/\/nordicmart.andreevmaster.com\/sv\/wp-json\/wp\/v2\/product_tag?post=16018"}],"curies":[{"name":"wp","href":"https:\/\/api.w.org\/{rel}","templated":true}]}}