{"id":16014,"date":"2026-02-27T00:28:44","date_gmt":"2026-02-27T00:28:44","guid":{"rendered":"https:\/\/nordicmart.andreevmaster.com\/product\/songmics-6-kubshylla-gra-melerad\/"},"modified":"2026-02-27T08:19:35","modified_gmt":"2026-02-27T08:19:35","slug":"songmics-6-kubshylla-gra-melerad","status":"publish","type":"product","link":"https:\/\/nordicmart.andreevmaster.com\/sv\/produkt\/songmics-6-kubshylla-gra-melerad\/","title":{"rendered":"SONGMICS 6-kubshylla gr\u00e5 melerad"},"content":{"rendered":"<p>F\u00f6rvaringsutrymme p\u00e5 ett annat s\u00e4tt: I sovrummet mittemot s\u00e4ngen? Eller var vill du placera detta f\u00f6rvaringshyllsystem? Oavsett om det \u00e4r i arbetsrummet som bokhylla, i barnrummet f\u00f6r f\u00f6rvaring av leksaker, i f\u00f6rr\u00e5det eller i garaget, finns det inga gr\u00e4nser f\u00f6r din fantasi! Vad ska du g\u00f6ra om tyg\u00f6verdraget blir smutsigt? Ingen fara! Fleece-tyget \u00e4r l\u00e4ttsk\u00f6tt och vattenavvisande, en fuktig trasa r\u00e4cker f\u00f6r att reng\u00f6ra det. Produktdetaljer: &#8211; F\u00e4rg: Gr\u00e5melerad &#8211; Material: Fleece (100 g\/m\u00b2), st\u00e5lr\u00f6r (\u00d8 12 mm), plastkopplingar &#8211; Storlek: 105 x 30 x 105 cm (L x B x H) &#8211; Vikt: 1,7 kg &#8211; Max. statisk belastningskapacitet per hylla: 5 kg &#8211; Max. statisk belastningskapacitet: 30 kg Leveransomfattning:- 1 x f\u00f6rvaringshylla &#8211; 1 x tillbeh\u00f6rspaket &#8211; 1 x bruksanvisning SONGMICS Anm\u00e4rkningar: &#8211; St\u00e4ll hyllan mot v\u00e4ggen n\u00e4r du anv\u00e4nder den och f\u00f6rvara tunga f\u00f6rem\u00e5l i de nedre facken. &#8211; Anv\u00e4nd inte denna produkt utomhus.<\/p>\n","protected":false},"excerpt":{"rendered":"<p>SONGMICS bokhylla, 6-kubshylla, DIY, trapphylla, f\u00f6rvaringshylla f\u00f6r vardagsrummet, f\u00f6rvaringshylla f\u00f6r sovrummet, barnrummet, badrummet, f\u00f6r leksaker, rumsavdelare, gr\u00e5 melerad LSN063G12<\/p>\n","protected":false},"featured_media":43747,"comment_status":"open","ping_status":"closed","template":"","meta":[],"product_brand":[],"product_cat":[33],"product_tag":[],"class_list":{"0":"post-16014","1":"product","2":"type-product","3":"status-publish","4":"has-post-thumbnail","6":"product_cat-okategoriserad","8":"first","9":"instock","10":"shipping-taxable","11":"purchasable","12":"product-type-simple"},"_links":{"self":[{"href":"https:\/\/nordicmart.andreevmaster.com\/sv\/wp-json\/wp\/v2\/product\/16014","targetHints":{"allow":["GET"]}}],"collection":[{"href":"https:\/\/nordicmart.andreevmaster.com\/sv\/wp-json\/wp\/v2\/product"}],"about":[{"href":"https:\/\/nordicmart.andreevmaster.com\/sv\/wp-json\/wp\/v2\/types\/product"}],"replies":[{"embeddable":true,"href":"https:\/\/nordicmart.andreevmaster.com\/sv\/wp-json\/wp\/v2\/comments?post=16014"}],"wp:featuredmedia":[{"embeddable":true,"href":"https:\/\/nordicmart.andreevmaster.com\/sv\/wp-json\/wp\/v2\/media\/43747"}],"wp:attachment":[{"href":"https:\/\/nordicmart.andreevmaster.com\/sv\/wp-json\/wp\/v2\/media?parent=16014"}],"wp:term":[{"taxonomy":"product_brand","embeddable":true,"href":"https:\/\/nordicmart.andreevmaster.com\/sv\/wp-json\/wp\/v2\/product_brand?post=16014"},{"taxonomy":"product_cat","embeddable":true,"href":"https:\/\/nordicmart.andreevmaster.com\/sv\/wp-json\/wp\/v2\/product_cat?post=16014"},{"taxonomy":"product_tag","embeddable":true,"href":"https:\/\/nordicmart.andreevmaster.com\/sv\/wp-json\/wp\/v2\/product_tag?post=16014"}],"curies":[{"name":"wp","href":"https:\/\/api.w.org\/{rel}","templated":true}]}}