{"id":16013,"date":"2026-02-27T00:28:44","date_gmt":"2026-02-27T00:28:44","guid":{"rendered":"https:\/\/nordicmart.andreevmaster.com\/product\/songmics-justerbar-vagghylla-i-tralook\/"},"modified":"2026-02-27T08:19:34","modified_gmt":"2026-02-27T08:19:34","slug":"songmics-justerbar-vagghylla-i-tralook","status":"publish","type":"product","link":"https:\/\/nordicmart.andreevmaster.com\/sv\/produkt\/songmics-justerbar-vagghylla-i-tralook\/","title":{"rendered":"SONGMICS Justerbar v\u00e4gghylla i tr\u00e4look"},"content":{"rendered":"<p>Spara mer plats  Skapa mer utrymme i dina rum genom att f\u00f6rvandla outnyttjade v\u00e4ggytor till funktionella f\u00f6rvaringsutrymmen med denna rustika h\u00f6rnhylla i massivt tr\u00e4 och metall. Med sina br\u00e4nda tr\u00e4hyllor och pulverlackerade metallram passar denna hylla fr\u00e5n SONGMICS perfekt i varje h\u00f6rn av ditt sovrum, studio, vardagsrum eller k\u00f6k. M\u00e5ngsidighet \u00e4r ett m\u00e5ste Om du placerar hyllorna j\u00e4mnt \u00f6ver varandra blir avst\u00e5ndet mellan de enskilda hyllorna 20 cm. En idealisk h\u00f6jd f\u00f6r att st\u00e4lla upp fotoramar eller sm\u00e5 dekorationsf\u00f6rem\u00e5l. Om du d\u00e4remot placerar hyllorna i motsatt riktning skapas mycket utrymme upp\u00e5t, s\u00e5 att du \u00e4ven kan placera st\u00f6rre f\u00f6rem\u00e5l p\u00e5 hyllorna. Varje hylla t\u00e5l upp till 5 kg av dina favoritdekorationer (det \u00e4r ungef\u00e4r vikten av en medelstor huskatt). Spara tid vid monteringen SONGMICS h\u00f6rnhyllor levereras med detaljerade instruktioner, tr\u00e4skivor med f\u00f6rborrade h\u00e5l och 10 skruvar, vilket g\u00f6r monteringen enkel. Produktdetaljer: &#8211; F\u00e4rg: Svart ram &#038; flammade br\u00e4dor &#8211; Material: J\u00e4rnram, furu &#8211; Produktstorlek: 26 x 13 x 42,5 cm (B x D x H) &#8211; Avst\u00e5nd mellan de enskilda hyllorna: 20 cm &#8211; Vikt: 1,4 kg &#8211; Max. belastningskapacitet f\u00f6r varje hylla: 5 kg (15 kg totalt) Leveransomf\u00e5ng: &#8211; 2 x metallram &#8211; 3 x tr\u00e4skiva &#8211; 1 x tillbeh\u00f6rsp\u00e5se SONGMICS Anm\u00e4rkningar: &#8211; Ej l\u00e4mplig f\u00f6r anv\u00e4ndning i badrum. &#8211; H\u00e5ll produkten borta fr\u00e5n vatten vid anv\u00e4ndning i k\u00f6ket.<\/p>\n","protected":false},"excerpt":{"rendered":"<p>SONGMICS V\u00e4ggh\u00f6rnhylla med 3 niv\u00e5er, v\u00e4gghylla, av massivt tr\u00e4 och metall, rustik och flammad yta, f\u00f6r sovrum, vardagsrum, kontor, k\u00f6k, LSN04CB<\/p>\n","protected":false},"featured_media":43746,"comment_status":"open","ping_status":"closed","template":"","meta":[],"product_brand":[],"product_cat":[33],"product_tag":[],"class_list":{"0":"post-16013","1":"product","2":"type-product","3":"status-publish","4":"has-post-thumbnail","6":"product_cat-okategoriserad","8":"first","9":"instock","10":"shipping-taxable","11":"purchasable","12":"product-type-simple"},"_links":{"self":[{"href":"https:\/\/nordicmart.andreevmaster.com\/sv\/wp-json\/wp\/v2\/product\/16013","targetHints":{"allow":["GET"]}}],"collection":[{"href":"https:\/\/nordicmart.andreevmaster.com\/sv\/wp-json\/wp\/v2\/product"}],"about":[{"href":"https:\/\/nordicmart.andreevmaster.com\/sv\/wp-json\/wp\/v2\/types\/product"}],"replies":[{"embeddable":true,"href":"https:\/\/nordicmart.andreevmaster.com\/sv\/wp-json\/wp\/v2\/comments?post=16013"}],"wp:featuredmedia":[{"embeddable":true,"href":"https:\/\/nordicmart.andreevmaster.com\/sv\/wp-json\/wp\/v2\/media\/43746"}],"wp:attachment":[{"href":"https:\/\/nordicmart.andreevmaster.com\/sv\/wp-json\/wp\/v2\/media?parent=16013"}],"wp:term":[{"taxonomy":"product_brand","embeddable":true,"href":"https:\/\/nordicmart.andreevmaster.com\/sv\/wp-json\/wp\/v2\/product_brand?post=16013"},{"taxonomy":"product_cat","embeddable":true,"href":"https:\/\/nordicmart.andreevmaster.com\/sv\/wp-json\/wp\/v2\/product_cat?post=16013"},{"taxonomy":"product_tag","embeddable":true,"href":"https:\/\/nordicmart.andreevmaster.com\/sv\/wp-json\/wp\/v2\/product_tag?post=16013"}],"curies":[{"name":"wp","href":"https:\/\/api.w.org\/{rel}","templated":true}]}}