{"id":16011,"date":"2026-02-27T00:28:44","date_gmt":"2026-02-27T00:28:44","guid":{"rendered":"https:\/\/nordicmart.andreevmaster.com\/product\/songmics-snirklat-vaxtstall-svart\/"},"modified":"2026-02-27T08:19:34","modified_gmt":"2026-02-27T08:19:34","slug":"songmics-snirklat-vaxtstall-svart","status":"publish","type":"product","link":"https:\/\/nordicmart.andreevmaster.com\/sv\/produkt\/songmics-snirklat-vaxtstall-svart\/","title":{"rendered":"SONGMICS Snirklat v\u00e4xtst\u00e4ll svart"},"content":{"rendered":"<p>V\u00e4gghyllan fr\u00e5n Songmics imponerar med sin nostalgiska charm. Med exklusiva rankdekorationer \u00e4r den ett absolut blickf\u00e5ng! Denna handgjorda v\u00e4gghylla \u00e4r tillverkad av stabilt j\u00e4rn med pulverlackerad yta, robust och stabil. Med 3 uppf\u00e4llbara hyllplan \u00e4r den en idealisk l\u00f6sning f\u00f6r att h\u00e5lla ordning och f\u00f6rvara dina saker. Varje hyllplan vilar p\u00e5 tv\u00e5 krokar som \u00e4r svetsade p\u00e5 v\u00e4nster och h\u00f6ger sida, s\u00e5 att allt st\u00e5r s\u00e4kert. Med rankor som kan fungera som sidopaneler f\u00f6rhindras att f\u00f6rem\u00e5l faller ner. Den kan b\u00e5de st\u00e5 p\u00e5 ett bord eller h\u00e4ngas p\u00e5 v\u00e4ggen med hj\u00e4lp av tv\u00e5 skruvar. N\u00e4r den inte anv\u00e4nds \u00e4r den l\u00e4tt att f\u00e4lla ihop och f\u00f6rvara p\u00e5 ett utrymmesbesparande s\u00e4tt. Produktdetaljer:  &#8211; Material: j\u00e4rn &#8211; F\u00e4rg: svart &#8211; Produktm\u00e5tt: 50 x 78 x 25 cm (B x H x D) &#8211; Avst\u00e5nd fr\u00e5n den nedersta hyllan till den mellersta hyllan: 25 cm &#8211; Avst\u00e5nd fr\u00e5n den mellersta hyllan till den \u00f6versta hyllan: 21 cm Leveransomfattning:  &#8211; 1 x v\u00e4gghylla<\/p>\n","protected":false},"excerpt":{"rendered":"<p>SONGMICS hopf\u00e4llbart badrumshyllor, skohyllor, v\u00e4gghyllor, bokhyllor, blomst\u00e4llningar, hyllor i lantlig stil LSN03B<\/p>\n","protected":false},"featured_media":43744,"comment_status":"open","ping_status":"closed","template":"","meta":[],"product_brand":[],"product_cat":[33],"product_tag":[],"class_list":{"0":"post-16011","1":"product","2":"type-product","3":"status-publish","4":"has-post-thumbnail","6":"product_cat-okategoriserad","8":"first","9":"instock","10":"shipping-taxable","11":"purchasable","12":"product-type-simple"},"_links":{"self":[{"href":"https:\/\/nordicmart.andreevmaster.com\/sv\/wp-json\/wp\/v2\/product\/16011","targetHints":{"allow":["GET"]}}],"collection":[{"href":"https:\/\/nordicmart.andreevmaster.com\/sv\/wp-json\/wp\/v2\/product"}],"about":[{"href":"https:\/\/nordicmart.andreevmaster.com\/sv\/wp-json\/wp\/v2\/types\/product"}],"replies":[{"embeddable":true,"href":"https:\/\/nordicmart.andreevmaster.com\/sv\/wp-json\/wp\/v2\/comments?post=16011"}],"wp:featuredmedia":[{"embeddable":true,"href":"https:\/\/nordicmart.andreevmaster.com\/sv\/wp-json\/wp\/v2\/media\/43744"}],"wp:attachment":[{"href":"https:\/\/nordicmart.andreevmaster.com\/sv\/wp-json\/wp\/v2\/media?parent=16011"}],"wp:term":[{"taxonomy":"product_brand","embeddable":true,"href":"https:\/\/nordicmart.andreevmaster.com\/sv\/wp-json\/wp\/v2\/product_brand?post=16011"},{"taxonomy":"product_cat","embeddable":true,"href":"https:\/\/nordicmart.andreevmaster.com\/sv\/wp-json\/wp\/v2\/product_cat?post=16011"},{"taxonomy":"product_tag","embeddable":true,"href":"https:\/\/nordicmart.andreevmaster.com\/sv\/wp-json\/wp\/v2\/product_tag?post=16011"}],"curies":[{"name":"wp","href":"https:\/\/api.w.org\/{rel}","templated":true}]}}