{"id":16009,"date":"2026-02-27T00:28:43","date_gmt":"2026-02-27T00:28:43","guid":{"rendered":"https:\/\/nordicmart.andreevmaster.com\/product\/songmics-skostall-4-gallerhyllor-gra\/"},"modified":"2026-02-27T08:19:34","modified_gmt":"2026-02-27T08:19:34","slug":"songmics-skostall-4-gallerhyllor-gra","status":"publish","type":"product","link":"https:\/\/nordicmart.andreevmaster.com\/sv\/produkt\/songmics-skostall-4-gallerhyllor-gra\/","title":{"rendered":"SONGMICS skost\u00e4ll 4 gallerhyllor gr\u00e5"},"content":{"rendered":"<p>Om du har en liten budget f\u00f6r ett passande m\u00f6bel f\u00f6r skof\u00f6rvaring \u00e4r detta enkla men \u00e4nd\u00e5 funktionella skost\u00e4ll som gjort f\u00f6r dig. De 4 hyllorna \u00e4r mer \u00e4n tillr\u00e4ckliga f\u00f6r att f\u00f6rvara dina skor och gl\u00f6m inte att du ocks\u00e5 kan st\u00e4lla detta skost\u00e4ll upp och ner f\u00f6r att skapa mer f\u00f6rvaringsutrymme. Vill du f\u00f6rvara dina st\u00f6vlar? Inga problem! Denna skoorganiserare \u00e4r enkel att montera och justera. Du kan l\u00e4mna bort en eller tv\u00e5 hyllplan vid monteringen s\u00e5 att det blir plats f\u00f6r dina nya st\u00f6vlar! Var ska du placera denna skoorganiserare? I hallen \u2013 f\u00f6r mer komfort I vardagsrummet \u2013 f\u00f6r mer ordning I kl\u00e4dkammaren \u2013 f\u00f6r mer f\u00f6rvaringsutrymme Produktdetaljer: F\u00e4rg: Gr\u00e5 Material: Metallr\u00f6r, metallgallerplatta, plastkoppling M\u00e5tt: 91,5 x 28,5 x 76 cm (L x B x H) Avst\u00e5nd mellan hyllorna: 20 cm Vikt: 2,8 kg Max. belastningskapacitet per hylla: 5 kg Max. belastningskapacitet f\u00f6r hela hyllan: 20 kg Leveransomfattning: 1 x skohylla 1 x instruktioner (DE, EN, FR, ES, IT) SONGMICS Anm\u00e4rkningar:Den max. belastningskapacitet som anges i texten avser den statiska maxvikten.<\/p>\n","protected":false},"excerpt":{"rendered":"<p>SONGMICS skohylla med 4 niv\u00e5er, skof\u00f6rvaring i metall, f\u00f6r upp till 20 par skor, skoorganiserare f\u00f6r vardagsrum, hall och kl\u00e4dkammare, 91,5 x 28,5 x 76 cm, svart LSM04BK<\/p>\n","protected":false},"featured_media":43742,"comment_status":"open","ping_status":"closed","template":"","meta":[],"product_brand":[],"product_cat":[33],"product_tag":[],"class_list":{"0":"post-16009","1":"product","2":"type-product","3":"status-publish","4":"has-post-thumbnail","6":"product_cat-okategoriserad","8":"first","9":"instock","10":"shipping-taxable","11":"purchasable","12":"product-type-simple"},"_links":{"self":[{"href":"https:\/\/nordicmart.andreevmaster.com\/sv\/wp-json\/wp\/v2\/product\/16009","targetHints":{"allow":["GET"]}}],"collection":[{"href":"https:\/\/nordicmart.andreevmaster.com\/sv\/wp-json\/wp\/v2\/product"}],"about":[{"href":"https:\/\/nordicmart.andreevmaster.com\/sv\/wp-json\/wp\/v2\/types\/product"}],"replies":[{"embeddable":true,"href":"https:\/\/nordicmart.andreevmaster.com\/sv\/wp-json\/wp\/v2\/comments?post=16009"}],"wp:featuredmedia":[{"embeddable":true,"href":"https:\/\/nordicmart.andreevmaster.com\/sv\/wp-json\/wp\/v2\/media\/43742"}],"wp:attachment":[{"href":"https:\/\/nordicmart.andreevmaster.com\/sv\/wp-json\/wp\/v2\/media?parent=16009"}],"wp:term":[{"taxonomy":"product_brand","embeddable":true,"href":"https:\/\/nordicmart.andreevmaster.com\/sv\/wp-json\/wp\/v2\/product_brand?post=16009"},{"taxonomy":"product_cat","embeddable":true,"href":"https:\/\/nordicmart.andreevmaster.com\/sv\/wp-json\/wp\/v2\/product_cat?post=16009"},{"taxonomy":"product_tag","embeddable":true,"href":"https:\/\/nordicmart.andreevmaster.com\/sv\/wp-json\/wp\/v2\/product_tag?post=16009"}],"curies":[{"name":"wp","href":"https:\/\/api.w.org\/{rel}","templated":true}]}}