{"id":16005,"date":"2026-02-27T00:28:42","date_gmt":"2026-02-27T00:28:42","guid":{"rendered":"https:\/\/nordicmart.andreevmaster.com\/product\/songmics-skostall-10-nivaer-skoforvaring\/"},"modified":"2026-02-27T08:19:33","modified_gmt":"2026-02-27T08:19:33","slug":"songmics-skostall-10-nivaer-skoforvaring","status":"publish","type":"product","link":"https:\/\/nordicmart.andreevmaster.com\/sv\/produkt\/songmics-skostall-10-nivaer-skoforvaring\/","title":{"rendered":"SONGMICS skost\u00e4ll, 10 niv\u00e5er, skof\u00f6rvaring"},"content":{"rendered":"<p>Letar du efter en l\u00f6sning f\u00f6r att f\u00f6rvara hela familjens skor? Irriterar det dig att din skokollektion alltid hamnar i kaos? Denna f\u00f6rvaringshylla med 10 niv\u00e5er kommer till din unds\u00e4ttning!H\u00f6jdpunkterna med denna skohylla i korthet: &#8211; Best\u00e5r av robusta metallr\u00f6r och slitstarka hyllor av non-woven-tyg och kommer att h\u00e5lla l\u00e4nge. &#8211; Tar liten plats tack vare sin smala form, men erbjuder \u00e4nd\u00e5 tillr\u00e4ckligt med f\u00f6rvaringsutrymme f\u00f6r din skokollektion. &#8211; Kan enkelt delas upp i tv\u00e5 sm\u00e5 hyllor och anv\u00e4ndas separat i olika rum.- Du kan l\u00e4mna bort en hylla vid monteringen f\u00f6r att skapa plats f\u00f6r dina nya st\u00f6vlar. &#8211; L\u00e4tt att montera tack vare den tydliga monteringsanvisningen och de tydligt m\u00e4rkta delarna. &#8211; Passar perfekt i olika rum, t.ex. i hallen, vardagsrummet, sovrummet eller kl\u00e4dkammaren. Produktdetaljer:- F\u00e4rg: Svart &#8211; Material: Hyllor av non-woven-tyg, metallr\u00f6r, plastkopplingar &#8211; Storlek: 45 x 28 x 173 cm (L x B x H) &#8211; Avst\u00e5nd mellan hyllorna: 17 cm &#8211; Vikt: 1,6 kg &#8211; Max. statisk belastningskapacitet per hylla: 5 kg Leveransomfattning:- 1 x skohylla &#8211; 1 x tillbeh\u00f6rspaket &#8211; 2 x tippskydd &#8211; 1 x bruksanvisning SONGMICS Anm\u00e4rkningar: &#8211; Av s\u00e4kerhetssk\u00e4l \u00e4r det f\u00f6rbjudet f\u00f6r barn att kl\u00e4ttra p\u00e5 eller leka med produkten. &#8211; F\u00e4st denna produkt p\u00e5 v\u00e4ggen med det medf\u00f6ljande tippskyddet f\u00f6r att garantera s\u00e4ker anv\u00e4ndning.<\/p>\n","protected":false},"excerpt":{"rendered":"<p>SONGMICS skost\u00e4ll, skof\u00f6rvaring, 10 niv\u00e5er, \u00f6ppen skosk\u00e5p, skof\u00f6rvaring, smal, 45 x 28 x 173 cm, metallstativ, hyllor av non-woven-tyg, f\u00f6r hall, sovrum, svart LSH010B02<\/p>\n","protected":false},"featured_media":43738,"comment_status":"open","ping_status":"closed","template":"","meta":[],"product_brand":[],"product_cat":[33],"product_tag":[],"class_list":{"0":"post-16005","1":"product","2":"type-product","3":"status-publish","4":"has-post-thumbnail","6":"product_cat-okategoriserad","8":"first","9":"instock","10":"shipping-taxable","11":"purchasable","12":"product-type-simple"},"_links":{"self":[{"href":"https:\/\/nordicmart.andreevmaster.com\/sv\/wp-json\/wp\/v2\/product\/16005","targetHints":{"allow":["GET"]}}],"collection":[{"href":"https:\/\/nordicmart.andreevmaster.com\/sv\/wp-json\/wp\/v2\/product"}],"about":[{"href":"https:\/\/nordicmart.andreevmaster.com\/sv\/wp-json\/wp\/v2\/types\/product"}],"replies":[{"embeddable":true,"href":"https:\/\/nordicmart.andreevmaster.com\/sv\/wp-json\/wp\/v2\/comments?post=16005"}],"wp:featuredmedia":[{"embeddable":true,"href":"https:\/\/nordicmart.andreevmaster.com\/sv\/wp-json\/wp\/v2\/media\/43738"}],"wp:attachment":[{"href":"https:\/\/nordicmart.andreevmaster.com\/sv\/wp-json\/wp\/v2\/media?parent=16005"}],"wp:term":[{"taxonomy":"product_brand","embeddable":true,"href":"https:\/\/nordicmart.andreevmaster.com\/sv\/wp-json\/wp\/v2\/product_brand?post=16005"},{"taxonomy":"product_cat","embeddable":true,"href":"https:\/\/nordicmart.andreevmaster.com\/sv\/wp-json\/wp\/v2\/product_cat?post=16005"},{"taxonomy":"product_tag","embeddable":true,"href":"https:\/\/nordicmart.andreevmaster.com\/sv\/wp-json\/wp\/v2\/product_tag?post=16005"}],"curies":[{"name":"wp","href":"https:\/\/api.w.org\/{rel}","templated":true}]}}