{"id":16002,"date":"2026-02-27T00:28:42","date_gmt":"2026-02-27T00:28:42","guid":{"rendered":"https:\/\/nordicmart.andreevmaster.com\/product\/songmics-skostall-med-5-hyllplan-av-non-woven-tyg\/"},"modified":"2026-02-27T08:19:32","modified_gmt":"2026-02-27T08:19:32","slug":"songmics-skostall-med-5-hyllplan-av-non-woven-tyg","status":"publish","type":"product","link":"https:\/\/nordicmart.andreevmaster.com\/sv\/produkt\/songmics-skostall-med-5-hyllplan-av-non-woven-tyg\/","title":{"rendered":"SONGMICS skost\u00e4ll med 5 hyllplan av non-woven-tyg"},"content":{"rendered":"<p>Produktdetaljer: F\u00e4rg: Svart Material: Metallr\u00f6r, non-woven-tyg, plastkoppling Storlek: 45 x 28 x 89 cm (L x B x H) Avst\u00e5nd mellan hyllorna: 17 cm Vikt: 0,7 kg Max. statisk belastningskapacitet per hylla: 5 kg Leveransomfattning: 1 x skohylla med 5 niv\u00e5er 1 x tillbeh\u00f6rspaket 2 x tippskydd 1 x bruksanvisning SONGMICS Anm\u00e4rkningar:Av s\u00e4kerhetssk\u00e4l \u00e4r det f\u00f6rbjudet f\u00f6r barn att kl\u00e4ttra p\u00e5 eller leka med produkten. F\u00e4st denna produkt p\u00e5 v\u00e4ggen med det medf\u00f6ljande tippskyddet f\u00f6r att garantera s\u00e4ker anv\u00e4ndning.<\/p>\n","protected":false},"excerpt":{"rendered":"<p>SONGMICS skost\u00e4ll, skohylla, 5 niv\u00e5er, \u00f6ppen skosk\u00e5p, skof\u00f6rvaring, smal, 45 x 28 x 89 cm, metallstativ, hyllor av non-woven-tyg, f\u00f6r hall, sovrum, svart LSH005B02<\/p>\n","protected":false},"featured_media":43735,"comment_status":"open","ping_status":"closed","template":"","meta":[],"product_brand":[],"product_cat":[33],"product_tag":[],"class_list":{"0":"post-16002","1":"product","2":"type-product","3":"status-publish","4":"has-post-thumbnail","6":"product_cat-okategoriserad","8":"first","9":"instock","10":"shipping-taxable","11":"purchasable","12":"product-type-simple"},"_links":{"self":[{"href":"https:\/\/nordicmart.andreevmaster.com\/sv\/wp-json\/wp\/v2\/product\/16002","targetHints":{"allow":["GET"]}}],"collection":[{"href":"https:\/\/nordicmart.andreevmaster.com\/sv\/wp-json\/wp\/v2\/product"}],"about":[{"href":"https:\/\/nordicmart.andreevmaster.com\/sv\/wp-json\/wp\/v2\/types\/product"}],"replies":[{"embeddable":true,"href":"https:\/\/nordicmart.andreevmaster.com\/sv\/wp-json\/wp\/v2\/comments?post=16002"}],"wp:featuredmedia":[{"embeddable":true,"href":"https:\/\/nordicmart.andreevmaster.com\/sv\/wp-json\/wp\/v2\/media\/43735"}],"wp:attachment":[{"href":"https:\/\/nordicmart.andreevmaster.com\/sv\/wp-json\/wp\/v2\/media?parent=16002"}],"wp:term":[{"taxonomy":"product_brand","embeddable":true,"href":"https:\/\/nordicmart.andreevmaster.com\/sv\/wp-json\/wp\/v2\/product_brand?post=16002"},{"taxonomy":"product_cat","embeddable":true,"href":"https:\/\/nordicmart.andreevmaster.com\/sv\/wp-json\/wp\/v2\/product_cat?post=16002"},{"taxonomy":"product_tag","embeddable":true,"href":"https:\/\/nordicmart.andreevmaster.com\/sv\/wp-json\/wp\/v2\/product_tag?post=16002"}],"curies":[{"name":"wp","href":"https:\/\/api.w.org\/{rel}","templated":true}]}}