{"id":15983,"date":"2026-02-27T00:28:37","date_gmt":"2026-02-27T00:28:37","guid":{"rendered":"https:\/\/nordicmart.andreevmaster.com\/product\/songmics-sittbank-med-forvaringsutrymme-i-sammet-38-x-76-x-38-cm-hopfallbar-sittkista\/"},"modified":"2026-02-27T08:19:28","modified_gmt":"2026-02-27T08:19:28","slug":"songmics-sittbank-med-forvaringsutrymme-i-sammet-38-x-76-x-38-cm-hopfallbar-sittkista","status":"publish","type":"product","link":"https:\/\/nordicmart.andreevmaster.com\/sv\/produkt\/songmics-sittbank-med-forvaringsutrymme-i-sammet-38-x-76-x-38-cm-hopfallbar-sittkista\/","title":{"rendered":"SONGMICS sittb\u00e4nk med f\u00f6rvaringsutrymme i sammet, 38 x 76 x 38 cm, hopf\u00e4llbar sittkista"},"content":{"rendered":"<p>Sittpall med f\u00f6rvaringsutrymme, b\u00e4nk, 38 x 110 x 38 cm, hopf\u00e4llbar, fotpall, belastningskapacitet upp till 300 kg, f\u00f6r vardagsrum, sovrum, hall, skiffergr\u00e5<br \/>\nSpecifikationer:<br \/>\n&#8211; M\u00e5tt: 38 x 76 x 38 cm (D x B x H)<br \/>\n&#8211; Vikt: 5,6 kg<br \/>\n&#8211; Max. statisk b\u00e4rf\u00f6rm\u00e5ga: 300 kg<br \/>\n&#8211; Kapacitet: 89 liter<br \/>\n&#8211; Material: MDF (medeldensitetsfiberplatta), sammet, skumplast<br \/>\n&#8211; F\u00e4rg: svart<\/p>\n","protected":false},"excerpt":{"rendered":"<p>Sittpall med f\u00f6rvaringsutrymme, b\u00e4nk, 38 x 110 x 38 cm, hopf\u00e4llbar, fotpall, belastningskapacitet upp till 300 kg, f\u00f6r vardagsrum, sovrum, hall, skiffergr\u00e5<\/p>\n","protected":false},"featured_media":43718,"comment_status":"open","ping_status":"closed","template":"","meta":[],"product_brand":[],"product_cat":[33],"product_tag":[],"class_list":{"0":"post-15983","1":"product","2":"type-product","3":"status-publish","4":"has-post-thumbnail","6":"product_cat-okategoriserad","8":"first","9":"instock","10":"shipping-taxable","11":"purchasable","12":"product-type-simple"},"_links":{"self":[{"href":"https:\/\/nordicmart.andreevmaster.com\/sv\/wp-json\/wp\/v2\/product\/15983","targetHints":{"allow":["GET"]}}],"collection":[{"href":"https:\/\/nordicmart.andreevmaster.com\/sv\/wp-json\/wp\/v2\/product"}],"about":[{"href":"https:\/\/nordicmart.andreevmaster.com\/sv\/wp-json\/wp\/v2\/types\/product"}],"replies":[{"embeddable":true,"href":"https:\/\/nordicmart.andreevmaster.com\/sv\/wp-json\/wp\/v2\/comments?post=15983"}],"wp:featuredmedia":[{"embeddable":true,"href":"https:\/\/nordicmart.andreevmaster.com\/sv\/wp-json\/wp\/v2\/media\/43718"}],"wp:attachment":[{"href":"https:\/\/nordicmart.andreevmaster.com\/sv\/wp-json\/wp\/v2\/media?parent=15983"}],"wp:term":[{"taxonomy":"product_brand","embeddable":true,"href":"https:\/\/nordicmart.andreevmaster.com\/sv\/wp-json\/wp\/v2\/product_brand?post=15983"},{"taxonomy":"product_cat","embeddable":true,"href":"https:\/\/nordicmart.andreevmaster.com\/sv\/wp-json\/wp\/v2\/product_cat?post=15983"},{"taxonomy":"product_tag","embeddable":true,"href":"https:\/\/nordicmart.andreevmaster.com\/sv\/wp-json\/wp\/v2\/product_tag?post=15983"}],"curies":[{"name":"wp","href":"https:\/\/api.w.org\/{rel}","templated":true}]}}