{"id":15974,"date":"2026-02-27T00:28:34","date_gmt":"2026-02-27T00:28:34","guid":{"rendered":"https:\/\/nordicmart.andreevmaster.com\/product\/songmics-bank-med-forvaringsutrymme-i-sammet-hopfallbar-sittpall-forvaringsbox-med-lock\/"},"modified":"2026-02-27T08:19:26","modified_gmt":"2026-02-27T08:19:26","slug":"songmics-bank-med-forvaringsutrymme-i-sammet-hopfallbar-sittpall-forvaringsbox-med-lock","status":"publish","type":"product","link":"https:\/\/nordicmart.andreevmaster.com\/sv\/produkt\/songmics-bank-med-forvaringsutrymme-i-sammet-hopfallbar-sittpall-forvaringsbox-med-lock\/","title":{"rendered":"SONGMICS b\u00e4nk med f\u00f6rvaringsutrymme i sammet, hopf\u00e4llbar sittpall, f\u00f6rvaringsbox med lock"},"content":{"rendered":"<p>Sittpall med f\u00f6rvaringsutrymme, liten fotpall, b\u00e4nk, 38 x 38 x 38 cm, belastningskapacitet upp till 300 kg, f\u00f6r vardagsrum, sovrum, sovsal, duvgr\u00e5<br \/>\nProduktdetaljer:<br \/>\n&#8211; F\u00e4rg: bl\u00e4ck svart<br \/>\n&#8211; Material: MDF (medeldensitetsfiberplatta), sammet, skumplast<br \/>\n&#8211; Storlek: 31 x 41 x 31 cm (D x B x H)<br \/>\n&#8211; Vikt: 2,1 kg<br \/>\n&#8211; Max. statisk belastningskapacitet: 130 kg<br \/>\n&#8211; Kapacitet: 32 liter<\/p>\n<p>Leveransomfattning:<br \/>\n&#8211; 1 x sittkista<\/p>\n<p>Anvisningar:<br \/>\n&#8211; T\u00e4ck b\u00e4nken helt med locket innan du s\u00e4tter dig p\u00e5 den.<br \/>\n&#8211; L\u00e4gg inte f\u00f6r stora f\u00f6rem\u00e5l i sittkistan.<\/p>\n","protected":false},"excerpt":{"rendered":"<p>Sittpall med f\u00f6rvaringsutrymme, liten fotpall, b\u00e4nk, 38 x 38 x 38 cm, belastningskapacitet upp till 300 kg, f\u00f6r vardagsrum, sovrum, sovsal, duvgr\u00e5<\/p>\n","protected":false},"featured_media":43710,"comment_status":"open","ping_status":"closed","template":"","meta":[],"product_brand":[],"product_cat":[33],"product_tag":[],"class_list":{"0":"post-15974","1":"product","2":"type-product","3":"status-publish","4":"has-post-thumbnail","6":"product_cat-okategoriserad","8":"first","9":"instock","10":"shipping-taxable","11":"purchasable","12":"product-type-simple"},"_links":{"self":[{"href":"https:\/\/nordicmart.andreevmaster.com\/sv\/wp-json\/wp\/v2\/product\/15974","targetHints":{"allow":["GET"]}}],"collection":[{"href":"https:\/\/nordicmart.andreevmaster.com\/sv\/wp-json\/wp\/v2\/product"}],"about":[{"href":"https:\/\/nordicmart.andreevmaster.com\/sv\/wp-json\/wp\/v2\/types\/product"}],"replies":[{"embeddable":true,"href":"https:\/\/nordicmart.andreevmaster.com\/sv\/wp-json\/wp\/v2\/comments?post=15974"}],"wp:featuredmedia":[{"embeddable":true,"href":"https:\/\/nordicmart.andreevmaster.com\/sv\/wp-json\/wp\/v2\/media\/43710"}],"wp:attachment":[{"href":"https:\/\/nordicmart.andreevmaster.com\/sv\/wp-json\/wp\/v2\/media?parent=15974"}],"wp:term":[{"taxonomy":"product_brand","embeddable":true,"href":"https:\/\/nordicmart.andreevmaster.com\/sv\/wp-json\/wp\/v2\/product_brand?post=15974"},{"taxonomy":"product_cat","embeddable":true,"href":"https:\/\/nordicmart.andreevmaster.com\/sv\/wp-json\/wp\/v2\/product_cat?post=15974"},{"taxonomy":"product_tag","embeddable":true,"href":"https:\/\/nordicmart.andreevmaster.com\/sv\/wp-json\/wp\/v2\/product_tag?post=15974"}],"curies":[{"name":"wp","href":"https:\/\/api.w.org\/{rel}","templated":true}]}}