{"id":15965,"date":"2026-02-27T00:28:32","date_gmt":"2026-02-27T00:28:32","guid":{"rendered":"https:\/\/nordicmart.andreevmaster.com\/product\/songmics-bank-med-forvaringsutrymme-38-x-110-x-38-cm-forvaringsbank\/"},"modified":"2026-02-27T08:19:24","modified_gmt":"2026-02-27T08:19:24","slug":"songmics-bank-med-forvaringsutrymme-38-x-110-x-38-cm-forvaringsbank","status":"publish","type":"product","link":"https:\/\/nordicmart.andreevmaster.com\/sv\/produkt\/songmics-bank-med-forvaringsutrymme-38-x-110-x-38-cm-forvaringsbank\/","title":{"rendered":"SONGMICS b\u00e4nk med f\u00f6rvaringsutrymme, 38 x 110 x 38 cm, f\u00f6rvaringsb\u00e4nk"},"content":{"rendered":"<p>Sittpall, b\u00e4nk med f\u00f6rvaringsutrymme, 31 x 41 cm, belastningskapacitet upp till 130 kg, hopf\u00e4llbar f\u00f6rvaringsbox, fotpall, ljusgr\u00e5<br \/>\n&#8211; F\u00e4rg: kamelbrun<br \/>\n&#8211; Material: MDF (medeldensitetsfiberplatta), tyg i linneoptik, 25D h\u00f6gelastiskt skum<br \/>\n&#8211; Storlek: 38 x 110 x 38 cm (D x B x H)<br \/>\n&#8211; Vikt: 8,8 kg<br \/>\n&#8211; Max. statisk belastningskapacitet: 300 kg<br \/>\n&#8211; Kapacitet: 131 liter<\/p>\n","protected":false},"excerpt":{"rendered":"<p>Sittpall, b\u00e4nk med f\u00f6rvaringsutrymme, 31 x 41 cm, belastningskapacitet upp till 130 kg, hopf\u00e4llbar f\u00f6rvaringsbox, fotpall, ljusgr\u00e5<\/p>\n","protected":false},"featured_media":43701,"comment_status":"open","ping_status":"closed","template":"","meta":[],"product_brand":[],"product_cat":[33],"product_tag":[],"class_list":{"0":"post-15965","1":"product","2":"type-product","3":"status-publish","4":"has-post-thumbnail","6":"product_cat-okategoriserad","8":"first","9":"instock","10":"shipping-taxable","11":"purchasable","12":"product-type-simple"},"_links":{"self":[{"href":"https:\/\/nordicmart.andreevmaster.com\/sv\/wp-json\/wp\/v2\/product\/15965","targetHints":{"allow":["GET"]}}],"collection":[{"href":"https:\/\/nordicmart.andreevmaster.com\/sv\/wp-json\/wp\/v2\/product"}],"about":[{"href":"https:\/\/nordicmart.andreevmaster.com\/sv\/wp-json\/wp\/v2\/types\/product"}],"replies":[{"embeddable":true,"href":"https:\/\/nordicmart.andreevmaster.com\/sv\/wp-json\/wp\/v2\/comments?post=15965"}],"wp:featuredmedia":[{"embeddable":true,"href":"https:\/\/nordicmart.andreevmaster.com\/sv\/wp-json\/wp\/v2\/media\/43701"}],"wp:attachment":[{"href":"https:\/\/nordicmart.andreevmaster.com\/sv\/wp-json\/wp\/v2\/media?parent=15965"}],"wp:term":[{"taxonomy":"product_brand","embeddable":true,"href":"https:\/\/nordicmart.andreevmaster.com\/sv\/wp-json\/wp\/v2\/product_brand?post=15965"},{"taxonomy":"product_cat","embeddable":true,"href":"https:\/\/nordicmart.andreevmaster.com\/sv\/wp-json\/wp\/v2\/product_cat?post=15965"},{"taxonomy":"product_tag","embeddable":true,"href":"https:\/\/nordicmart.andreevmaster.com\/sv\/wp-json\/wp\/v2\/product_tag?post=15965"}],"curies":[{"name":"wp","href":"https:\/\/api.w.org\/{rel}","templated":true}]}}