{"id":15963,"date":"2026-02-27T00:28:31","date_gmt":"2026-02-27T00:28:31","guid":{"rendered":"https:\/\/nordicmart.andreevmaster.com\/product\/songmics-bank-med-forvaringsutrymme-hopfallbar-sittkista-forvaringskista\/"},"modified":"2026-02-27T08:19:24","modified_gmt":"2026-02-27T08:19:24","slug":"songmics-bank-med-forvaringsutrymme-hopfallbar-sittkista-forvaringskista","status":"publish","type":"product","link":"https:\/\/nordicmart.andreevmaster.com\/sv\/produkt\/songmics-bank-med-forvaringsutrymme-hopfallbar-sittkista-forvaringskista\/","title":{"rendered":"SONGMICS b\u00e4nk med f\u00f6rvaringsutrymme, hopf\u00e4llbar sittkista, f\u00f6rvaringskista"},"content":{"rendered":"<p>SONGMICS b\u00e4nk, hopf\u00e4llbar, f\u00f6rvaringsbox, 120 liters kapacitet, belastningskapacitet upp till 300 kg, 38 x 110 x 38 cm, kaffebrun LSF075K01<br \/>\n&#8211; F\u00e4rg: Ljusbrun<br \/>\n&#8211; Material: MDF (medeldensitetsfiberplatta), konstl\u00e4der, skumplaststoppning<br \/>\n&#8211; Storlek: 38 x 110 x 38 cm (D x B x H)<br \/>\n&#8211; Vikt: 8,8 kg<br \/>\n&#8211; Max. statisk belastningskapacitet: 300 kg<br \/>\n&#8211; Kapacitet: 120 liter<\/p>\n","protected":false},"excerpt":{"rendered":"<p>SONGMICS b\u00e4nk, hopf\u00e4llbar, f\u00f6rvaringsbox, 120 liters kapacitet, belastningskapacitet upp till 300 kg, 38 x 110 x 38 cm, kaffebrun LSF075K01<\/p>\n","protected":false},"featured_media":43699,"comment_status":"open","ping_status":"closed","template":"","meta":[],"product_brand":[],"product_cat":[33],"product_tag":[],"class_list":{"0":"post-15963","1":"product","2":"type-product","3":"status-publish","4":"has-post-thumbnail","6":"product_cat-okategoriserad","8":"first","9":"instock","10":"shipping-taxable","11":"purchasable","12":"product-type-simple"},"_links":{"self":[{"href":"https:\/\/nordicmart.andreevmaster.com\/sv\/wp-json\/wp\/v2\/product\/15963","targetHints":{"allow":["GET"]}}],"collection":[{"href":"https:\/\/nordicmart.andreevmaster.com\/sv\/wp-json\/wp\/v2\/product"}],"about":[{"href":"https:\/\/nordicmart.andreevmaster.com\/sv\/wp-json\/wp\/v2\/types\/product"}],"replies":[{"embeddable":true,"href":"https:\/\/nordicmart.andreevmaster.com\/sv\/wp-json\/wp\/v2\/comments?post=15963"}],"wp:featuredmedia":[{"embeddable":true,"href":"https:\/\/nordicmart.andreevmaster.com\/sv\/wp-json\/wp\/v2\/media\/43699"}],"wp:attachment":[{"href":"https:\/\/nordicmart.andreevmaster.com\/sv\/wp-json\/wp\/v2\/media?parent=15963"}],"wp:term":[{"taxonomy":"product_brand","embeddable":true,"href":"https:\/\/nordicmart.andreevmaster.com\/sv\/wp-json\/wp\/v2\/product_brand?post=15963"},{"taxonomy":"product_cat","embeddable":true,"href":"https:\/\/nordicmart.andreevmaster.com\/sv\/wp-json\/wp\/v2\/product_cat?post=15963"},{"taxonomy":"product_tag","embeddable":true,"href":"https:\/\/nordicmart.andreevmaster.com\/sv\/wp-json\/wp\/v2\/product_tag?post=15963"}],"curies":[{"name":"wp","href":"https:\/\/api.w.org\/{rel}","templated":true}]}}