{"id":15959,"date":"2026-02-27T00:28:30","date_gmt":"2026-02-27T00:28:30","guid":{"rendered":"https:\/\/nordicmart.andreevmaster.com\/product\/songmics-bank-med-forvaringsutrymme-hopfallbar-sittkista-forvaringsbox\/"},"modified":"2026-02-27T08:19:23","modified_gmt":"2026-02-27T08:19:23","slug":"songmics-bank-med-forvaringsutrymme-hopfallbar-sittkista-forvaringsbox","status":"publish","type":"product","link":"https:\/\/nordicmart.andreevmaster.com\/sv\/produkt\/songmics-bank-med-forvaringsutrymme-hopfallbar-sittkista-forvaringsbox\/","title":{"rendered":"SONGMICS b\u00e4nk med f\u00f6rvaringsutrymme, hopf\u00e4llbar sittkista, f\u00f6rvaringsbox"},"content":{"rendered":"<p>SONGMICS b\u00e4nk med f\u00f6rvaringsutrymme, hopf\u00e4llbar sittkista, f\u00f6rvaringsbox, 38 x 76 x 38 cm, hopf\u00e4llbart lock, belastningskapacitet upp till 300 kg, f\u00f6r hall, vardagsrum, sovrum<br \/>\nSpecifikationer:<br \/>\n&#8211; M\u00e5tt: 38 x 76 x 38 cm (D x B x H)<br \/>\n&#8211; Vikt: 6,1 kg<br \/>\n&#8211; Max. statisk b\u00e4rf\u00f6rm\u00e5ga: 300 kg<br \/>\n&#8211; Kapacitet: 89 liter<br \/>\n&#8211; Material: MDF (medeldensitetsfiberplatta), imiterat linne, skumplaststoppning<br \/>\n&#8211; F\u00e4rg: brun<\/p>\n","protected":false},"excerpt":{"rendered":"<p>SONGMICS b\u00e4nk med f\u00f6rvaringsutrymme, hopf\u00e4llbar sittkista, f\u00f6rvaringsbox, 38 x 76 x 38 cm, hopf\u00e4llbart lock, belastningskapacitet upp till 300 kg, f\u00f6r hall, vardagsrum, sovrum<\/p>\n","protected":false},"featured_media":43696,"comment_status":"open","ping_status":"closed","template":"","meta":[],"product_brand":[],"product_cat":[33],"product_tag":[],"class_list":{"0":"post-15959","1":"product","2":"type-product","3":"status-publish","4":"has-post-thumbnail","6":"product_cat-okategoriserad","8":"first","9":"instock","10":"shipping-taxable","11":"purchasable","12":"product-type-simple"},"_links":{"self":[{"href":"https:\/\/nordicmart.andreevmaster.com\/sv\/wp-json\/wp\/v2\/product\/15959","targetHints":{"allow":["GET"]}}],"collection":[{"href":"https:\/\/nordicmart.andreevmaster.com\/sv\/wp-json\/wp\/v2\/product"}],"about":[{"href":"https:\/\/nordicmart.andreevmaster.com\/sv\/wp-json\/wp\/v2\/types\/product"}],"replies":[{"embeddable":true,"href":"https:\/\/nordicmart.andreevmaster.com\/sv\/wp-json\/wp\/v2\/comments?post=15959"}],"wp:featuredmedia":[{"embeddable":true,"href":"https:\/\/nordicmart.andreevmaster.com\/sv\/wp-json\/wp\/v2\/media\/43696"}],"wp:attachment":[{"href":"https:\/\/nordicmart.andreevmaster.com\/sv\/wp-json\/wp\/v2\/media?parent=15959"}],"wp:term":[{"taxonomy":"product_brand","embeddable":true,"href":"https:\/\/nordicmart.andreevmaster.com\/sv\/wp-json\/wp\/v2\/product_brand?post=15959"},{"taxonomy":"product_cat","embeddable":true,"href":"https:\/\/nordicmart.andreevmaster.com\/sv\/wp-json\/wp\/v2\/product_cat?post=15959"},{"taxonomy":"product_tag","embeddable":true,"href":"https:\/\/nordicmart.andreevmaster.com\/sv\/wp-json\/wp\/v2\/product_tag?post=15959"}],"curies":[{"name":"wp","href":"https:\/\/api.w.org\/{rel}","templated":true}]}}