{"id":15955,"date":"2026-02-27T00:28:29","date_gmt":"2026-02-27T00:28:29","guid":{"rendered":"https:\/\/nordicmart.andreevmaster.com\/product\/songmics-kladskap-tygskap-med-overdrag-av-non-woven-tyg-med-kladstang\/"},"modified":"2026-02-27T08:19:22","modified_gmt":"2026-02-27T08:19:22","slug":"songmics-kladskap-tygskap-med-overdrag-av-non-woven-tyg-med-kladstang","status":"publish","type":"product","link":"https:\/\/nordicmart.andreevmaster.com\/sv\/produkt\/songmics-kladskap-tygskap-med-overdrag-av-non-woven-tyg-med-kladstang\/","title":{"rendered":"SONGMICS kl\u00e4dsk\u00e5p, tygsk\u00e5p, med \u00f6verdrag av non-woven-tyg, med kl\u00e4dst\u00e5ng"},"content":{"rendered":"<p>Produktdetaljer: &#8211; F\u00e4rg: Gr\u00e5 &#8211; Material: Non-woven-tyg, st\u00e5lr\u00f6r (\u00d8 15 mm) &#8211; Storlek: 150 x 175 x 45 cm (B x H x D) &#8211; F\u00f6rpackningsm\u00e5tt: 75 x 35,5 x 10,5 cm &#8211; Vikt: 6,5 kg Leveransomfattning: &#8211; 1 x hopf\u00e4llbart sk\u00e5p<\/p>\n","protected":false},"excerpt":{"rendered":"<p>SONGMICS kl\u00e4dsk\u00e5p, XXL viksk\u00e5p, tygsk\u00e5p med kl\u00e4dst\u00e5ng och 3 upprullningsbara d\u00f6rrar, camping sk\u00e5p, 175 x 150 x 45 cm, beige LSF03M<\/p>\n","protected":false},"featured_media":43692,"comment_status":"open","ping_status":"closed","template":"","meta":[],"product_brand":[],"product_cat":[33],"product_tag":[],"class_list":{"0":"post-15955","1":"product","2":"type-product","3":"status-publish","4":"has-post-thumbnail","6":"product_cat-okategoriserad","8":"first","9":"instock","10":"shipping-taxable","11":"purchasable","12":"product-type-simple"},"_links":{"self":[{"href":"https:\/\/nordicmart.andreevmaster.com\/sv\/wp-json\/wp\/v2\/product\/15955","targetHints":{"allow":["GET"]}}],"collection":[{"href":"https:\/\/nordicmart.andreevmaster.com\/sv\/wp-json\/wp\/v2\/product"}],"about":[{"href":"https:\/\/nordicmart.andreevmaster.com\/sv\/wp-json\/wp\/v2\/types\/product"}],"replies":[{"embeddable":true,"href":"https:\/\/nordicmart.andreevmaster.com\/sv\/wp-json\/wp\/v2\/comments?post=15955"}],"wp:featuredmedia":[{"embeddable":true,"href":"https:\/\/nordicmart.andreevmaster.com\/sv\/wp-json\/wp\/v2\/media\/43692"}],"wp:attachment":[{"href":"https:\/\/nordicmart.andreevmaster.com\/sv\/wp-json\/wp\/v2\/media?parent=15955"}],"wp:term":[{"taxonomy":"product_brand","embeddable":true,"href":"https:\/\/nordicmart.andreevmaster.com\/sv\/wp-json\/wp\/v2\/product_brand?post=15955"},{"taxonomy":"product_cat","embeddable":true,"href":"https:\/\/nordicmart.andreevmaster.com\/sv\/wp-json\/wp\/v2\/product_cat?post=15955"},{"taxonomy":"product_tag","embeddable":true,"href":"https:\/\/nordicmart.andreevmaster.com\/sv\/wp-json\/wp\/v2\/product_tag?post=15955"}],"curies":[{"name":"wp","href":"https:\/\/api.w.org\/{rel}","templated":true}]}}