{"id":15950,"date":"2026-02-27T00:28:28","date_gmt":"2026-02-27T00:28:28","guid":{"rendered":"https:\/\/nordicmart.andreevmaster.com\/product\/songmics-30-cm-bank-med-forvaringsutrymme-hopfallbar-forvaringslada-forvaringsbox\/"},"modified":"2026-02-27T08:19:21","modified_gmt":"2026-02-27T08:19:21","slug":"songmics-30-cm-bank-med-forvaringsutrymme-hopfallbar-forvaringslada-forvaringsbox","status":"publish","type":"product","link":"https:\/\/nordicmart.andreevmaster.com\/sv\/produkt\/songmics-30-cm-bank-med-forvaringsutrymme-hopfallbar-forvaringslada-forvaringsbox\/","title":{"rendered":"SONGMICS 30 cm b\u00e4nk med f\u00f6rvaringsutrymme, hopf\u00e4llbar f\u00f6rvaringsl\u00e5da, f\u00f6rvaringsbox"},"content":{"rendered":"<p>SONGMICS sittpall med f\u00f6rvaringsutrymme, hopf\u00e4llbar pall, fotpall, hopf\u00e4llbar pall, sittkub f\u00f6r vardagsrum, sovrum, 30 x 30 x 30 cm, m\u00f6rkgr\u00e5 LSF028G01<br \/>\nSpecifikationer:<br \/>\n&#8211; M\u00e5tt: 30 x 30 x 30 cm (D x B x H)<br \/>\n&#8211; Vikt: 1,6 kg<br \/>\n&#8211; Max. statisk b\u00e4rf\u00f6rm\u00e5ga: 130 kg<br \/>\n&#8211; Kapacitet: 22 liter<br \/>\n&#8211; F\u00e4rg: Gr\u00f6n<br \/>\n&#8211; Material: imiterat linne, MDF (medeldensitetsfiberplatta), skumplast<\/p>\n","protected":false},"excerpt":{"rendered":"<p>SONGMICS sittpall med f\u00f6rvaringsutrymme, hopf\u00e4llbar pall, fotpall, hopf\u00e4llbar pall, sittkub f\u00f6r vardagsrum, sovrum, 30 x 30 x 30 cm, m\u00f6rkgr\u00e5 LSF028G01<\/p>\n","protected":false},"featured_media":43687,"comment_status":"open","ping_status":"closed","template":"","meta":[],"product_brand":[],"product_cat":[33],"product_tag":[],"class_list":{"0":"post-15950","1":"product","2":"type-product","3":"status-publish","4":"has-post-thumbnail","6":"product_cat-okategoriserad","8":"first","9":"instock","10":"shipping-taxable","11":"purchasable","12":"product-type-simple"},"_links":{"self":[{"href":"https:\/\/nordicmart.andreevmaster.com\/sv\/wp-json\/wp\/v2\/product\/15950","targetHints":{"allow":["GET"]}}],"collection":[{"href":"https:\/\/nordicmart.andreevmaster.com\/sv\/wp-json\/wp\/v2\/product"}],"about":[{"href":"https:\/\/nordicmart.andreevmaster.com\/sv\/wp-json\/wp\/v2\/types\/product"}],"replies":[{"embeddable":true,"href":"https:\/\/nordicmart.andreevmaster.com\/sv\/wp-json\/wp\/v2\/comments?post=15950"}],"wp:featuredmedia":[{"embeddable":true,"href":"https:\/\/nordicmart.andreevmaster.com\/sv\/wp-json\/wp\/v2\/media\/43687"}],"wp:attachment":[{"href":"https:\/\/nordicmart.andreevmaster.com\/sv\/wp-json\/wp\/v2\/media?parent=15950"}],"wp:term":[{"taxonomy":"product_brand","embeddable":true,"href":"https:\/\/nordicmart.andreevmaster.com\/sv\/wp-json\/wp\/v2\/product_brand?post=15950"},{"taxonomy":"product_cat","embeddable":true,"href":"https:\/\/nordicmart.andreevmaster.com\/sv\/wp-json\/wp\/v2\/product_cat?post=15950"},{"taxonomy":"product_tag","embeddable":true,"href":"https:\/\/nordicmart.andreevmaster.com\/sv\/wp-json\/wp\/v2\/product_tag?post=15950"}],"curies":[{"name":"wp","href":"https:\/\/api.w.org\/{rel}","templated":true}]}}