{"id":15949,"date":"2026-02-27T00:28:28","date_gmt":"2026-02-27T00:28:28","guid":{"rendered":"https:\/\/nordicmart.andreevmaster.com\/product\/songmics-sittpall-sittbank-med-forvaringsutrymme-30-x-30-cm\/"},"modified":"2026-02-27T08:19:21","modified_gmt":"2026-02-27T08:19:21","slug":"songmics-sittpall-sittbank-med-forvaringsutrymme-30-x-30-cm","status":"publish","type":"product","link":"https:\/\/nordicmart.andreevmaster.com\/sv\/produkt\/songmics-sittpall-sittbank-med-forvaringsutrymme-30-x-30-cm\/","title":{"rendered":"SONGMICS sittpall, sittb\u00e4nk med f\u00f6rvaringsutrymme, 30 x 30 cm"},"content":{"rendered":"<p>SONGMICS sittpall med f\u00f6rvaringsutrymme, hopf\u00e4llbar pall, fotpall, hopf\u00e4llbar pall, sittkub f\u00f6r vardagsrum, sovrum, 30 x 30 x 30 cm, m\u00f6rkgr\u00e5 LSF028G01<br \/>\nProduktdetaljer:<br \/>\n&#8211; F\u00e4rg: bl\u00e4ck svart<br \/>\n&#8211; Material: MDF (medeldensitetsfiberplatta), imiterat linne, 25D h\u00f6gelastiskt skum<br \/>\n&#8211; Storlek: 30 x 30 x 30 cm (D x B x H)<br \/>\n&#8211; Vikt: 1,6 kg<br \/>\n&#8211; Max. statisk belastningskapacitet: 130 kg<br \/>\n&#8211; Kapacitet: 22 liter<\/p>\n<p>Leveransomfattning:<br \/>\n&#8211; 1 x sittkista<\/p>\n<p>Anvisningar:<br \/>\n&#8211; T\u00e4ck b\u00e4nken helt med locket innan du s\u00e4tter dig p\u00e5 den.<br \/>\n&#8211; L\u00e4gg inte f\u00f6r stora f\u00f6rem\u00e5l i sittkistan.<\/p>\n","protected":false},"excerpt":{"rendered":"<p>SONGMICS sittpall med f\u00f6rvaringsutrymme, hopf\u00e4llbar pall, fotpall, hopf\u00e4llbar pall, sittkub f\u00f6r vardagsrum, sovrum, 30 x 30 x 30 cm, m\u00f6rkgr\u00e5 LSF028G01<\/p>\n","protected":false},"featured_media":43686,"comment_status":"open","ping_status":"closed","template":"","meta":[],"product_brand":[],"product_cat":[33],"product_tag":[],"class_list":{"0":"post-15949","1":"product","2":"type-product","3":"status-publish","4":"has-post-thumbnail","6":"product_cat-okategoriserad","8":"first","9":"instock","10":"shipping-taxable","11":"purchasable","12":"product-type-simple"},"_links":{"self":[{"href":"https:\/\/nordicmart.andreevmaster.com\/sv\/wp-json\/wp\/v2\/product\/15949","targetHints":{"allow":["GET"]}}],"collection":[{"href":"https:\/\/nordicmart.andreevmaster.com\/sv\/wp-json\/wp\/v2\/product"}],"about":[{"href":"https:\/\/nordicmart.andreevmaster.com\/sv\/wp-json\/wp\/v2\/types\/product"}],"replies":[{"embeddable":true,"href":"https:\/\/nordicmart.andreevmaster.com\/sv\/wp-json\/wp\/v2\/comments?post=15949"}],"wp:featuredmedia":[{"embeddable":true,"href":"https:\/\/nordicmart.andreevmaster.com\/sv\/wp-json\/wp\/v2\/media\/43686"}],"wp:attachment":[{"href":"https:\/\/nordicmart.andreevmaster.com\/sv\/wp-json\/wp\/v2\/media?parent=15949"}],"wp:term":[{"taxonomy":"product_brand","embeddable":true,"href":"https:\/\/nordicmart.andreevmaster.com\/sv\/wp-json\/wp\/v2\/product_brand?post=15949"},{"taxonomy":"product_cat","embeddable":true,"href":"https:\/\/nordicmart.andreevmaster.com\/sv\/wp-json\/wp\/v2\/product_cat?post=15949"},{"taxonomy":"product_tag","embeddable":true,"href":"https:\/\/nordicmart.andreevmaster.com\/sv\/wp-json\/wp\/v2\/product_tag?post=15949"}],"curies":[{"name":"wp","href":"https:\/\/api.w.org\/{rel}","templated":true}]}}