{"id":15946,"date":"2026-02-27T00:28:27","date_gmt":"2026-02-27T00:28:27","guid":{"rendered":"https:\/\/nordicmart.andreevmaster.com\/product\/songmics-sittpall-hopfallbar-sittbank-med-forvaringsutrymme-ben\/"},"modified":"2026-02-27T08:19:20","modified_gmt":"2026-02-27T08:19:20","slug":"songmics-sittpall-hopfallbar-sittbank-med-forvaringsutrymme-ben","status":"publish","type":"product","link":"https:\/\/nordicmart.andreevmaster.com\/sv\/produkt\/songmics-sittpall-hopfallbar-sittbank-med-forvaringsutrymme-ben\/","title":{"rendered":"SONGMICS sittpall, hopf\u00e4llbar sittb\u00e4nk med f\u00f6rvaringsutrymme, ben"},"content":{"rendered":"<p>Pall, hopf\u00e4llbar b\u00e4nk med f\u00f6rvaringsutrymme, ben, 38 x 110 x 40 cm, belastningskapacitet upp till 300 kg, fotpall, f\u00f6rvaringsbox, skiffergr\u00e5<br \/>\nProduktdetaljer:<br \/>\n&#8211; F\u00e4rg: skiffergr\u00e5<br \/>\n&#8211; Material: MDF (medeldensitetsfiberplatta), imiterat linne, 25D h\u00f6gelastiskt skum<br \/>\n&#8211; Storlek: 38 x 110 x 40 cm (D x B x H)<br \/>\n&#8211; Vikt: 10 kg<br \/>\n&#8211; Max. statisk belastningskapacitet: 300 kg<br \/>\n&#8211; Kapacitet: 112 liter<\/p>\n<p>Leveransomfattning:<br \/>\n&#8211; 1 x f\u00f6rvaringsbox<br \/>\n&#8211; 1 x tillbeh\u00f6rspaket<br \/>\n&#8211; 1 x bruksanvisning<\/p>\n<p>Anm\u00e4rkningar:<br \/>\n&#8211; T\u00e4ck b\u00e4nken helt med locket innan du s\u00e4tter dig p\u00e5 den.<br \/>\n&#8211; L\u00e4gg inte f\u00f6r stora f\u00f6rem\u00e5l i f\u00f6rvaringsboxen.<\/p>\n","protected":false},"excerpt":{"rendered":"<p>Pall, hopf\u00e4llbar b\u00e4nk med f\u00f6rvaringsutrymme, ben, 38 x 110 x 40 cm, belastningskapacitet upp till 300 kg, fotpall, f\u00f6rvaringsbox, skiffergr\u00e5<\/p>\n","protected":false},"featured_media":43683,"comment_status":"open","ping_status":"closed","template":"","meta":[],"product_brand":[],"product_cat":[33],"product_tag":[],"class_list":{"0":"post-15946","1":"product","2":"type-product","3":"status-publish","4":"has-post-thumbnail","6":"product_cat-okategoriserad","8":"first","9":"instock","10":"shipping-taxable","11":"purchasable","12":"product-type-simple"},"_links":{"self":[{"href":"https:\/\/nordicmart.andreevmaster.com\/sv\/wp-json\/wp\/v2\/product\/15946","targetHints":{"allow":["GET"]}}],"collection":[{"href":"https:\/\/nordicmart.andreevmaster.com\/sv\/wp-json\/wp\/v2\/product"}],"about":[{"href":"https:\/\/nordicmart.andreevmaster.com\/sv\/wp-json\/wp\/v2\/types\/product"}],"replies":[{"embeddable":true,"href":"https:\/\/nordicmart.andreevmaster.com\/sv\/wp-json\/wp\/v2\/comments?post=15946"}],"wp:featuredmedia":[{"embeddable":true,"href":"https:\/\/nordicmart.andreevmaster.com\/sv\/wp-json\/wp\/v2\/media\/43683"}],"wp:attachment":[{"href":"https:\/\/nordicmart.andreevmaster.com\/sv\/wp-json\/wp\/v2\/media?parent=15946"}],"wp:term":[{"taxonomy":"product_brand","embeddable":true,"href":"https:\/\/nordicmart.andreevmaster.com\/sv\/wp-json\/wp\/v2\/product_brand?post=15946"},{"taxonomy":"product_cat","embeddable":true,"href":"https:\/\/nordicmart.andreevmaster.com\/sv\/wp-json\/wp\/v2\/product_cat?post=15946"},{"taxonomy":"product_tag","embeddable":true,"href":"https:\/\/nordicmart.andreevmaster.com\/sv\/wp-json\/wp\/v2\/product_tag?post=15946"}],"curies":[{"name":"wp","href":"https:\/\/api.w.org\/{rel}","templated":true}]}}