{"id":15930,"date":"2026-02-27T00:28:23","date_gmt":"2026-02-27T00:28:23","guid":{"rendered":"https:\/\/nordicmart.andreevmaster.com\/product\/songmics-bank-med-forvaringsutrymme-sittkista-sittpall\/"},"modified":"2026-02-27T08:19:17","modified_gmt":"2026-02-27T08:19:17","slug":"songmics-bank-med-forvaringsutrymme-sittkista-sittpall","status":"publish","type":"product","link":"https:\/\/nordicmart.andreevmaster.com\/sv\/produkt\/songmics-bank-med-forvaringsutrymme-sittkista-sittpall\/","title":{"rendered":"SONGMICS b\u00e4nk med f\u00f6rvaringsutrymme, sittkista, sittpall"},"content":{"rendered":"<p>Din egen skattkista: Den h\u00e4r kistan inneh\u00e5ller visserligen inget guld, men den har en stilfull kl\u00e4dsel av imiterat linne med knappar p\u00e5 utsidan och ett rymligt f\u00f6rvaringsutrymme (80 liter) p\u00e5 insidan \u2013 inte illa! \u201dF\u00e5 mer f\u00f6rvaringsutrymme\u201d har en dubbel betydelse: Denna sittb\u00e4nk erbjuder mycket f\u00f6rvaringsutrymme och tar samtidigt liten plats. N\u00e4r den inte anv\u00e4nds kan du enkelt f\u00e4lla ihop den och st\u00e4lla undan den i ett tomt h\u00f6rn \u2013 enkelt och platsbesparande. Produktdetaljer: F\u00e4rg: M\u00f6rkgr\u00e5 Material: MDF (medeldensitetsfiberplatta), imiterat linne, skumplast Storlek: 76 x 38 x 38 cm (L x B x H) Vikt: 6,1 kg Max. statisk belastningskapacitet: 300 kg Leveransomfattning: 1 x b\u00e4nk SONGMICS Anm\u00e4rkningar: Av s\u00e4kerhetssk\u00e4l \u00e4r det f\u00f6rbjudet f\u00f6r barn att kl\u00e4ttra p\u00e5 eller leka med produkten. St\u00e4ll dig inte p\u00e5 produkten och anv\u00e4nd den inte som stege eller kl\u00e4tterhj\u00e4lp.<\/p>\n","protected":false},"excerpt":{"rendered":"<p>Sittb\u00e4nk med f\u00f6rvaringsutrymme, sittkista, sittpall, hopf\u00e4llbar, 76 x 38 x 38 cm, kl\u00e4dsel i imiterat linne, f\u00f6r sovrum, hall, ljusgr\u00e5<\/p>\n","protected":false},"featured_media":43667,"comment_status":"open","ping_status":"closed","template":"","meta":[],"product_brand":[],"product_cat":[33],"product_tag":[],"class_list":{"0":"post-15930","1":"product","2":"type-product","3":"status-publish","4":"has-post-thumbnail","6":"product_cat-okategoriserad","8":"first","9":"instock","10":"shipping-taxable","11":"purchasable","12":"product-type-simple"},"_links":{"self":[{"href":"https:\/\/nordicmart.andreevmaster.com\/sv\/wp-json\/wp\/v2\/product\/15930","targetHints":{"allow":["GET"]}}],"collection":[{"href":"https:\/\/nordicmart.andreevmaster.com\/sv\/wp-json\/wp\/v2\/product"}],"about":[{"href":"https:\/\/nordicmart.andreevmaster.com\/sv\/wp-json\/wp\/v2\/types\/product"}],"replies":[{"embeddable":true,"href":"https:\/\/nordicmart.andreevmaster.com\/sv\/wp-json\/wp\/v2\/comments?post=15930"}],"wp:featuredmedia":[{"embeddable":true,"href":"https:\/\/nordicmart.andreevmaster.com\/sv\/wp-json\/wp\/v2\/media\/43667"}],"wp:attachment":[{"href":"https:\/\/nordicmart.andreevmaster.com\/sv\/wp-json\/wp\/v2\/media?parent=15930"}],"wp:term":[{"taxonomy":"product_brand","embeddable":true,"href":"https:\/\/nordicmart.andreevmaster.com\/sv\/wp-json\/wp\/v2\/product_brand?post=15930"},{"taxonomy":"product_cat","embeddable":true,"href":"https:\/\/nordicmart.andreevmaster.com\/sv\/wp-json\/wp\/v2\/product_cat?post=15930"},{"taxonomy":"product_tag","embeddable":true,"href":"https:\/\/nordicmart.andreevmaster.com\/sv\/wp-json\/wp\/v2\/product_tag?post=15930"}],"curies":[{"name":"wp","href":"https:\/\/api.w.org\/{rel}","templated":true}]}}