{"id":15929,"date":"2026-02-27T00:28:23","date_gmt":"2026-02-27T00:28:23","guid":{"rendered":"https:\/\/nordicmart.andreevmaster.com\/product\/songmics-forvaringspall-110-cm-konstlader-vit\/"},"modified":"2026-02-27T08:19:17","modified_gmt":"2026-02-27T08:19:17","slug":"songmics-forvaringspall-110-cm-konstlader-vit","status":"publish","type":"product","link":"https:\/\/nordicmart.andreevmaster.com\/sv\/produkt\/songmics-forvaringspall-110-cm-konstlader-vit\/","title":{"rendered":"SONGMICS f\u00f6rvaringspall 110 cm konstl\u00e4der vit"},"content":{"rendered":"<p>Specifikationer: &#8211; F\u00e4rg: Vit &#8211; Material: Konstl\u00e4der, h\u00f6gelastiskt skum, MDF Produktstorlek: 110 x 38 x 38 cm (L x B x H) &#8211; Vikbar storlek: 110 x 38 x 5 cm (L x B x H) &#8211; Innerm\u00e5tt: 107 x 34 x 33,5 cm (L x B x H) &#8211; Innervolym: 120 liter &#8211; Produktvikt: 9,4 kg &#8211; Max. statisk belastningskapacitet: 300 kg F\u00f6rpackningens inneh\u00e5ll: &#8211; 1 x hopf\u00e4llbar f\u00f6rvaringsl\u00e5da &#8211; 1 x bruksanvisning (EN, DE, FR, ES, IT) SONGMICS Anvisningar: &#8211; Denna produkt f\u00e5r inte anv\u00e4ndas som leksak. L\u00e5t inte barn kl\u00e4ttra eller leka p\u00e5 produkten f\u00f6r att undvika att den v\u00e4lter och orsakar ov\u00e4ntade skador. &#8211; St\u00e4ll dig inte p\u00e5 produkten och anv\u00e4nd den inte som stege eller kl\u00e4tterredskap.<\/p>\n","protected":false},"excerpt":{"rendered":"<p>SONGMICS b\u00e4nk med 120 l f\u00f6rvaringsutrymme, hopf\u00e4llbar, 3-sitsig, belastningsbar upp till 300 kg, konstl\u00e4der, vit, LSF89WT<\/p>\n","protected":false},"featured_media":43666,"comment_status":"open","ping_status":"closed","template":"","meta":[],"product_brand":[],"product_cat":[33],"product_tag":[],"class_list":{"0":"post-15929","1":"product","2":"type-product","3":"status-publish","4":"has-post-thumbnail","6":"product_cat-okategoriserad","8":"first","9":"instock","10":"shipping-taxable","11":"purchasable","12":"product-type-simple"},"_links":{"self":[{"href":"https:\/\/nordicmart.andreevmaster.com\/sv\/wp-json\/wp\/v2\/product\/15929","targetHints":{"allow":["GET"]}}],"collection":[{"href":"https:\/\/nordicmart.andreevmaster.com\/sv\/wp-json\/wp\/v2\/product"}],"about":[{"href":"https:\/\/nordicmart.andreevmaster.com\/sv\/wp-json\/wp\/v2\/types\/product"}],"replies":[{"embeddable":true,"href":"https:\/\/nordicmart.andreevmaster.com\/sv\/wp-json\/wp\/v2\/comments?post=15929"}],"wp:featuredmedia":[{"embeddable":true,"href":"https:\/\/nordicmart.andreevmaster.com\/sv\/wp-json\/wp\/v2\/media\/43666"}],"wp:attachment":[{"href":"https:\/\/nordicmart.andreevmaster.com\/sv\/wp-json\/wp\/v2\/media?parent=15929"}],"wp:term":[{"taxonomy":"product_brand","embeddable":true,"href":"https:\/\/nordicmart.andreevmaster.com\/sv\/wp-json\/wp\/v2\/product_brand?post=15929"},{"taxonomy":"product_cat","embeddable":true,"href":"https:\/\/nordicmart.andreevmaster.com\/sv\/wp-json\/wp\/v2\/product_cat?post=15929"},{"taxonomy":"product_tag","embeddable":true,"href":"https:\/\/nordicmart.andreevmaster.com\/sv\/wp-json\/wp\/v2\/product_tag?post=15929"}],"curies":[{"name":"wp","href":"https:\/\/api.w.org\/{rel}","templated":true}]}}