{"id":15922,"date":"2026-02-27T00:28:21","date_gmt":"2026-02-27T00:28:21","guid":{"rendered":"https:\/\/nordicmart.andreevmaster.com\/product\/songmics-kontorsstol-med-landryggsstod\/"},"modified":"2026-02-27T08:19:15","modified_gmt":"2026-02-27T08:19:15","slug":"songmics-kontorsstol-med-landryggsstod","status":"publish","type":"product","link":"https:\/\/nordicmart.andreevmaster.com\/sv\/produkt\/songmics-kontorsstol-med-landryggsstod\/","title":{"rendered":"SONGMICS kontorsstol med l\u00e4ndryggsst\u00f6d"},"content":{"rendered":"<p>Ergonomisk design f\u00f6r optimal komfort Nackst\u00f6det med justerbara vinklar ger optimalt st\u00f6d f\u00f6r nacken. Det perfekt b\u00f6jda och breda ryggst\u00f6det anpassar sig efter din kropp och passar b\u00e5de l\u00e5nga och korta anv\u00e4ndare. Med justerbart l\u00e4ndryggsst\u00f6d f\u00e5r du alltid individuell sittkomfort, \u00e4ven vid l\u00e5ngvarigt sittande.  Inget mer &#8221;klibbande&#8221; Det \u00e4r verkligen sv\u00e5rt att h\u00e5lla koncentrationen p\u00e5 jobbet med en svettig sits under sommardagarna. Med denna SONGMICS kontorsstol kan du s\u00e4ga adj\u00f6 till &#8221;klibbande&#8221; under sommaren och forts\u00e4tta arbeta produktivt. S\u00e4ker att anv\u00e4nda Gasfj\u00e4dern uppfyller kraven i DIN 4550:2004-12, klass 3 och SDHL1604005156FT-01 (rapportinnehavare: leverant\u00f6r) och garanterar d\u00e4rmed h\u00f6g stabilitet och l\u00e5ng livsl\u00e4ngd. Tveka inte och ta med denna SONGMICS kontorsstol hem eller till kontoret; den kommer att passa dig perfekt! Produktdetaljer: &#8211; F\u00e4rg: Svart &#8211; Material: Fotkors: Nylon Armst\u00f6d: PP-plast Ryggst\u00f6d: PP, polyester n\u00e4tv\u00e4v Sits: Tr\u00e4skiva, skumplast, polyesterv\u00e4v Hjul: Nylon Gasfj\u00e4der: St\u00e5l Mekanik-bottenplatta: st\u00e5l &#8211; Produktstorlek: H\u00f6jd: 120-133 cm Bredd: 69 cm Djup: 67,5 cm Sitth\u00f6jd: 45-55 cm Sitsbredd: 53 cm Sitsdjup: 52 cm Armst\u00f6dsh\u00f6jd: 17-26 cm Ryggst\u00f6dets h\u00f6jd: 77-81,5 cm \u00d8 Fotkors: 70 cm \u00d8 hjul: 60 mm \u00d8 stift: 11 mm &#8211; Produktvikt: Nettovikt: 14,6 kg Maximal belastningskapacitet: 120 kg Leveransomfattning: &#8211; 1 x kontorsstol &#8211; 1 x insexnyckel &#8211; 1 x tillbeh\u00f6rsp\u00e5se &#8211; 1 x bruksanvisning (DE, EN, FR, ES, IT) SONGMICS Anm\u00e4rkningar:- Var noga med att sidan \u201dFRONT\u201d \u00e4r v\u00e4nd fram\u00e5t n\u00e4r du monterar mekanikens bottenplatta.<\/p>\n","protected":false},"excerpt":{"rendered":"<p>SONGMICS 110 x 38 x 38 cm hopf\u00e4llbar pall med en belastningskapacitet p\u00e5 upp till 300 kg fotpall b\u00e4nk f\u00f6rvaringsbox linne m\u00f6rkgr\u00e5 LSF80GYZ<\/p>\n","protected":false},"featured_media":43659,"comment_status":"open","ping_status":"closed","template":"","meta":[],"product_brand":[],"product_cat":[33],"product_tag":[],"class_list":{"0":"post-15922","1":"product","2":"type-product","3":"status-publish","4":"has-post-thumbnail","6":"product_cat-okategoriserad","8":"first","9":"instock","10":"shipping-taxable","11":"purchasable","12":"product-type-simple"},"_links":{"self":[{"href":"https:\/\/nordicmart.andreevmaster.com\/sv\/wp-json\/wp\/v2\/product\/15922","targetHints":{"allow":["GET"]}}],"collection":[{"href":"https:\/\/nordicmart.andreevmaster.com\/sv\/wp-json\/wp\/v2\/product"}],"about":[{"href":"https:\/\/nordicmart.andreevmaster.com\/sv\/wp-json\/wp\/v2\/types\/product"}],"replies":[{"embeddable":true,"href":"https:\/\/nordicmart.andreevmaster.com\/sv\/wp-json\/wp\/v2\/comments?post=15922"}],"wp:featuredmedia":[{"embeddable":true,"href":"https:\/\/nordicmart.andreevmaster.com\/sv\/wp-json\/wp\/v2\/media\/43659"}],"wp:attachment":[{"href":"https:\/\/nordicmart.andreevmaster.com\/sv\/wp-json\/wp\/v2\/media?parent=15922"}],"wp:term":[{"taxonomy":"product_brand","embeddable":true,"href":"https:\/\/nordicmart.andreevmaster.com\/sv\/wp-json\/wp\/v2\/product_brand?post=15922"},{"taxonomy":"product_cat","embeddable":true,"href":"https:\/\/nordicmart.andreevmaster.com\/sv\/wp-json\/wp\/v2\/product_cat?post=15922"},{"taxonomy":"product_tag","embeddable":true,"href":"https:\/\/nordicmart.andreevmaster.com\/sv\/wp-json\/wp\/v2\/product_tag?post=15922"}],"curies":[{"name":"wp","href":"https:\/\/api.w.org\/{rel}","templated":true}]}}