{"id":15921,"date":"2026-02-27T00:28:21","date_gmt":"2026-02-27T00:28:21","guid":{"rendered":"https:\/\/nordicmart.andreevmaster.com\/product\/songmics-bank-med-forvaringsutrymme-sittlada-forvaringsbox-hopfallbar-max-statisk-belastningskapacitet-300-kg-med-metallindelningsgaller-120-l-110-x-38-x-38-cm-imiterat-linne\/"},"modified":"2026-02-27T08:19:15","modified_gmt":"2026-02-27T08:19:15","slug":"songmics-bank-med-forvaringsutrymme-sittlada-forvaringsbox-hopfallbar-max-statisk-belastningskapacitet-300-kg-med-metallindelningsgaller-120-l-110-x-38-x-38-cm-imiterat-linne","status":"publish","type":"product","link":"https:\/\/nordicmart.andreevmaster.com\/sv\/produkt\/songmics-bank-med-forvaringsutrymme-sittlada-forvaringsbox-hopfallbar-max-statisk-belastningskapacitet-300-kg-med-metallindelningsgaller-120-l-110-x-38-x-38-cm-imiterat-linne\/","title":{"rendered":"Songmics b\u00e4nk med f\u00f6rvaringsutrymme, sittl\u00e5da, f\u00f6rvaringsbox, hopf\u00e4llbar, max. statisk belastningskapacitet 300 kg, med metallindelningsgaller, 120 L, 110 x 38 x 38 cm, imiterat linne"},"content":{"rendered":"<p>Stark och h\u00e5llbar funktion: tillverkad av E1-standard tjock MDF, \u00f6verl\u00e4gset linnetyg och vadderad dyna, mjuk och fuktbest\u00e4ndig. Ingen deformation<\/p>\n<p>Dold f\u00f6rvaringsplats: massor av f\u00f6rvaringsutrymme inuti som en praktisk f\u00f6rvaringsl\u00e5da. Rymligt utrymme p\u00e5 150 liter f\u00f6r att f\u00f6rvara prylar, kl\u00e4der, leksaker, tidningar, filtar och s\u00e4ngkl\u00e4der perfekt. <\/p>\n<p>Fungerar \u00e4ven som bekv\u00e4mt s\u00e4te: vadderad med h\u00f6gdensitetsskum, mjuk och superstabil att sitta p\u00e5. Den maximala viktkapaciteten \u00e4r upp till 300 kg. <\/p>\n<p>Extremt l\u00e4tt att montera: Levereras i platt f\u00f6rpackning, tar bara n\u00e5gra sekunder att montera. Den hopf\u00e4llbara designen g\u00f6r det m\u00f6jligt att packa ihop den n\u00e4r den inte anv\u00e4nds.Enkelt och dekorativt utseende: en elegant och m\u00e5ngsidig b\u00e4nk som kan anv\u00e4ndas som nattduksbord, bokhylla eller fotpall och som passar perfekt till dina m\u00f6bler i vardagsrummet eller sovrummet. Songmics b\u00e4nk \u00e4r det perfekta tillskottet till din heminredning. Tack vare sin design fyller den flera syften samtidigt och \u00e4r s\u00e4rskilt l\u00e4mplig f\u00f6r sm\u00e5 l\u00e4genheter med begr\u00e4nsat f\u00f6rvaringsutrymme. Den \u00e4r ocks\u00e5 absolut stabil. \u00c4ven om en l\u00e5ng och tung person sitter p\u00e5 den, klarar den det utan problem. Basen ger extra skydd mot fukt. Observera: &#8211; Inte en leksak! F\u00e5r endast anv\u00e4ndas av sm\u00e5 barn under direkt uppsikt av vuxna. Produktdetaljer: &#8211; M\u00e5tt (utv\u00e4ndigt): 110 x 38 x 38 cm (B x H x D) &#8211; M\u00e5tt (inv\u00e4ndigt): 107 x 34 x 33,5 cm (B x H x D) &#8211; M\u00e5tt (ihopf\u00e4lld): 110 x 38 x 7 cm &#8211; F\u00e4rg: M\u00f6rkgr\u00e5 &#8211; Material: linne + MDF-skiva + skum &#8211; Nettovikt: 8,6 kg &#8211; Bruttovikt: 9,4 kg &#8211; Max. Max. belastningskapacitet: 300 kg Leveransomfattning: &#8211; 1 x f\u00f6rvaringsl\u00e5da<\/p>\n","protected":false},"excerpt":{"rendered":"<p>Stark och h\u00e5llbar funktion: tillverkad av E1-standard tjock MDF, \u00f6verl\u00e4gset linnetyg och vadderad dyna, mjuk och fuktbest\u00e4ndig. Ingen deformation Dold f\u00f6rvaringsplats: massor av f\u00f6rvaringsutrymme inuti som en praktisk f\u00f6rvaringsl\u00e5da. Rymligt utrymme p\u00e5 150 liter f\u00f6r att f\u00f6rvara prylar, kl\u00e4der, leksaker, tidningar, filtar och s\u00e4ngkl\u00e4der perfekt. Fungerar \u00e4ven som bekv\u00e4mt s\u00e4te: vadderad med h\u00f6gdensitetsskum, mjuk och [&hellip;]<\/p>\n","protected":false},"featured_media":0,"comment_status":"open","ping_status":"closed","template":"","meta":[],"product_brand":[],"product_cat":[33],"product_tag":[],"class_list":{"0":"post-15921","1":"product","2":"type-product","3":"status-publish","5":"product_cat-okategoriserad","7":"first","8":"instock","9":"shipping-taxable","10":"purchasable","11":"product-type-simple"},"_links":{"self":[{"href":"https:\/\/nordicmart.andreevmaster.com\/sv\/wp-json\/wp\/v2\/product\/15921","targetHints":{"allow":["GET"]}}],"collection":[{"href":"https:\/\/nordicmart.andreevmaster.com\/sv\/wp-json\/wp\/v2\/product"}],"about":[{"href":"https:\/\/nordicmart.andreevmaster.com\/sv\/wp-json\/wp\/v2\/types\/product"}],"replies":[{"embeddable":true,"href":"https:\/\/nordicmart.andreevmaster.com\/sv\/wp-json\/wp\/v2\/comments?post=15921"}],"wp:attachment":[{"href":"https:\/\/nordicmart.andreevmaster.com\/sv\/wp-json\/wp\/v2\/media?parent=15921"}],"wp:term":[{"taxonomy":"product_brand","embeddable":true,"href":"https:\/\/nordicmart.andreevmaster.com\/sv\/wp-json\/wp\/v2\/product_brand?post=15921"},{"taxonomy":"product_cat","embeddable":true,"href":"https:\/\/nordicmart.andreevmaster.com\/sv\/wp-json\/wp\/v2\/product_cat?post=15921"},{"taxonomy":"product_tag","embeddable":true,"href":"https:\/\/nordicmart.andreevmaster.com\/sv\/wp-json\/wp\/v2\/product_tag?post=15921"}],"curies":[{"name":"wp","href":"https:\/\/api.w.org\/{rel}","templated":true}]}}