{"id":15917,"date":"2026-02-27T00:28:20","date_gmt":"2026-02-27T00:28:20","guid":{"rendered":"https:\/\/nordicmart.andreevmaster.com\/product\/songmics-bank-med-fallbart-lock-110-cm-morkgra\/"},"modified":"2026-02-27T08:19:14","modified_gmt":"2026-02-27T08:19:14","slug":"songmics-bank-med-fallbart-lock-110-cm-morkgra","status":"publish","type":"product","link":"https:\/\/nordicmart.andreevmaster.com\/sv\/produkt\/songmics-bank-med-fallbart-lock-110-cm-morkgra\/","title":{"rendered":"SONGMICS b\u00e4nk med f\u00e4llbart lock 110 cm m\u00f6rkgr\u00e5"},"content":{"rendered":"<p>Produktdetaljer: &#8211; F\u00e4rg: m\u00f6rkgr\u00e5 &#8211; Material: imiterat linne, skumplast, MDF (medeldensitetsfiberplatta) &#8211; Storlek: 110 x 38 x 38 cm &#8211; Innerm\u00e5tt: 107 x 34 x 33,5 cm &#8211; Vikt: 8,8 kg &#8211; Max. statisk belastningskapacitet: 300 kg Leveransomfattning:- 1 x f\u00f6rvaringsb\u00e4nk &#8211; 1 x bruksanvisning SONGMICS Anm\u00e4rkningar: &#8211; Av s\u00e4kerhetssk\u00e4l f\u00e5r barn inte kl\u00e4ttra p\u00e5 eller leka med produkten. &#8211; St\u00e4ll dig inte p\u00e5 denna produkt. Anv\u00e4nd den inte heller som stege eller kl\u00e4tterhj\u00e4lpmedel.<\/p>\n","protected":false},"excerpt":{"rendered":"<p>SONGMICS Sittkista 110 cm, stoppad b\u00e4nk, sittpall, s\u00e4ngkista, hopf\u00e4llbar skob\u00e4nk i imiterat linne, uppf\u00e4llbart lock, belastningskapacitet upp till 300 kg, m\u00f6rkgr\u00e5 LSF76GYZ<\/p>\n","protected":false},"featured_media":43655,"comment_status":"open","ping_status":"closed","template":"","meta":[],"product_brand":[],"product_cat":[33],"product_tag":[],"class_list":{"0":"post-15917","1":"product","2":"type-product","3":"status-publish","4":"has-post-thumbnail","6":"product_cat-okategoriserad","8":"first","9":"instock","10":"shipping-taxable","11":"purchasable","12":"product-type-simple"},"_links":{"self":[{"href":"https:\/\/nordicmart.andreevmaster.com\/sv\/wp-json\/wp\/v2\/product\/15917","targetHints":{"allow":["GET"]}}],"collection":[{"href":"https:\/\/nordicmart.andreevmaster.com\/sv\/wp-json\/wp\/v2\/product"}],"about":[{"href":"https:\/\/nordicmart.andreevmaster.com\/sv\/wp-json\/wp\/v2\/types\/product"}],"replies":[{"embeddable":true,"href":"https:\/\/nordicmart.andreevmaster.com\/sv\/wp-json\/wp\/v2\/comments?post=15917"}],"wp:featuredmedia":[{"embeddable":true,"href":"https:\/\/nordicmart.andreevmaster.com\/sv\/wp-json\/wp\/v2\/media\/43655"}],"wp:attachment":[{"href":"https:\/\/nordicmart.andreevmaster.com\/sv\/wp-json\/wp\/v2\/media?parent=15917"}],"wp:term":[{"taxonomy":"product_brand","embeddable":true,"href":"https:\/\/nordicmart.andreevmaster.com\/sv\/wp-json\/wp\/v2\/product_brand?post=15917"},{"taxonomy":"product_cat","embeddable":true,"href":"https:\/\/nordicmart.andreevmaster.com\/sv\/wp-json\/wp\/v2\/product_cat?post=15917"},{"taxonomy":"product_tag","embeddable":true,"href":"https:\/\/nordicmart.andreevmaster.com\/sv\/wp-json\/wp\/v2\/product_tag?post=15917"}],"curies":[{"name":"wp","href":"https:\/\/api.w.org\/{rel}","templated":true}]}}