{"id":15916,"date":"2026-02-27T00:28:19","date_gmt":"2026-02-27T00:28:19","guid":{"rendered":"https:\/\/nordicmart.andreevmaster.com\/product\/songmics-sittbank-med-fallbart-lock-110-cm-vit\/"},"modified":"2026-02-27T08:19:14","modified_gmt":"2026-02-27T08:19:14","slug":"songmics-sittbank-med-fallbart-lock-110-cm-vit","status":"publish","type":"product","link":"https:\/\/nordicmart.andreevmaster.com\/sv\/produkt\/songmics-sittbank-med-fallbart-lock-110-cm-vit\/","title":{"rendered":"SONGMICS sittb\u00e4nk med f\u00e4llbart lock 110 cm vit"},"content":{"rendered":"<p>Produktdetaljer: F\u00e4rg: Vit Material: PVC-\u00f6verdrag, skumplast, MDF-skiva, j\u00e4rnram Max. belastningskapacitet: 300 kg M\u00e5tt (utv\u00e4ndiga): 110 x 38 x 38 cm (B x H x D) M\u00e5tt (inv\u00e4ndigt): 107 x 34 x 33,5 cm (B x H x D) Vikt: 8,6 kg L Leveransomfattning: 1 x b\u00e4nk 1 x bruksanvisning (DE, EN, FR, IT, ES) Anvisningar: &#8211; Produkten \u00e4r inte en leksak! L\u00e5t inte barn kl\u00e4ttra p\u00e5 den eller leka med den f\u00f6r att undvika skador. &#8211; Kl\u00e4ttra aldrig p\u00e5 b\u00e4nken och anv\u00e4nd den inte som stege eller kl\u00e4tterhj\u00e4lpmedel.<\/p>\n","protected":false},"excerpt":{"rendered":"<p>SONGMICS F\u00e4llbar sittpall, sittb\u00e4nk med 120 liters f\u00f6rvaringsutrymme, belastningskapacitet upp till 300 kg, konstl\u00e4der, LSF75WT<\/p>\n","protected":false},"featured_media":43654,"comment_status":"open","ping_status":"closed","template":"","meta":[],"product_brand":[],"product_cat":[33],"product_tag":[],"class_list":{"0":"post-15916","1":"product","2":"type-product","3":"status-publish","4":"has-post-thumbnail","6":"product_cat-okategoriserad","8":"first","9":"instock","10":"shipping-taxable","11":"purchasable","12":"product-type-simple"},"_links":{"self":[{"href":"https:\/\/nordicmart.andreevmaster.com\/sv\/wp-json\/wp\/v2\/product\/15916","targetHints":{"allow":["GET"]}}],"collection":[{"href":"https:\/\/nordicmart.andreevmaster.com\/sv\/wp-json\/wp\/v2\/product"}],"about":[{"href":"https:\/\/nordicmart.andreevmaster.com\/sv\/wp-json\/wp\/v2\/types\/product"}],"replies":[{"embeddable":true,"href":"https:\/\/nordicmart.andreevmaster.com\/sv\/wp-json\/wp\/v2\/comments?post=15916"}],"wp:featuredmedia":[{"embeddable":true,"href":"https:\/\/nordicmart.andreevmaster.com\/sv\/wp-json\/wp\/v2\/media\/43654"}],"wp:attachment":[{"href":"https:\/\/nordicmart.andreevmaster.com\/sv\/wp-json\/wp\/v2\/media?parent=15916"}],"wp:term":[{"taxonomy":"product_brand","embeddable":true,"href":"https:\/\/nordicmart.andreevmaster.com\/sv\/wp-json\/wp\/v2\/product_brand?post=15916"},{"taxonomy":"product_cat","embeddable":true,"href":"https:\/\/nordicmart.andreevmaster.com\/sv\/wp-json\/wp\/v2\/product_cat?post=15916"},{"taxonomy":"product_tag","embeddable":true,"href":"https:\/\/nordicmart.andreevmaster.com\/sv\/wp-json\/wp\/v2\/product_tag?post=15916"}],"curies":[{"name":"wp","href":"https:\/\/api.w.org\/{rel}","templated":true}]}}