{"id":15914,"date":"2026-02-27T00:28:19","date_gmt":"2026-02-27T00:28:19","guid":{"rendered":"https:\/\/nordicmart.andreevmaster.com\/product\/songmics-sittkista-120-l-sammet-gra\/"},"modified":"2026-02-27T08:19:14","modified_gmt":"2026-02-27T08:19:14","slug":"songmics-sittkista-120-l-sammet-gra","status":"publish","type":"product","link":"https:\/\/nordicmart.andreevmaster.com\/sv\/produkt\/songmics-sittkista-120-l-sammet-gra\/","title":{"rendered":"SONGMICS Sittkista 120 L Sammet Gr\u00e5"},"content":{"rendered":"<p>Denna b\u00e4nk \u00e4r tillverkad av robusta MDF-skivor och \u00e4r stabil och h\u00e5llbar. Den t\u00e5l upp till 300 kg och erbjuder tillr\u00e4ckligt med plats f\u00f6r 2 vuxna. Den h\u00f6gelastiska, mjuka och bekv\u00e4ma skumdynan ger en behaglig sittupplevelse.Den hopf\u00e4llbara designen tar liten plats vid f\u00f6rvaring. Produktdetaljer: F\u00e4rg: Gr\u00e5 Material: Sammet, h\u00f6gelastiskt skum, MDF (medeldensitetsfiberplatta) Produktstorlek: 110 x 38 x 38 cm (L x B x H) Innerm\u00e5tt: 107 x 34,5 x 33 cm (L x B x H) M\u00e5tt hopf\u00e4lld: 110 x 38 x 7,5 cm (L x B x H) Produktvikt: 8,3 kg Volym: 120 L Max. belastningsf\u00f6rm\u00e5ga: 300 kg Leveransomfattning: 1 x hopf\u00e4llbar sittpall SONGMICS Obs!Sidov\u00e4ggarna p\u00e5 kistan f\u00e4sts med kl\u00e4mmor. Kontrollera dessa regelbundet och anv\u00e4nd inte produkten om en br\u00e4da har lossnat eller sitter l\u00f6st.<\/p>\n","protected":false},"excerpt":{"rendered":"<p>SONGMICS F\u00e4llbar pall, b\u00e4nk med f\u00f6rvaringsutrymme, rektangul\u00e4r sittkista, belastningskapacitet upp till 300 kg, stoppad, sammet, gr\u00e5 LSF73GY<\/p>\n","protected":false},"featured_media":43652,"comment_status":"open","ping_status":"closed","template":"","meta":[],"product_brand":[],"product_cat":[33],"product_tag":[],"class_list":{"0":"post-15914","1":"product","2":"type-product","3":"status-publish","4":"has-post-thumbnail","6":"product_cat-okategoriserad","8":"first","9":"instock","10":"shipping-taxable","11":"purchasable","12":"product-type-simple"},"_links":{"self":[{"href":"https:\/\/nordicmart.andreevmaster.com\/sv\/wp-json\/wp\/v2\/product\/15914","targetHints":{"allow":["GET"]}}],"collection":[{"href":"https:\/\/nordicmart.andreevmaster.com\/sv\/wp-json\/wp\/v2\/product"}],"about":[{"href":"https:\/\/nordicmart.andreevmaster.com\/sv\/wp-json\/wp\/v2\/types\/product"}],"replies":[{"embeddable":true,"href":"https:\/\/nordicmart.andreevmaster.com\/sv\/wp-json\/wp\/v2\/comments?post=15914"}],"wp:featuredmedia":[{"embeddable":true,"href":"https:\/\/nordicmart.andreevmaster.com\/sv\/wp-json\/wp\/v2\/media\/43652"}],"wp:attachment":[{"href":"https:\/\/nordicmart.andreevmaster.com\/sv\/wp-json\/wp\/v2\/media?parent=15914"}],"wp:term":[{"taxonomy":"product_brand","embeddable":true,"href":"https:\/\/nordicmart.andreevmaster.com\/sv\/wp-json\/wp\/v2\/product_brand?post=15914"},{"taxonomy":"product_cat","embeddable":true,"href":"https:\/\/nordicmart.andreevmaster.com\/sv\/wp-json\/wp\/v2\/product_cat?post=15914"},{"taxonomy":"product_tag","embeddable":true,"href":"https:\/\/nordicmart.andreevmaster.com\/sv\/wp-json\/wp\/v2\/product_tag?post=15914"}],"curies":[{"name":"wp","href":"https:\/\/api.w.org\/{rel}","templated":true}]}}