{"id":15913,"date":"2026-02-27T00:28:19","date_gmt":"2026-02-27T00:28:19","guid":{"rendered":"https:\/\/nordicmart.andreevmaster.com\/product\/songmics-bank-med-fallbart-lock-110-cm-ljusgra\/"},"modified":"2026-02-27T08:19:14","modified_gmt":"2026-02-27T08:19:14","slug":"songmics-bank-med-fallbart-lock-110-cm-ljusgra","status":"publish","type":"product","link":"https:\/\/nordicmart.andreevmaster.com\/sv\/produkt\/songmics-bank-med-fallbart-lock-110-cm-ljusgra\/","title":{"rendered":"SONGMICS b\u00e4nk med f\u00e4llbart lock 110 cm ljusgr\u00e5"},"content":{"rendered":"<p>Denna b\u00e4nk \u00e4r utformad i b\u00e4sta Chesterfield-stil med de typiska tygvecken och \u00e4r ett prisv\u00e4rt alternativ till de ber\u00f6mda engelska f\u00f6rebilderna. Kl\u00e4dseln i ljusgr\u00e5 imiterad linne ger m\u00f6beln extra charm och g\u00f6r den s\u00e4rskilt slitstark.  Platsbesparande \u00e4n en soffa eller garderob Ist\u00e4llet f\u00f6r att k\u00f6pa en extra soffa f\u00f6r fler sittplatser i vardagsrummet eller en ny garderob f\u00f6r mer f\u00f6rvaringsutrymme i sovrummet, kan du v\u00e4lja denna b\u00e4nk som \u00e4r &#8221;en storlek mindre&#8221;. Placera den mittemot din soffa eller st\u00e4ll den bekv\u00e4ma stoppade m\u00f6beln vid fot\u00e4nden av din s\u00e4ng och f\u00f6rvara s\u00e4ngkl\u00e4der eller pyjamas i den. Den eleganta l\u00e5dan \u00e4r f\u00f6rsedd med g\u00e5ngj\u00e4rn och \u00e4r l\u00e4tt att \u00f6ppna och st\u00e4nga. Konstruktionen i MDF ger dessutom ett stabilt st\u00f6d, s\u00e5 att \u00e4ven tv\u00e5 eller tre personer med en total vikt p\u00e5 upp till 300 kg (statisk belastningskapacitet) kan sitta p\u00e5 kistan samtidigt. SONGMICS har m\u00e5nga fler prisv\u00e4rda och smarta inredningsid\u00e9er f\u00f6r dig: Titta g\u00e4rna!  Produktdetaljer: &#8211; F\u00e4rg: Ljusgr\u00e5 &#8211; Material: Imitation av linne, MDF (medeldensitetsfiberplatta), skumplast &#8211; Storlek: 110 x 38 x 38 cm (B x D x H) &#8211; Vikt: 9,7 kg &#8211; Max. b\u00e4rf\u00f6rm\u00e5ga: 300 kg (statisk belastningsf\u00f6rm\u00e5ga)  Leveransomfattning: &#8211; 1 x sittb\u00e4nk<\/p>\n","protected":false},"excerpt":{"rendered":"<p>SONGMICS 110 x 38 x 38 cm hopf\u00e4llbar sittpall 3-sitsig, belastningskapacitet upp till 300 kg fotpall skopall trappstegspall linne, ljusgr\u00e5 LSF71G<\/p>\n","protected":false},"featured_media":43651,"comment_status":"open","ping_status":"closed","template":"","meta":[],"product_brand":[],"product_cat":[33],"product_tag":[],"class_list":{"0":"post-15913","1":"product","2":"type-product","3":"status-publish","4":"has-post-thumbnail","6":"product_cat-okategoriserad","8":"first","9":"instock","10":"shipping-taxable","11":"purchasable","12":"product-type-simple"},"_links":{"self":[{"href":"https:\/\/nordicmart.andreevmaster.com\/sv\/wp-json\/wp\/v2\/product\/15913","targetHints":{"allow":["GET"]}}],"collection":[{"href":"https:\/\/nordicmart.andreevmaster.com\/sv\/wp-json\/wp\/v2\/product"}],"about":[{"href":"https:\/\/nordicmart.andreevmaster.com\/sv\/wp-json\/wp\/v2\/types\/product"}],"replies":[{"embeddable":true,"href":"https:\/\/nordicmart.andreevmaster.com\/sv\/wp-json\/wp\/v2\/comments?post=15913"}],"wp:featuredmedia":[{"embeddable":true,"href":"https:\/\/nordicmart.andreevmaster.com\/sv\/wp-json\/wp\/v2\/media\/43651"}],"wp:attachment":[{"href":"https:\/\/nordicmart.andreevmaster.com\/sv\/wp-json\/wp\/v2\/media?parent=15913"}],"wp:term":[{"taxonomy":"product_brand","embeddable":true,"href":"https:\/\/nordicmart.andreevmaster.com\/sv\/wp-json\/wp\/v2\/product_brand?post=15913"},{"taxonomy":"product_cat","embeddable":true,"href":"https:\/\/nordicmart.andreevmaster.com\/sv\/wp-json\/wp\/v2\/product_cat?post=15913"},{"taxonomy":"product_tag","embeddable":true,"href":"https:\/\/nordicmart.andreevmaster.com\/sv\/wp-json\/wp\/v2\/product_tag?post=15913"}],"curies":[{"name":"wp","href":"https:\/\/api.w.org\/{rel}","templated":true}]}}