{"id":15911,"date":"2026-02-27T00:28:18","date_gmt":"2026-02-27T00:28:18","guid":{"rendered":"https:\/\/nordicmart.andreevmaster.com\/product\/songmics-sittbank-med-forvaringsutrymme-110-cm-lang\/"},"modified":"2026-02-27T08:19:13","modified_gmt":"2026-02-27T08:19:13","slug":"songmics-sittbank-med-forvaringsutrymme-110-cm-lang","status":"publish","type":"product","link":"https:\/\/nordicmart.andreevmaster.com\/sv\/produkt\/songmics-sittbank-med-forvaringsutrymme-110-cm-lang\/","title":{"rendered":"SONGMICS sittb\u00e4nk med f\u00f6rvaringsutrymme 110 cm l\u00e5ng"},"content":{"rendered":"<p>I b\u00e4sta Chesterfield-stil \u00e4r denna sittb\u00e4nk den perfekta varianten av de ber\u00f6mda engelska f\u00f6rebilderna. Kl\u00e4dseln i gr\u00e5tt konstl\u00e4der ger m\u00f6beln extra charm och g\u00f6r den s\u00e4rskilt slitstark. Mer utrymmesbesparande \u00e4n en soffa eller garderob Ist\u00e4llet f\u00f6r att k\u00f6pa en extra soffa f\u00f6r fler sittplatser i vardagsrummet eller en ny garderob f\u00f6r mer f\u00f6rvaringsutrymme i sovrummet, kan du v\u00e4lja denna sittb\u00e4nk som \u00e4r \u201den storlek mindre\u201d. Placera den mittemot din soffa eller st\u00e4ll den bekv\u00e4ma stoppade m\u00f6beln vid fot\u00e4nden av din s\u00e4ng och f\u00f6rvara s\u00e4ngkl\u00e4der eller pyjamas i den. Den eleganta l\u00e5dan \u00e4r l\u00e4tt att \u00f6ppna, st\u00e4nga och f\u00e4lla ihop. Konstruktionen i MDF ger dessutom ett stabilt st\u00f6d, s\u00e5 att \u00e4ven tv\u00e5 personer som v\u00e4ger upp till 300 kg (statisk belastningskapacitet) samtidigt kan s\u00e4tta sig p\u00e5 kistan. SONGMICS har m\u00e5nga fler smarta inredningsid\u00e9er \u00e5t dig: Titta g\u00e4rna! Produktdetaljer:- F\u00e4rg: Gr\u00e5 &#8211; Material: PVC, MDF (medeldensitetsfiberplatta), skumplast &#8211; Storlek: 110 x 38 x 38 cm (L x B x H) &#8211; Vikt: 8,8 kg &#8211; Max. statisk belastningskapacitet: 300 kg Leveransomfattning: &#8211; 1 x b\u00e4nk Produktbeskrivning<\/p>\n","protected":false},"excerpt":{"rendered":"<p>SONGMICS F\u00e4llbar sittpall med f\u00f6rvaringsutrymme, 3-sitsig, belastningskapacitet upp till 300 kg, konstl\u00e4der, beige, 110 x 38 x 38 cm, LSF70M<\/p>\n","protected":false},"featured_media":43649,"comment_status":"open","ping_status":"closed","template":"","meta":[],"product_brand":[],"product_cat":[33],"product_tag":[],"class_list":{"0":"post-15911","1":"product","2":"type-product","3":"status-publish","4":"has-post-thumbnail","6":"product_cat-okategoriserad","8":"first","9":"instock","10":"shipping-taxable","11":"purchasable","12":"product-type-simple"},"_links":{"self":[{"href":"https:\/\/nordicmart.andreevmaster.com\/sv\/wp-json\/wp\/v2\/product\/15911","targetHints":{"allow":["GET"]}}],"collection":[{"href":"https:\/\/nordicmart.andreevmaster.com\/sv\/wp-json\/wp\/v2\/product"}],"about":[{"href":"https:\/\/nordicmart.andreevmaster.com\/sv\/wp-json\/wp\/v2\/types\/product"}],"replies":[{"embeddable":true,"href":"https:\/\/nordicmart.andreevmaster.com\/sv\/wp-json\/wp\/v2\/comments?post=15911"}],"wp:featuredmedia":[{"embeddable":true,"href":"https:\/\/nordicmart.andreevmaster.com\/sv\/wp-json\/wp\/v2\/media\/43649"}],"wp:attachment":[{"href":"https:\/\/nordicmart.andreevmaster.com\/sv\/wp-json\/wp\/v2\/media?parent=15911"}],"wp:term":[{"taxonomy":"product_brand","embeddable":true,"href":"https:\/\/nordicmart.andreevmaster.com\/sv\/wp-json\/wp\/v2\/product_brand?post=15911"},{"taxonomy":"product_cat","embeddable":true,"href":"https:\/\/nordicmart.andreevmaster.com\/sv\/wp-json\/wp\/v2\/product_cat?post=15911"},{"taxonomy":"product_tag","embeddable":true,"href":"https:\/\/nordicmart.andreevmaster.com\/sv\/wp-json\/wp\/v2\/product_tag?post=15911"}],"curies":[{"name":"wp","href":"https:\/\/api.w.org\/{rel}","templated":true}]}}