{"id":15900,"date":"2026-02-27T00:28:15","date_gmt":"2026-02-27T00:28:15","guid":{"rendered":"https:\/\/nordicmart.andreevmaster.com\/product\/songmics-bank-med-forvaringsutrymme-och-hopfallbar-design\/"},"modified":"2026-02-27T08:19:11","modified_gmt":"2026-02-27T08:19:11","slug":"songmics-bank-med-forvaringsutrymme-och-hopfallbar-design","status":"publish","type":"product","link":"https:\/\/nordicmart.andreevmaster.com\/sv\/produkt\/songmics-bank-med-forvaringsutrymme-och-hopfallbar-design\/","title":{"rendered":"SONGMICS b\u00e4nk med f\u00f6rvaringsutrymme och hopf\u00e4llbar design"},"content":{"rendered":"<p>SONGMICS b\u00e4nk med f\u00f6rvaringsutrymme, hopf\u00e4llbar fotpall, 38 x 76 x 38 cm, s\u00e4ngb\u00e4nk, f\u00f6rvaringsbox, belastningskapacitet upp till 300 kg, vardagsrum, sovrum, entr\u00e9, pastellrosa LSF603R01<br \/>\nF\u00e4rg: pastellrosa<br \/>\nMaterial: MDF (medeldensitetsfiberplatta), corduroy, 25D h\u00f6gelastisk skumplast<br \/>\nStorlek: 38 x 76 x 38 cm (D x B x H)<br \/>\nVikt: 6,3 kg<br \/>\nMax. statisk belastningskapacitet: 300 kg<br \/>\nKapacitet: 89 liter<\/p>\n","protected":false},"excerpt":{"rendered":"<p>SONGMICS b\u00e4nk med f\u00f6rvaringsutrymme, hopf\u00e4llbar fotpall, 38 x 76 x 38 cm, s\u00e4ngb\u00e4nk, f\u00f6rvaringsbox, belastningskapacitet upp till 300 kg, vardagsrum, sovrum, entr\u00e9, pastellrosa LSF603R01<\/p>\n","protected":false},"featured_media":43638,"comment_status":"open","ping_status":"closed","template":"","meta":[],"product_brand":[],"product_cat":[33],"product_tag":[],"class_list":{"0":"post-15900","1":"product","2":"type-product","3":"status-publish","4":"has-post-thumbnail","6":"product_cat-okategoriserad","8":"first","9":"instock","10":"shipping-taxable","11":"purchasable","12":"product-type-simple"},"_links":{"self":[{"href":"https:\/\/nordicmart.andreevmaster.com\/sv\/wp-json\/wp\/v2\/product\/15900","targetHints":{"allow":["GET"]}}],"collection":[{"href":"https:\/\/nordicmart.andreevmaster.com\/sv\/wp-json\/wp\/v2\/product"}],"about":[{"href":"https:\/\/nordicmart.andreevmaster.com\/sv\/wp-json\/wp\/v2\/types\/product"}],"replies":[{"embeddable":true,"href":"https:\/\/nordicmart.andreevmaster.com\/sv\/wp-json\/wp\/v2\/comments?post=15900"}],"wp:featuredmedia":[{"embeddable":true,"href":"https:\/\/nordicmart.andreevmaster.com\/sv\/wp-json\/wp\/v2\/media\/43638"}],"wp:attachment":[{"href":"https:\/\/nordicmart.andreevmaster.com\/sv\/wp-json\/wp\/v2\/media?parent=15900"}],"wp:term":[{"taxonomy":"product_brand","embeddable":true,"href":"https:\/\/nordicmart.andreevmaster.com\/sv\/wp-json\/wp\/v2\/product_brand?post=15900"},{"taxonomy":"product_cat","embeddable":true,"href":"https:\/\/nordicmart.andreevmaster.com\/sv\/wp-json\/wp\/v2\/product_cat?post=15900"},{"taxonomy":"product_tag","embeddable":true,"href":"https:\/\/nordicmart.andreevmaster.com\/sv\/wp-json\/wp\/v2\/product_tag?post=15900"}],"curies":[{"name":"wp","href":"https:\/\/api.w.org\/{rel}","templated":true}]}}