{"id":15899,"date":"2026-02-27T00:28:15","date_gmt":"2026-02-27T00:28:15","guid":{"rendered":"https:\/\/nordicmart.andreevmaster.com\/product\/songmics-sittbank-med-forvaringsutrymme-rod\/"},"modified":"2026-02-27T08:19:11","modified_gmt":"2026-02-27T08:19:11","slug":"songmics-sittbank-med-forvaringsutrymme-rod","status":"publish","type":"product","link":"https:\/\/nordicmart.andreevmaster.com\/sv\/produkt\/songmics-sittbank-med-forvaringsutrymme-rod\/","title":{"rendered":"SONGMICS sittb\u00e4nk med f\u00f6rvaringsutrymme, r\u00f6d"},"content":{"rendered":"<p>Denna sittkista fr\u00e5n SONGMICS \u00e4r ett perfekt komplement till din heminredning. Tack vare den smarta designen kan l\u00e5dan anv\u00e4ndas f\u00f6r flera olika \u00e4ndam\u00e5l och fungerar framf\u00f6r allt i mindre l\u00e4genheter som en praktisk skob\u00e4nk, s\u00e4ngkista eller extra sittplats i vardagsrummet.  G\u00f6r det bekv\u00e4mt f\u00f6r dig p\u00e5 b\u00e4nkens mjuka stoppning och stryk med handen \u00f6ver det behagliga \u00f6verdraget i imiterat linne. Inte bara detta \u00e4r extremt slitstarkt, utan \u00e4ven hela konstruktionen av h\u00f6gkvalitativ MDF, som ger en maximal statisk belastningskapacitet p\u00e5 300 kg. Produktdetaljer: &#8211; F\u00e4rg: r\u00f6d &#8211; Material: imiterat linne, skumplast, MDF (medeldensitetsfiberplatta) &#8211; M\u00e5tt (utv\u00e4ndiga): 76 x 38 x 38 cm (L x B x H) &#8211; M\u00e5tt (inre): 73 x 33,5 x 34 cm (L x B x H) &#8211; Vikt: 6,0 kg &#8211; Max. statisk belastningskapacitet: 300 kg Leveransomfattning: &#8211; 1 x sittkista SONGMICS Anm\u00e4rkningar: &#8211; Kistan \u00e4r inte en leksak! Anv\u00e4ndning av sm\u00e5 barn \u00e4r endast till\u00e5ten under direkt uppsikt av vuxna. &#8211; St\u00e4ll dig inte p\u00e5 produkten och anv\u00e4nd den inte som stege eller kl\u00e4tterhj\u00e4lpmedel.<\/p>\n","protected":false},"excerpt":{"rendered":"<p>SONGMICS b\u00e4nk med f\u00f6rvaringsutrymme, f\u00f6rvaringskista, sittpall, f\u00f6rvaringsbox, fotst\u00f6d, hopf\u00e4llbar, belastningskapacitet upp till 300 kg, 80 L, 76 x 38 x 38 cm, imiterat linne, ljusgr\u00e5 LSF47G<\/p>\n","protected":false},"featured_media":43637,"comment_status":"open","ping_status":"closed","template":"","meta":[],"product_brand":[],"product_cat":[33],"product_tag":[],"class_list":{"0":"post-15899","1":"product","2":"type-product","3":"status-publish","4":"has-post-thumbnail","6":"product_cat-okategoriserad","8":"first","9":"instock","10":"shipping-taxable","11":"purchasable","12":"product-type-simple"},"_links":{"self":[{"href":"https:\/\/nordicmart.andreevmaster.com\/sv\/wp-json\/wp\/v2\/product\/15899","targetHints":{"allow":["GET"]}}],"collection":[{"href":"https:\/\/nordicmart.andreevmaster.com\/sv\/wp-json\/wp\/v2\/product"}],"about":[{"href":"https:\/\/nordicmart.andreevmaster.com\/sv\/wp-json\/wp\/v2\/types\/product"}],"replies":[{"embeddable":true,"href":"https:\/\/nordicmart.andreevmaster.com\/sv\/wp-json\/wp\/v2\/comments?post=15899"}],"wp:featuredmedia":[{"embeddable":true,"href":"https:\/\/nordicmart.andreevmaster.com\/sv\/wp-json\/wp\/v2\/media\/43637"}],"wp:attachment":[{"href":"https:\/\/nordicmart.andreevmaster.com\/sv\/wp-json\/wp\/v2\/media?parent=15899"}],"wp:term":[{"taxonomy":"product_brand","embeddable":true,"href":"https:\/\/nordicmart.andreevmaster.com\/sv\/wp-json\/wp\/v2\/product_brand?post=15899"},{"taxonomy":"product_cat","embeddable":true,"href":"https:\/\/nordicmart.andreevmaster.com\/sv\/wp-json\/wp\/v2\/product_cat?post=15899"},{"taxonomy":"product_tag","embeddable":true,"href":"https:\/\/nordicmart.andreevmaster.com\/sv\/wp-json\/wp\/v2\/product_tag?post=15899"}],"curies":[{"name":"wp","href":"https:\/\/api.w.org\/{rel}","templated":true}]}}