{"id":15898,"date":"2026-02-27T00:28:15","date_gmt":"2026-02-27T00:28:15","guid":{"rendered":"https:\/\/nordicmart.andreevmaster.com\/product\/songmics-sittkista-80-l-chokladbrun\/"},"modified":"2026-02-27T08:19:10","modified_gmt":"2026-02-27T08:19:10","slug":"songmics-sittkista-80-l-chokladbrun","status":"publish","type":"product","link":"https:\/\/nordicmart.andreevmaster.com\/sv\/produkt\/songmics-sittkista-80-l-chokladbrun\/","title":{"rendered":"SONGMICS sittkista 80 L chokladbrun"},"content":{"rendered":"<p>Denna sittkista med elegant utseende \u00e4r ett riktigt blickf\u00e5ng i varje rum och en idealisk l\u00f6sning f\u00f6r f\u00f6rem\u00e5l som ligger och skr\u00e4par i l\u00e4genheten! Sitsen \u00e4r tillverkad av extra tjock skumplast, vilket ger en behaglig sittk\u00e4nsla. Med extra tjock bottenplatta och lockplatta. Tack vare den stabila konstruktionen deformeras inte pallen l\u00e4tt. Det avtagbara locket g\u00f6r denna sittkista perfekt f\u00f6r f\u00f6rvaring av filtar, tidningar, CD-\/DVD-skivor, b\u00f6cker etc. Sittpallen fr\u00e5n Songmics \u00e4r perfekt f\u00f6r matsalen, vardagsrummet, barnrummet, sovrummet etc. och passar bra i alla h\u00f6rn!Produktdetaljer: Material: MDF-skiva + konstl\u00e4der M\u00e5tt: ca 76 x 38 x 38 cm (B x H x D) Innerm\u00e5tt: 73 x 34 x 33,5 cm (B x H x D) F\u00e4rg: Chokladbrun Enkelvikt: 6,62 kg Leveransomfattning: 1 x hopf\u00e4llbar sittpall<\/p>\n","protected":false},"excerpt":{"rendered":"<p>SONGMICS b\u00e4nk med f\u00f6rvaringsutrymme, sittkista med lock, f\u00f6rvaringsbox, hopf\u00e4llbar, max. statisk belastningskapacitet 300 kg, 80 L, 76 x 38 x 38 cm, imiterat linne, ljusgr\u00e5 melerad LSF41G<\/p>\n","protected":false},"featured_media":43636,"comment_status":"open","ping_status":"closed","template":"","meta":[],"product_brand":[],"product_cat":[33],"product_tag":[],"class_list":{"0":"post-15898","1":"product","2":"type-product","3":"status-publish","4":"has-post-thumbnail","6":"product_cat-okategoriserad","8":"first","9":"instock","10":"shipping-taxable","11":"purchasable","12":"product-type-simple"},"_links":{"self":[{"href":"https:\/\/nordicmart.andreevmaster.com\/sv\/wp-json\/wp\/v2\/product\/15898","targetHints":{"allow":["GET"]}}],"collection":[{"href":"https:\/\/nordicmart.andreevmaster.com\/sv\/wp-json\/wp\/v2\/product"}],"about":[{"href":"https:\/\/nordicmart.andreevmaster.com\/sv\/wp-json\/wp\/v2\/types\/product"}],"replies":[{"embeddable":true,"href":"https:\/\/nordicmart.andreevmaster.com\/sv\/wp-json\/wp\/v2\/comments?post=15898"}],"wp:featuredmedia":[{"embeddable":true,"href":"https:\/\/nordicmart.andreevmaster.com\/sv\/wp-json\/wp\/v2\/media\/43636"}],"wp:attachment":[{"href":"https:\/\/nordicmart.andreevmaster.com\/sv\/wp-json\/wp\/v2\/media?parent=15898"}],"wp:term":[{"taxonomy":"product_brand","embeddable":true,"href":"https:\/\/nordicmart.andreevmaster.com\/sv\/wp-json\/wp\/v2\/product_brand?post=15898"},{"taxonomy":"product_cat","embeddable":true,"href":"https:\/\/nordicmart.andreevmaster.com\/sv\/wp-json\/wp\/v2\/product_cat?post=15898"},{"taxonomy":"product_tag","embeddable":true,"href":"https:\/\/nordicmart.andreevmaster.com\/sv\/wp-json\/wp\/v2\/product_tag?post=15898"}],"curies":[{"name":"wp","href":"https:\/\/api.w.org\/{rel}","templated":true}]}}