{"id":15897,"date":"2026-02-27T00:28:14","date_gmt":"2026-02-27T00:28:14","guid":{"rendered":"https:\/\/nordicmart.andreevmaster.com\/product\/songmics-bank-med-forvaringsutrymme-76-cm-morkgra\/"},"modified":"2026-02-27T08:19:10","modified_gmt":"2026-02-27T08:19:10","slug":"songmics-bank-med-forvaringsutrymme-76-cm-morkgra","status":"publish","type":"product","link":"https:\/\/nordicmart.andreevmaster.com\/sv\/produkt\/songmics-bank-med-forvaringsutrymme-76-cm-morkgra\/","title":{"rendered":"SONGMICS b\u00e4nk med f\u00f6rvaringsutrymme 76 cm m\u00f6rkgr\u00e5"},"content":{"rendered":"<p>Produktbeskrivning:  &#8211; Rundade h\u00f6rn, noggrann bearbetning, enkel design, milj\u00f6v\u00e4nlig, robust och slitstark.  &#8211; Anpassar sig enkelt till \u00f6nskad milj\u00f6 och finns i olika f\u00e4rger och storlekar.  &#8211; L\u00e4mplig f\u00f6r f\u00f6rvaring, men kan \u00e4ven anv\u00e4ndas som sittplats, skob\u00e4nk, fotpall, nattduksbord etc.  Leveransomf\u00e5ng:  &#8211; 1 x hopf\u00e4llbar f\u00f6rvaringsb\u00e4nk<\/p>\n","protected":false},"excerpt":{"rendered":"<p>SONGMICS b\u00e4nk med f\u00f6rvaringsutrymme, f\u00f6rvaringskista, sittpall, f\u00f6rvaringsbox, fotst\u00f6d, hopf\u00e4llbar, belastningskapacitet upp till 300 kg, 80 L, 76 x 38 x 38 cm, imiterat linne, ljusgr\u00e5 LSF47G<\/p>\n","protected":false},"featured_media":43635,"comment_status":"open","ping_status":"closed","template":"","meta":[],"product_brand":[],"product_cat":[33],"product_tag":[],"class_list":{"0":"post-15897","1":"product","2":"type-product","3":"status-publish","4":"has-post-thumbnail","6":"product_cat-okategoriserad","8":"first","9":"instock","10":"shipping-taxable","11":"purchasable","12":"product-type-simple"},"_links":{"self":[{"href":"https:\/\/nordicmart.andreevmaster.com\/sv\/wp-json\/wp\/v2\/product\/15897","targetHints":{"allow":["GET"]}}],"collection":[{"href":"https:\/\/nordicmart.andreevmaster.com\/sv\/wp-json\/wp\/v2\/product"}],"about":[{"href":"https:\/\/nordicmart.andreevmaster.com\/sv\/wp-json\/wp\/v2\/types\/product"}],"replies":[{"embeddable":true,"href":"https:\/\/nordicmart.andreevmaster.com\/sv\/wp-json\/wp\/v2\/comments?post=15897"}],"wp:featuredmedia":[{"embeddable":true,"href":"https:\/\/nordicmart.andreevmaster.com\/sv\/wp-json\/wp\/v2\/media\/43635"}],"wp:attachment":[{"href":"https:\/\/nordicmart.andreevmaster.com\/sv\/wp-json\/wp\/v2\/media?parent=15897"}],"wp:term":[{"taxonomy":"product_brand","embeddable":true,"href":"https:\/\/nordicmart.andreevmaster.com\/sv\/wp-json\/wp\/v2\/product_brand?post=15897"},{"taxonomy":"product_cat","embeddable":true,"href":"https:\/\/nordicmart.andreevmaster.com\/sv\/wp-json\/wp\/v2\/product_cat?post=15897"},{"taxonomy":"product_tag","embeddable":true,"href":"https:\/\/nordicmart.andreevmaster.com\/sv\/wp-json\/wp\/v2\/product_tag?post=15897"}],"curies":[{"name":"wp","href":"https:\/\/api.w.org\/{rel}","templated":true}]}}