{"id":15896,"date":"2026-02-27T00:28:14","date_gmt":"2026-02-27T00:28:14","guid":{"rendered":"https:\/\/nordicmart.andreevmaster.com\/product\/songmics-sittkista-76-cm-marinbla\/"},"modified":"2026-02-27T08:19:10","modified_gmt":"2026-02-27T08:19:10","slug":"songmics-sittkista-76-cm-marinbla","status":"publish","type":"product","link":"https:\/\/nordicmart.andreevmaster.com\/sv\/produkt\/songmics-sittkista-76-cm-marinbla\/","title":{"rendered":"SONGMICS sittkista 76 cm marinbl\u00e5"},"content":{"rendered":"<p>Denna sittb\u00e4nk \u00e4r utformad i b\u00e4sta Chesterfield-stil med de typiska tygvecken och \u00e4r ett prisv\u00e4rt alternativ till de ber\u00f6mda engelska f\u00f6rebilderna. Kl\u00e4dseln i m\u00f6rkbl\u00e5 imiterad linne ger m\u00f6beln extra charm och g\u00f6r den s\u00e4rskilt slitstark.  Platsbesparande \u00e4n en soffa eller garderob Ist\u00e4llet f\u00f6r att k\u00f6pa en extra soffa f\u00f6r fler sittplatser i vardagsrummet eller en ny garderob f\u00f6r mer f\u00f6rvaringsutrymme i sovrummet, kan du v\u00e4lja denna b\u00e4nk som \u00e4r &#8221;en storlek mindre&#8221;. Placera den mittemot din soffa eller st\u00e4ll den bekv\u00e4ma stoppade m\u00f6beln vid fot\u00e4nden av din s\u00e4ng och f\u00f6rvara s\u00e4ngkl\u00e4der eller pyjamas i den. Den eleganta l\u00e5dan \u00e4r l\u00e4tt att \u00f6ppna, st\u00e4nga och f\u00e4lla ihop. Konstruktionen i MDF ger dessutom ett stabilt st\u00f6d, s\u00e5 att \u00e4ven tv\u00e5 personer som v\u00e4ger upp till 300 kg (statisk belastningskapacitet) samtidigt kan s\u00e4tta sig p\u00e5 kistan. SONGMICS har m\u00e5nga fler prisv\u00e4rda och smarta inredningsid\u00e9er f\u00f6r dig: Titta g\u00e4rna!  Produktdetaljer: &#8211; F\u00e4rg: m\u00f6rkbl\u00e5 &#8211; Material: imiterat linne, MDF (medeldensitetsfiberplatta), skumplast &#8211; Storlek: 76 x 38 x 38 cm (B x D x H) &#8211; Vikt: 6,4 kg &#8211; Max. b\u00e4rf\u00f6rm\u00e5ga: 300 kg (statisk belastningsf\u00f6rm\u00e5ga)  Leveransomfattning: &#8211; 1 x b\u00e4nk<\/p>\n","protected":false},"excerpt":{"rendered":"<p>SONGMICS b\u00e4nk med f\u00f6rvaringsutrymme, f\u00f6rvaringskista, sittpall, f\u00f6rvaringsbox, fotst\u00f6d, hopf\u00e4llbar, belastningskapacitet upp till 300 kg, 80 L, 76 x 38 x 38 cm, imiterat linne, ljusgr\u00e5 LSF47G<\/p>\n","protected":false},"featured_media":43634,"comment_status":"open","ping_status":"closed","template":"","meta":[],"product_brand":[],"product_cat":[33],"product_tag":[],"class_list":{"0":"post-15896","1":"product","2":"type-product","3":"status-publish","4":"has-post-thumbnail","6":"product_cat-okategoriserad","8":"first","9":"instock","10":"shipping-taxable","11":"purchasable","12":"product-type-simple"},"_links":{"self":[{"href":"https:\/\/nordicmart.andreevmaster.com\/sv\/wp-json\/wp\/v2\/product\/15896","targetHints":{"allow":["GET"]}}],"collection":[{"href":"https:\/\/nordicmart.andreevmaster.com\/sv\/wp-json\/wp\/v2\/product"}],"about":[{"href":"https:\/\/nordicmart.andreevmaster.com\/sv\/wp-json\/wp\/v2\/types\/product"}],"replies":[{"embeddable":true,"href":"https:\/\/nordicmart.andreevmaster.com\/sv\/wp-json\/wp\/v2\/comments?post=15896"}],"wp:featuredmedia":[{"embeddable":true,"href":"https:\/\/nordicmart.andreevmaster.com\/sv\/wp-json\/wp\/v2\/media\/43634"}],"wp:attachment":[{"href":"https:\/\/nordicmart.andreevmaster.com\/sv\/wp-json\/wp\/v2\/media?parent=15896"}],"wp:term":[{"taxonomy":"product_brand","embeddable":true,"href":"https:\/\/nordicmart.andreevmaster.com\/sv\/wp-json\/wp\/v2\/product_brand?post=15896"},{"taxonomy":"product_cat","embeddable":true,"href":"https:\/\/nordicmart.andreevmaster.com\/sv\/wp-json\/wp\/v2\/product_cat?post=15896"},{"taxonomy":"product_tag","embeddable":true,"href":"https:\/\/nordicmart.andreevmaster.com\/sv\/wp-json\/wp\/v2\/product_tag?post=15896"}],"curies":[{"name":"wp","href":"https:\/\/api.w.org\/{rel}","templated":true}]}}