{"id":15893,"date":"2026-02-27T00:28:13","date_gmt":"2026-02-27T00:28:13","guid":{"rendered":"https:\/\/nordicmart.andreevmaster.com\/product\/songmics-bank-med-fallbart-lock-76-cm-morkgra\/"},"modified":"2026-02-27T08:19:09","modified_gmt":"2026-02-27T08:19:09","slug":"songmics-bank-med-fallbart-lock-76-cm-morkgra","status":"publish","type":"product","link":"https:\/\/nordicmart.andreevmaster.com\/sv\/produkt\/songmics-bank-med-fallbart-lock-76-cm-morkgra\/","title":{"rendered":"SONGMICS b\u00e4nk med f\u00e4llbart lock 76 cm m\u00f6rkgr\u00e5"},"content":{"rendered":"<p>Denna sittpall kan inte bara anv\u00e4ndas som en f\u00f6rvaringsl\u00e5da med 80 liters kapacitet f\u00f6r f\u00f6rvaring av tv\u00e4tt, leksaker etc., utan passar ocks\u00e5 bra som en 76 cm h\u00f6g sittplats i vardagsrummet, sovrummet, hallen och barnrummet. Produktdetaljer: Material: Kl\u00e4dsel av imiterat linne, skumplast, MDF-skiva Max. belastningskapacitet: 300 kg M\u00e5tt (utv\u00e4ndiga): 76 x 38 x 38 cm (B x H x D) M\u00e5tt (inv\u00e4ndig): 73 x 34 x 33,5 cm (B x H x D) Nettovikt: 6,0 kg Anm\u00e4rkningar: Produkten \u00e4r inte en leksak! L\u00e5t inte barn kl\u00e4ttra p\u00e5 den eller leka med den f\u00f6r att undvika skador. Kl\u00e4ttra aldrig p\u00e5 b\u00e4nken och anv\u00e4nd den inte som stege eller kl\u00e4tterhj\u00e4lpmedel.Leveransomfattning:1 x b\u00e4nk1 x bruksanvisning (DE, EN, FR, IT, ES)<\/p>\n","protected":false},"excerpt":{"rendered":"<p>SONGMICS F\u00e4llbar b\u00e4nk 80 L F\u00f6rvaringsb\u00e4nk Halv lock som kan f\u00e4llas \u00e5t sidan, belastningskapacitet upp till 300 kg 76 x 38 x 38 cm m\u00f6rkgr\u00e5 LSF46GYZ<\/p>\n","protected":false},"featured_media":43631,"comment_status":"open","ping_status":"closed","template":"","meta":[],"product_brand":[],"product_cat":[33],"product_tag":[],"class_list":{"0":"post-15893","1":"product","2":"type-product","3":"status-publish","4":"has-post-thumbnail","6":"product_cat-okategoriserad","8":"first","9":"instock","10":"shipping-taxable","11":"purchasable","12":"product-type-simple"},"_links":{"self":[{"href":"https:\/\/nordicmart.andreevmaster.com\/sv\/wp-json\/wp\/v2\/product\/15893","targetHints":{"allow":["GET"]}}],"collection":[{"href":"https:\/\/nordicmart.andreevmaster.com\/sv\/wp-json\/wp\/v2\/product"}],"about":[{"href":"https:\/\/nordicmart.andreevmaster.com\/sv\/wp-json\/wp\/v2\/types\/product"}],"replies":[{"embeddable":true,"href":"https:\/\/nordicmart.andreevmaster.com\/sv\/wp-json\/wp\/v2\/comments?post=15893"}],"wp:featuredmedia":[{"embeddable":true,"href":"https:\/\/nordicmart.andreevmaster.com\/sv\/wp-json\/wp\/v2\/media\/43631"}],"wp:attachment":[{"href":"https:\/\/nordicmart.andreevmaster.com\/sv\/wp-json\/wp\/v2\/media?parent=15893"}],"wp:term":[{"taxonomy":"product_brand","embeddable":true,"href":"https:\/\/nordicmart.andreevmaster.com\/sv\/wp-json\/wp\/v2\/product_brand?post=15893"},{"taxonomy":"product_cat","embeddable":true,"href":"https:\/\/nordicmart.andreevmaster.com\/sv\/wp-json\/wp\/v2\/product_cat?post=15893"},{"taxonomy":"product_tag","embeddable":true,"href":"https:\/\/nordicmart.andreevmaster.com\/sv\/wp-json\/wp\/v2\/product_tag?post=15893"}],"curies":[{"name":"wp","href":"https:\/\/api.w.org\/{rel}","templated":true}]}}