{"id":15891,"date":"2026-02-27T00:28:13","date_gmt":"2026-02-27T00:28:13","guid":{"rendered":"https:\/\/nordicmart.andreevmaster.com\/product\/songmics-bank-med-fallbart-lock-76-cm-svart\/"},"modified":"2026-02-27T08:19:09","modified_gmt":"2026-02-27T08:19:09","slug":"songmics-bank-med-fallbart-lock-76-cm-svart","status":"publish","type":"product","link":"https:\/\/nordicmart.andreevmaster.com\/sv\/produkt\/songmics-bank-med-fallbart-lock-76-cm-svart\/","title":{"rendered":"SONGMICS b\u00e4nk med f\u00e4llbart lock 76 cm svart"},"content":{"rendered":"<p>B\u00e4nken kombinerar f\u00f6rvaring och sittplats. P\u00e5 s\u00e5 s\u00e4tt m\u00f6jligg\u00f6r den inte bara platsbesparande f\u00f6rvaring, utan passar ocks\u00e5 bra som en modern sittplats tillsammans med m\u00f6blerna i vardagsrummet, sovrummet, hallen och barnrummet. Produktdetaljer: Material: PVC-\u00f6verdrag, skumplast, MDF-skiva Max. belastbarhet: 300 kg M\u00e5tt (utv\u00e4ndiga): 76 x 38 x 38 cm (B x H x D) M\u00e5tt (inv\u00e4ndig): 73 x 34 x 33,5 cm (B x H x D) Nettovikt: 6,0 kg Bruttovikt: 6,6 kg Leveransomfattning: 1 x b\u00e4nk 1 x bruksanvisning (DE, EN, FR, IT, ES) Anm\u00e4rkningar:Produkten \u00e4r inte en leksak! L\u00e5t inte barn kl\u00e4ttra p\u00e5 den eller leka med den f\u00f6r att undvika skador. Kl\u00e4ttra aldrig p\u00e5 b\u00e4nken och anv\u00e4nd den inte som stege eller kl\u00e4tterhj\u00e4lpmedel.<\/p>\n","protected":false},"excerpt":{"rendered":"<p>SONGMICS 80 L b\u00e4nk sittpall F\u00e4llbar sittkista belastbar upp till 300 kg 76 x 38 x 38 cm vit LSF45WT<\/p>\n","protected":false},"featured_media":43629,"comment_status":"open","ping_status":"closed","template":"","meta":[],"product_brand":[],"product_cat":[33],"product_tag":[],"class_list":{"0":"post-15891","1":"product","2":"type-product","3":"status-publish","4":"has-post-thumbnail","6":"product_cat-okategoriserad","8":"first","9":"instock","10":"shipping-taxable","11":"purchasable","12":"product-type-simple"},"_links":{"self":[{"href":"https:\/\/nordicmart.andreevmaster.com\/sv\/wp-json\/wp\/v2\/product\/15891","targetHints":{"allow":["GET"]}}],"collection":[{"href":"https:\/\/nordicmart.andreevmaster.com\/sv\/wp-json\/wp\/v2\/product"}],"about":[{"href":"https:\/\/nordicmart.andreevmaster.com\/sv\/wp-json\/wp\/v2\/types\/product"}],"replies":[{"embeddable":true,"href":"https:\/\/nordicmart.andreevmaster.com\/sv\/wp-json\/wp\/v2\/comments?post=15891"}],"wp:featuredmedia":[{"embeddable":true,"href":"https:\/\/nordicmart.andreevmaster.com\/sv\/wp-json\/wp\/v2\/media\/43629"}],"wp:attachment":[{"href":"https:\/\/nordicmart.andreevmaster.com\/sv\/wp-json\/wp\/v2\/media?parent=15891"}],"wp:term":[{"taxonomy":"product_brand","embeddable":true,"href":"https:\/\/nordicmart.andreevmaster.com\/sv\/wp-json\/wp\/v2\/product_brand?post=15891"},{"taxonomy":"product_cat","embeddable":true,"href":"https:\/\/nordicmart.andreevmaster.com\/sv\/wp-json\/wp\/v2\/product_cat?post=15891"},{"taxonomy":"product_tag","embeddable":true,"href":"https:\/\/nordicmart.andreevmaster.com\/sv\/wp-json\/wp\/v2\/product_tag?post=15891"}],"curies":[{"name":"wp","href":"https:\/\/api.w.org\/{rel}","templated":true}]}}