{"id":15890,"date":"2026-02-27T00:28:12","date_gmt":"2026-02-27T00:28:12","guid":{"rendered":"https:\/\/nordicmart.andreevmaster.com\/product\/songmics-hornkladskap-i-tyg-svart\/"},"modified":"2026-02-27T08:19:08","modified_gmt":"2026-02-27T08:19:08","slug":"songmics-hornkladskap-i-tyg-svart","status":"publish","type":"product","link":"https:\/\/nordicmart.andreevmaster.com\/sv\/produkt\/songmics-hornkladskap-i-tyg-svart\/","title":{"rendered":"SONGMICS h\u00f6rnkl\u00e4dsk\u00e5p i tyg, svart"},"content":{"rendered":"<p>\u00c4r du alltid irriterad \u00f6ver kl\u00e4der som ligger och flyger omkring \u00f6verallt?  Och har du aldrig tillr\u00e4ckligt med plats f\u00f6r dina kl\u00e4der n\u00e4r du byter garderob efter s\u00e4song? Songmics h\u00f6rnkl\u00e4dsk\u00e5p \u00e4r den perfekta l\u00f6sningen f\u00f6r dig, s\u00e5 att du kan f\u00e5 ordning i ditt hem igen.  Sk\u00e5pet erbjuder mycket utrymme, det \u00e4r ett riktigt &#8221;utrymmesunderverk&#8221;, det rymmer mycket och f\u00f6rvarar mycket. I det kan du f\u00f6rvara allt m\u00f6jligt, till exempel s\u00e4ngkl\u00e4der, vinter-\/sommarkl\u00e4der, skor och liknande. Kl\u00e4dst\u00e5ngen och hyllorna m\u00f6jligg\u00f6r ocks\u00e5 en praktisk uppdelning, vilket g\u00f6r garderoben superfunktionell. Anm\u00e4rkningar: -Om r\u00f6ren \u00e4r sv\u00e5ra att s\u00e4tta i plastkopplingarna, f\u00f6rs\u00f6k att doppa plastkopplingarna i varmt vatten. &#8211; Produkten ska skyddas fr\u00e5n direkt solljus, annars kan livsl\u00e4ngden f\u00f6rkortas. F\u00f6rvara den p\u00e5 en sval och torr plats f\u00f6r att f\u00f6rhindra m\u00f6gel. &#8211; Undvik att packa upp och montera produkten med v\u00e5ld. Om du st\u00f6ter p\u00e5 problem vid monteringen, kontakta v\u00e5r kundtj\u00e4nst s\u00e5 hj\u00e4lper vi dig g\u00e4rna att l\u00f6sa problemen eller erbjuder dig gratis reservdelar. Produktdetaljer: &#8211; F\u00e4rg: svart &#8211; M\u00e5tt: ca 129 x 169 x 87 cm (B x H x D) &#8211; Material: non-woven-tyg, st\u00e5lr\u00f6r &#8211; \u00d6verdrag: non-woven-tyg (75 g\/m\u00b2)  &#8211; Tygtavla: non-woven-tyg (75 g\/m\u00b2) laminerat med PE-folie &#8211; R\u00f6r: j\u00e4rn (\u00d8 15 mm) &#8211; F\u00f6rpackningsm\u00e5tt: 64 x 35 x 50 cm &#8211; Vikt: 5 kg Leveransomfattning: &#8211; 1 x h\u00f6rnkl\u00e4dsk\u00e5p i tyg<\/p>\n","protected":false},"excerpt":{"rendered":"<p>SONGMICS ny generation h\u00f6rngarderob F\u00e4llbar garderob 2 kl\u00e4dst\u00e4nger Tygsk\u00e5p 129 x 169 x 87 cm Svart LSF42H<\/p>\n","protected":false},"featured_media":43628,"comment_status":"open","ping_status":"closed","template":"","meta":[],"product_brand":[],"product_cat":[33],"product_tag":[],"class_list":{"0":"post-15890","1":"product","2":"type-product","3":"status-publish","4":"has-post-thumbnail","6":"product_cat-okategoriserad","8":"first","9":"instock","10":"shipping-taxable","11":"purchasable","12":"product-type-simple"},"_links":{"self":[{"href":"https:\/\/nordicmart.andreevmaster.com\/sv\/wp-json\/wp\/v2\/product\/15890","targetHints":{"allow":["GET"]}}],"collection":[{"href":"https:\/\/nordicmart.andreevmaster.com\/sv\/wp-json\/wp\/v2\/product"}],"about":[{"href":"https:\/\/nordicmart.andreevmaster.com\/sv\/wp-json\/wp\/v2\/types\/product"}],"replies":[{"embeddable":true,"href":"https:\/\/nordicmart.andreevmaster.com\/sv\/wp-json\/wp\/v2\/comments?post=15890"}],"wp:featuredmedia":[{"embeddable":true,"href":"https:\/\/nordicmart.andreevmaster.com\/sv\/wp-json\/wp\/v2\/media\/43628"}],"wp:attachment":[{"href":"https:\/\/nordicmart.andreevmaster.com\/sv\/wp-json\/wp\/v2\/media?parent=15890"}],"wp:term":[{"taxonomy":"product_brand","embeddable":true,"href":"https:\/\/nordicmart.andreevmaster.com\/sv\/wp-json\/wp\/v2\/product_brand?post=15890"},{"taxonomy":"product_cat","embeddable":true,"href":"https:\/\/nordicmart.andreevmaster.com\/sv\/wp-json\/wp\/v2\/product_cat?post=15890"},{"taxonomy":"product_tag","embeddable":true,"href":"https:\/\/nordicmart.andreevmaster.com\/sv\/wp-json\/wp\/v2\/product_tag?post=15890"}],"curies":[{"name":"wp","href":"https:\/\/api.w.org\/{rel}","templated":true}]}}