{"id":15889,"date":"2026-02-27T00:28:12","date_gmt":"2026-02-27T00:28:12","guid":{"rendered":"https:\/\/nordicmart.andreevmaster.com\/product\/songmics-forvaringspall-80-l-ljusgra-melerad\/"},"modified":"2026-02-27T08:19:08","modified_gmt":"2026-02-27T08:19:08","slug":"songmics-forvaringspall-80-l-ljusgra-melerad","status":"publish","type":"product","link":"https:\/\/nordicmart.andreevmaster.com\/sv\/produkt\/songmics-forvaringspall-80-l-ljusgra-melerad\/","title":{"rendered":"SONGMICS f\u00f6rvaringspall 80 L ljusgr\u00e5 melerad"},"content":{"rendered":"<p>Songmics sittkista \u00e4r det perfekta komplementet till din heminredning. Tack vare sin konstruktion fyller den flera syften samtidigt, och \u00e4r s\u00e4rskilt l\u00e4mplig f\u00f6r sm\u00e5 l\u00e4genheter med begr\u00e4nsat f\u00f6rvaringsutrymme. N\u00e4r v\u00e4nner eller familj samlas erbjuder den bekv\u00e4ma sittplatser, s\u00e5 att du och dina g\u00e4ster kan sitta bekv\u00e4mt \u00e4ven utanf\u00f6r soffan. Vid behov erbjuder den dessutom mycket dold f\u00f6rvaringsutrymme. Tack vare den praktiska \u00f6ppningen med det f\u00e4llbara halvlocket blir \u00e4ven sm\u00e5 barn vana vid att st\u00e4da sina rum. Anvisningar: &#8211; Ingen leksak! Anv\u00e4ndning av sm\u00e5 barn under direkt uppsikt av vuxna. &#8211; Anv\u00e4nd inte som kl\u00e4tterhj\u00e4lp. Produktdetaljer: &#8211; M\u00e5tt (utv\u00e4ndigt): 76 x 38 x 38 cm (B x H x D) &#8211; M\u00e5tt (inv\u00e4ndigt): 73 x 34 x 33,5 cm (B x H x D) &#8211; M\u00e5tt (ihopf\u00e4lld): 76 x 38 x 8 cm &#8211; F\u00e4rg: gr\u00e5 &#8211; Material: linne + MDF-skiva + skumplast &#8211; Nettovikt: 6,2 kg &#8211; Bruttovikt: 6,6 kg &#8211; Max. belastbarhet: 150 kg Leveransomfattning: &#8211; 1 x sittkista<\/p>\n","protected":false},"excerpt":{"rendered":"<p>SONGMICS b\u00e4nk med f\u00f6rvaringsutrymme, sittkista med lock, f\u00f6rvaringsbox, hopf\u00e4llbar, max. statisk belastningskapacitet 300 kg, 80 L, 76 x 38 x 38 cm, imiterat linne, ljusgr\u00e5 melerad LSF41G<\/p>\n","protected":false},"featured_media":43627,"comment_status":"open","ping_status":"closed","template":"","meta":[],"product_brand":[],"product_cat":[33],"product_tag":[],"class_list":{"0":"post-15889","1":"product","2":"type-product","3":"status-publish","4":"has-post-thumbnail","6":"product_cat-okategoriserad","8":"first","9":"instock","10":"shipping-taxable","11":"purchasable","12":"product-type-simple"},"_links":{"self":[{"href":"https:\/\/nordicmart.andreevmaster.com\/sv\/wp-json\/wp\/v2\/product\/15889","targetHints":{"allow":["GET"]}}],"collection":[{"href":"https:\/\/nordicmart.andreevmaster.com\/sv\/wp-json\/wp\/v2\/product"}],"about":[{"href":"https:\/\/nordicmart.andreevmaster.com\/sv\/wp-json\/wp\/v2\/types\/product"}],"replies":[{"embeddable":true,"href":"https:\/\/nordicmart.andreevmaster.com\/sv\/wp-json\/wp\/v2\/comments?post=15889"}],"wp:featuredmedia":[{"embeddable":true,"href":"https:\/\/nordicmart.andreevmaster.com\/sv\/wp-json\/wp\/v2\/media\/43627"}],"wp:attachment":[{"href":"https:\/\/nordicmart.andreevmaster.com\/sv\/wp-json\/wp\/v2\/media?parent=15889"}],"wp:term":[{"taxonomy":"product_brand","embeddable":true,"href":"https:\/\/nordicmart.andreevmaster.com\/sv\/wp-json\/wp\/v2\/product_brand?post=15889"},{"taxonomy":"product_cat","embeddable":true,"href":"https:\/\/nordicmart.andreevmaster.com\/sv\/wp-json\/wp\/v2\/product_cat?post=15889"},{"taxonomy":"product_tag","embeddable":true,"href":"https:\/\/nordicmart.andreevmaster.com\/sv\/wp-json\/wp\/v2\/product_tag?post=15889"}],"curies":[{"name":"wp","href":"https:\/\/api.w.org\/{rel}","templated":true}]}}