{"id":15887,"date":"2026-02-27T00:28:12","date_gmt":"2026-02-27T00:28:12","guid":{"rendered":"https:\/\/nordicmart.andreevmaster.com\/product\/songmics-forvaringspall-76-cm-konstlader-beige\/"},"modified":"2026-02-27T08:19:08","modified_gmt":"2026-02-27T08:19:08","slug":"songmics-forvaringspall-76-cm-konstlader-beige","status":"publish","type":"product","link":"https:\/\/nordicmart.andreevmaster.com\/sv\/produkt\/songmics-forvaringspall-76-cm-konstlader-beige\/","title":{"rendered":"SONGMICS f\u00f6rvaringspall 76 cm konstl\u00e4der beige"},"content":{"rendered":"<p>Beh\u00f6ver du mer f\u00f6rvaringsutrymme? Har du aldrig tillr\u00e4ckligt med sittplatser f\u00f6r dina g\u00e4ster? D\u00e5 kommer du garanterat att \u00e4lska den hopf\u00e4llbara sittpallen fr\u00e5n Songmics. Den fungerar inte bara som sittplats, utan har ocks\u00e5 ett stort f\u00f6rvaringsutrymme f\u00f6r diverse saker, s\u00e5som tidningar, gosedjur, DVD-skivor, kl\u00e4der etc. Dessutom kan denna sittpall \u00e4ven anv\u00e4ndas som nattduksbord, fotpall, skopall, trappstege etc. Tack vare att den \u00e4r hopf\u00e4llbar kan den f\u00f6rvaras p\u00e5 ett utrymmesbesparande s\u00e4tt n\u00e4r den inte anv\u00e4nds. Dessutom \u00e4r Songmics sittpall v\u00e4lgjord, alla s\u00f6mmar \u00e4r snyggt sydda. Den \u00e4r ett riktigt utrymmesunderverk! Produktdetaljer:  &#8211; M\u00e5tt: 76 x 38 x 38 cm (B\/H\/D)  &#8211; Inre m\u00e5tt: 73 x 35 x 35 cm (B\/H\/D)  &#8211; Material: MDF-sp\u00e5nskivor testade enligt E1-standard + konstl\u00e4der  Leveransomfattning:  &#8211; 1 x hopf\u00e4llbar sittkista<\/p>\n","protected":false},"excerpt":{"rendered":"<p>SONGMICS Puffb\u00e4nk med f\u00f6rvaringsutrymme, hopf\u00e4llbar, 2-sitsig, belastningskapacitet upp till 300 kg, konstl\u00e4der, beige, 76 x 38 x 38 cm LSF40M<\/p>\n","protected":false},"featured_media":43625,"comment_status":"open","ping_status":"closed","template":"","meta":[],"product_brand":[],"product_cat":[33],"product_tag":[],"class_list":{"0":"post-15887","1":"product","2":"type-product","3":"status-publish","4":"has-post-thumbnail","6":"product_cat-okategoriserad","8":"first","9":"instock","10":"shipping-taxable","11":"purchasable","12":"product-type-simple"},"_links":{"self":[{"href":"https:\/\/nordicmart.andreevmaster.com\/sv\/wp-json\/wp\/v2\/product\/15887","targetHints":{"allow":["GET"]}}],"collection":[{"href":"https:\/\/nordicmart.andreevmaster.com\/sv\/wp-json\/wp\/v2\/product"}],"about":[{"href":"https:\/\/nordicmart.andreevmaster.com\/sv\/wp-json\/wp\/v2\/types\/product"}],"replies":[{"embeddable":true,"href":"https:\/\/nordicmart.andreevmaster.com\/sv\/wp-json\/wp\/v2\/comments?post=15887"}],"wp:featuredmedia":[{"embeddable":true,"href":"https:\/\/nordicmart.andreevmaster.com\/sv\/wp-json\/wp\/v2\/media\/43625"}],"wp:attachment":[{"href":"https:\/\/nordicmart.andreevmaster.com\/sv\/wp-json\/wp\/v2\/media?parent=15887"}],"wp:term":[{"taxonomy":"product_brand","embeddable":true,"href":"https:\/\/nordicmart.andreevmaster.com\/sv\/wp-json\/wp\/v2\/product_brand?post=15887"},{"taxonomy":"product_cat","embeddable":true,"href":"https:\/\/nordicmart.andreevmaster.com\/sv\/wp-json\/wp\/v2\/product_cat?post=15887"},{"taxonomy":"product_tag","embeddable":true,"href":"https:\/\/nordicmart.andreevmaster.com\/sv\/wp-json\/wp\/v2\/product_tag?post=15887"}],"curies":[{"name":"wp","href":"https:\/\/api.w.org\/{rel}","templated":true}]}}