{"id":15884,"date":"2026-02-27T00:28:11","date_gmt":"2026-02-27T00:28:11","guid":{"rendered":"https:\/\/nordicmart.andreevmaster.com\/product\/songmics-liten-sittkub-konstlader-svart\/"},"modified":"2026-02-27T08:19:07","modified_gmt":"2026-02-27T08:19:07","slug":"songmics-liten-sittkub-konstlader-svart","status":"publish","type":"product","link":"https:\/\/nordicmart.andreevmaster.com\/sv\/produkt\/songmics-liten-sittkub-konstlader-svart\/","title":{"rendered":"SONGMICS Liten sittkub  Konstl\u00e4der Svart"},"content":{"rendered":"<p>Sittpallen \u00e4r b\u00e5de f\u00f6rvaringsbox och pall. Den erbjuder inte bara platsbesparande f\u00f6rvaring, utan passar ocks\u00e5 perfekt som dekoration i alla inredningsstilar och passar bra i vardagsrummet, sovrummet, hallen och barnrummet. Produktdetaljer: &#8211; M\u00e5tt: 38 x 35 x 35 cm (B\/H\/D) &#8211; Inre m\u00e5tt: 35 x 35 x 35 cm (B\/H\/D) &#8211; Material: MDF-sp\u00e5nskivor testade enligt E1-standard + konstl\u00e4der Leveransomfattning: &#8211; 1 x hopf\u00e4llbar sittkista<\/p>\n","protected":false},"excerpt":{"rendered":"<p>SONGMICS sittpall, hopf\u00e4llbar sittkub, f\u00f6rvaringsbox, 38 cm, belastningskapacitet upp till 300 kg, vit LSF30W<\/p>\n","protected":false},"featured_media":43622,"comment_status":"open","ping_status":"closed","template":"","meta":[],"product_brand":[],"product_cat":[33],"product_tag":[],"class_list":{"0":"post-15884","1":"product","2":"type-product","3":"status-publish","4":"has-post-thumbnail","6":"product_cat-okategoriserad","8":"first","9":"instock","10":"shipping-taxable","11":"purchasable","12":"product-type-simple"},"_links":{"self":[{"href":"https:\/\/nordicmart.andreevmaster.com\/sv\/wp-json\/wp\/v2\/product\/15884","targetHints":{"allow":["GET"]}}],"collection":[{"href":"https:\/\/nordicmart.andreevmaster.com\/sv\/wp-json\/wp\/v2\/product"}],"about":[{"href":"https:\/\/nordicmart.andreevmaster.com\/sv\/wp-json\/wp\/v2\/types\/product"}],"replies":[{"embeddable":true,"href":"https:\/\/nordicmart.andreevmaster.com\/sv\/wp-json\/wp\/v2\/comments?post=15884"}],"wp:featuredmedia":[{"embeddable":true,"href":"https:\/\/nordicmart.andreevmaster.com\/sv\/wp-json\/wp\/v2\/media\/43622"}],"wp:attachment":[{"href":"https:\/\/nordicmart.andreevmaster.com\/sv\/wp-json\/wp\/v2\/media?parent=15884"}],"wp:term":[{"taxonomy":"product_brand","embeddable":true,"href":"https:\/\/nordicmart.andreevmaster.com\/sv\/wp-json\/wp\/v2\/product_brand?post=15884"},{"taxonomy":"product_cat","embeddable":true,"href":"https:\/\/nordicmart.andreevmaster.com\/sv\/wp-json\/wp\/v2\/product_cat?post=15884"},{"taxonomy":"product_tag","embeddable":true,"href":"https:\/\/nordicmart.andreevmaster.com\/sv\/wp-json\/wp\/v2\/product_tag?post=15884"}],"curies":[{"name":"wp","href":"https:\/\/api.w.org\/{rel}","templated":true}]}}