{"id":15878,"date":"2026-02-27T00:28:09","date_gmt":"2026-02-27T00:28:09","guid":{"rendered":"https:\/\/nordicmart.andreevmaster.com\/product\/songmics-2-extra-forvaringslador-for-hallen-skiffergra\/"},"modified":"2026-02-27T08:19:06","modified_gmt":"2026-02-27T08:19:06","slug":"songmics-2-extra-forvaringslador-for-hallen-skiffergra","status":"publish","type":"product","link":"https:\/\/nordicmart.andreevmaster.com\/sv\/produkt\/songmics-2-extra-forvaringslador-for-hallen-skiffergra\/","title":{"rendered":"SONGMICS 2 extra f\u00f6rvaringsl\u00e5dor f\u00f6r hallen, skiffergr\u00e5"},"content":{"rendered":"<p>SONGMICS b\u00e4nk med f\u00f6rvaringsutrymme i sammet, hopf\u00e4llbar f\u00f6rvaringsl\u00e5da, 2 extra f\u00f6rvaringsl\u00e5dor, f\u00f6r hall, vardagsrum, sovrum<br \/>\nF\u00e4rg: skiffergr\u00e5<br \/>\nMaterial: MDF (medeldensitetsfiberplatta), sammet, skumplast<br \/>\nStorlek: 38 x 110 x 38 cm (D x B x H)<br \/>\nVikt: 8,2 kg<br \/>\nMax. statisk belastningskapacitet: 300 kg<br \/>\nKapacitet: 131 liter<\/p>\n","protected":false},"excerpt":{"rendered":"<p>SONGMICS b\u00e4nk med f\u00f6rvaringsutrymme i sammet, hopf\u00e4llbar f\u00f6rvaringsl\u00e5da, 2 extra f\u00f6rvaringsl\u00e5dor, f\u00f6r hall, vardagsrum, sovrum<\/p>\n","protected":false},"featured_media":43616,"comment_status":"open","ping_status":"closed","template":"","meta":[],"product_brand":[],"product_cat":[33],"product_tag":[],"class_list":{"0":"post-15878","1":"product","2":"type-product","3":"status-publish","4":"has-post-thumbnail","6":"product_cat-okategoriserad","8":"first","9":"instock","10":"shipping-taxable","11":"purchasable","12":"product-type-simple"},"_links":{"self":[{"href":"https:\/\/nordicmart.andreevmaster.com\/sv\/wp-json\/wp\/v2\/product\/15878","targetHints":{"allow":["GET"]}}],"collection":[{"href":"https:\/\/nordicmart.andreevmaster.com\/sv\/wp-json\/wp\/v2\/product"}],"about":[{"href":"https:\/\/nordicmart.andreevmaster.com\/sv\/wp-json\/wp\/v2\/types\/product"}],"replies":[{"embeddable":true,"href":"https:\/\/nordicmart.andreevmaster.com\/sv\/wp-json\/wp\/v2\/comments?post=15878"}],"wp:featuredmedia":[{"embeddable":true,"href":"https:\/\/nordicmart.andreevmaster.com\/sv\/wp-json\/wp\/v2\/media\/43616"}],"wp:attachment":[{"href":"https:\/\/nordicmart.andreevmaster.com\/sv\/wp-json\/wp\/v2\/media?parent=15878"}],"wp:term":[{"taxonomy":"product_brand","embeddable":true,"href":"https:\/\/nordicmart.andreevmaster.com\/sv\/wp-json\/wp\/v2\/product_brand?post=15878"},{"taxonomy":"product_cat","embeddable":true,"href":"https:\/\/nordicmart.andreevmaster.com\/sv\/wp-json\/wp\/v2\/product_cat?post=15878"},{"taxonomy":"product_tag","embeddable":true,"href":"https:\/\/nordicmart.andreevmaster.com\/sv\/wp-json\/wp\/v2\/product_tag?post=15878"}],"curies":[{"name":"wp","href":"https:\/\/api.w.org\/{rel}","templated":true}]}}