{"id":15870,"date":"2026-02-27T00:28:07","date_gmt":"2026-02-27T00:28:07","guid":{"rendered":"https:\/\/nordicmart.andreevmaster.com\/product\/songmics-bank-med-forvaringsutrymme-for-hallen-pastellrosa\/"},"modified":"2026-02-27T08:19:05","modified_gmt":"2026-02-27T08:19:05","slug":"songmics-bank-med-forvaringsutrymme-for-hallen-pastellrosa","status":"publish","type":"product","link":"https:\/\/nordicmart.andreevmaster.com\/sv\/produkt\/songmics-bank-med-forvaringsutrymme-for-hallen-pastellrosa\/","title":{"rendered":"SONGMICS b\u00e4nk med f\u00f6rvaringsutrymme f\u00f6r hallen, pastellrosa"},"content":{"rendered":"<p>SONGMICS b\u00e4nk med f\u00f6rvaringsutrymme i sammet, hopf\u00e4llbar sittkista, f\u00f6rvaringsbox med lock, fotpall,  f\u00f6r hall, vardagsrum, sovrum<br \/>\nF\u00e4rg: pastellrosa<br \/>\nMaterial: MDF (medeldensitetsfiberplatta), sammet, skumplast<br \/>\nStorlek: 38 x 38 x 38 cm (D x B x H)<br \/>\nVikt: 2,5 kg<br \/>\nMax. statisk belastningskapacitet: 300 kg<br \/>\nKapacitet: 43 liter<\/p>\n","protected":false},"excerpt":{"rendered":"<p>SONGMICS b\u00e4nk med f\u00f6rvaringsutrymme i sammet, hopf\u00e4llbar sittkista, f\u00f6rvaringsbox med lock, fotpall,  f\u00f6r hall, vardagsrum, sovrum<\/p>\n","protected":false},"featured_media":43608,"comment_status":"open","ping_status":"closed","template":"","meta":[],"product_brand":[],"product_cat":[33],"product_tag":[],"class_list":{"0":"post-15870","1":"product","2":"type-product","3":"status-publish","4":"has-post-thumbnail","6":"product_cat-okategoriserad","8":"first","9":"instock","10":"shipping-taxable","11":"purchasable","12":"product-type-simple"},"_links":{"self":[{"href":"https:\/\/nordicmart.andreevmaster.com\/sv\/wp-json\/wp\/v2\/product\/15870","targetHints":{"allow":["GET"]}}],"collection":[{"href":"https:\/\/nordicmart.andreevmaster.com\/sv\/wp-json\/wp\/v2\/product"}],"about":[{"href":"https:\/\/nordicmart.andreevmaster.com\/sv\/wp-json\/wp\/v2\/types\/product"}],"replies":[{"embeddable":true,"href":"https:\/\/nordicmart.andreevmaster.com\/sv\/wp-json\/wp\/v2\/comments?post=15870"}],"wp:featuredmedia":[{"embeddable":true,"href":"https:\/\/nordicmart.andreevmaster.com\/sv\/wp-json\/wp\/v2\/media\/43608"}],"wp:attachment":[{"href":"https:\/\/nordicmart.andreevmaster.com\/sv\/wp-json\/wp\/v2\/media?parent=15870"}],"wp:term":[{"taxonomy":"product_brand","embeddable":true,"href":"https:\/\/nordicmart.andreevmaster.com\/sv\/wp-json\/wp\/v2\/product_brand?post=15870"},{"taxonomy":"product_cat","embeddable":true,"href":"https:\/\/nordicmart.andreevmaster.com\/sv\/wp-json\/wp\/v2\/product_cat?post=15870"},{"taxonomy":"product_tag","embeddable":true,"href":"https:\/\/nordicmart.andreevmaster.com\/sv\/wp-json\/wp\/v2\/product_tag?post=15870"}],"curies":[{"name":"wp","href":"https:\/\/api.w.org\/{rel}","templated":true}]}}