{"id":15861,"date":"2026-02-27T00:28:05","date_gmt":"2026-02-27T00:28:05","guid":{"rendered":"https:\/\/nordicmart.andreevmaster.com\/product\/songmics-forvaringspall-med-traben-morkgra\/"},"modified":"2026-02-27T08:19:03","modified_gmt":"2026-02-27T08:19:03","slug":"songmics-forvaringspall-med-traben-morkgra","status":"publish","type":"product","link":"https:\/\/nordicmart.andreevmaster.com\/sv\/produkt\/songmics-forvaringspall-med-traben-morkgra\/","title":{"rendered":"SONGMICS f\u00f6rvaringspall med tr\u00e4ben, m\u00f6rkgr\u00e5"},"content":{"rendered":"<p>Mer utrymmesbesparande \u00e4n en soffa eller en garderob Ist\u00e4llet f\u00f6r att k\u00f6pa en extra soffa f\u00f6r fler sittplatser eller en ny garderob f\u00f6r mer f\u00f6rvaringsutrymme kan du sl\u00e5 tv\u00e5 flugor i en sm\u00e4ll med denna utrymmesbesparande sittpall. Var ska du placera denna sittpall? Mittemot soffan i vardagsrummet? Vid fot\u00e4nden av s\u00e4ngen i sovrummet? Eller bredvid garderoben i hallen? Den enda gr\u00e4nsen \u00e4r din fantasi! Om du inte vill anv\u00e4nda sittpallen kan du f\u00e4lla ihop den och enkelt f\u00f6rvara den under s\u00e4ngen eller p\u00e5 en hylla. Om du \u00e4r intresserad av prisv\u00e4rda men smarta m\u00f6bler, ta en titt p\u00e5 fler produkter fr\u00e5n SONGMICS! Produktdetaljer: &#8211; F\u00e4rg: M\u00f6rkgr\u00e5 &#8211; Material: Linneimitat, MDF (medeldensitetsfiberplatta), skumplast, massivt tr\u00e4 &#8211; M\u00e5tt: 76 x 38 x 40 cm (L x B x H) &#8211; Vikt: 6,5 kg &#8211; Max. statisk belastningskapacitet: 300 kg Leveransomfattning: &#8211; 1 x sittpall<\/p>\n","protected":false},"excerpt":{"rendered":"<p>SONGMICS sittkista sittpall fotpall med f\u00f6rvaringsutrymme och lock med tr\u00e4ben, 76 x 38 x 40 cm m\u00f6rkgr\u00e5 LSF16GYZ<\/p>\n","protected":false},"featured_media":43599,"comment_status":"open","ping_status":"closed","template":"","meta":[],"product_brand":[],"product_cat":[33],"product_tag":[],"class_list":{"0":"post-15861","1":"product","2":"type-product","3":"status-publish","4":"has-post-thumbnail","6":"product_cat-okategoriserad","8":"first","9":"instock","10":"shipping-taxable","11":"purchasable","12":"product-type-simple"},"_links":{"self":[{"href":"https:\/\/nordicmart.andreevmaster.com\/sv\/wp-json\/wp\/v2\/product\/15861","targetHints":{"allow":["GET"]}}],"collection":[{"href":"https:\/\/nordicmart.andreevmaster.com\/sv\/wp-json\/wp\/v2\/product"}],"about":[{"href":"https:\/\/nordicmart.andreevmaster.com\/sv\/wp-json\/wp\/v2\/types\/product"}],"replies":[{"embeddable":true,"href":"https:\/\/nordicmart.andreevmaster.com\/sv\/wp-json\/wp\/v2\/comments?post=15861"}],"wp:featuredmedia":[{"embeddable":true,"href":"https:\/\/nordicmart.andreevmaster.com\/sv\/wp-json\/wp\/v2\/media\/43599"}],"wp:attachment":[{"href":"https:\/\/nordicmart.andreevmaster.com\/sv\/wp-json\/wp\/v2\/media?parent=15861"}],"wp:term":[{"taxonomy":"product_brand","embeddable":true,"href":"https:\/\/nordicmart.andreevmaster.com\/sv\/wp-json\/wp\/v2\/product_brand?post=15861"},{"taxonomy":"product_cat","embeddable":true,"href":"https:\/\/nordicmart.andreevmaster.com\/sv\/wp-json\/wp\/v2\/product_cat?post=15861"},{"taxonomy":"product_tag","embeddable":true,"href":"https:\/\/nordicmart.andreevmaster.com\/sv\/wp-json\/wp\/v2\/product_tag?post=15861"}],"curies":[{"name":"wp","href":"https:\/\/api.w.org\/{rel}","templated":true}]}}