{"id":15858,"date":"2026-02-27T00:28:04","date_gmt":"2026-02-27T00:28:04","guid":{"rendered":"https:\/\/nordicmart.andreevmaster.com\/product\/songmics-sittpall-med-traben-morkgra\/"},"modified":"2026-02-27T08:19:02","modified_gmt":"2026-02-27T08:19:02","slug":"songmics-sittpall-med-traben-morkgra","status":"publish","type":"product","link":"https:\/\/nordicmart.andreevmaster.com\/sv\/produkt\/songmics-sittpall-med-traben-morkgra\/","title":{"rendered":"SONGMICS sittpall med tr\u00e4ben M\u00f6rkgr\u00e5"},"content":{"rendered":"<p>SONGMICS sittkista, sittpall med f\u00f6rvaringsutrymme och lock, fotpall med tr\u00e4ben, 38 x 40 x 38 cm, m\u00f6rkgr\u00e5 LSF14GYZ<br \/>\nF\u00e4rg: M\u00f6rkgr\u00e5<br \/>\nMaterial: Linneimitation, skumplast, MDF (medeldensitetsfiberplatta)<br \/>\nStorlek: 38 x 38 x 40 cm (D x B x H)<br \/>\nVikt: 3,5 kg<br \/>\nMax. statisk belastningskapacitet: 300 kg<br \/>\nKapacitet: 37 liter<\/p>\n","protected":false},"excerpt":{"rendered":"<p>SONGMICS sittkista, sittpall med f\u00f6rvaringsutrymme och lock, fotpall med tr\u00e4ben, 38 x 40 x 38 cm, m\u00f6rkgr\u00e5 LSF14GYZ<\/p>\n","protected":false},"featured_media":43596,"comment_status":"open","ping_status":"closed","template":"","meta":[],"product_brand":[],"product_cat":[33],"product_tag":[],"class_list":{"0":"post-15858","1":"product","2":"type-product","3":"status-publish","4":"has-post-thumbnail","6":"product_cat-okategoriserad","8":"first","9":"instock","10":"shipping-taxable","11":"purchasable","12":"product-type-simple"},"_links":{"self":[{"href":"https:\/\/nordicmart.andreevmaster.com\/sv\/wp-json\/wp\/v2\/product\/15858","targetHints":{"allow":["GET"]}}],"collection":[{"href":"https:\/\/nordicmart.andreevmaster.com\/sv\/wp-json\/wp\/v2\/product"}],"about":[{"href":"https:\/\/nordicmart.andreevmaster.com\/sv\/wp-json\/wp\/v2\/types\/product"}],"replies":[{"embeddable":true,"href":"https:\/\/nordicmart.andreevmaster.com\/sv\/wp-json\/wp\/v2\/comments?post=15858"}],"wp:featuredmedia":[{"embeddable":true,"href":"https:\/\/nordicmart.andreevmaster.com\/sv\/wp-json\/wp\/v2\/media\/43596"}],"wp:attachment":[{"href":"https:\/\/nordicmart.andreevmaster.com\/sv\/wp-json\/wp\/v2\/media?parent=15858"}],"wp:term":[{"taxonomy":"product_brand","embeddable":true,"href":"https:\/\/nordicmart.andreevmaster.com\/sv\/wp-json\/wp\/v2\/product_brand?post=15858"},{"taxonomy":"product_cat","embeddable":true,"href":"https:\/\/nordicmart.andreevmaster.com\/sv\/wp-json\/wp\/v2\/product_cat?post=15858"},{"taxonomy":"product_tag","embeddable":true,"href":"https:\/\/nordicmart.andreevmaster.com\/sv\/wp-json\/wp\/v2\/product_tag?post=15858"}],"curies":[{"name":"wp","href":"https:\/\/api.w.org\/{rel}","templated":true}]}}