{"id":15855,"date":"2026-02-27T00:28:04","date_gmt":"2026-02-27T00:28:04","guid":{"rendered":"https:\/\/nordicmart.andreevmaster.com\/product\/songmics-sittkub-i-konstlader-morkbrun\/"},"modified":"2026-02-27T08:19:01","modified_gmt":"2026-02-27T08:19:01","slug":"songmics-sittkub-i-konstlader-morkbrun","status":"publish","type":"product","link":"https:\/\/nordicmart.andreevmaster.com\/sv\/produkt\/songmics-sittkub-i-konstlader-morkbrun\/","title":{"rendered":"SONGMICS sittkub i konstl\u00e4der, m\u00f6rkbrun"},"content":{"rendered":"<p>Denna sittkista med elegant utseende \u00e4r ett riktigt blickf\u00e5ng i varje rum och en idealisk l\u00f6sning f\u00f6r f\u00f6rem\u00e5l som ligger och st\u00e5r framme i l\u00e4genheten! Sitsen \u00e4r tillverkad av extra tjock skumplast, vilket ger en behaglig sittk\u00e4nsla. Extra tjock bottenplatta och lockplatta ger h\u00f6g stabilitet. Med sin kapacitet p\u00e5 ca 40 liter \u00e4r denna sittkub perfekt f\u00f6r f\u00f6rvaring av filtar, tidningar, CD\/DVD-skivor, b\u00f6cker etc.  Sittpallen fr\u00e5n Songmics \u00e4r perfekt f\u00f6r matsalen, vardagsrummet, barnrummet, sovrummet etc. och passar bra i alla h\u00f6rn!   Produktdetaljer: &#8211; Material: medeldensitetsfiberplatta (MDF) + konstl\u00e4der &#8211; M\u00e5tt: ca 38 x 38 x 38 cm (B x H x D) &#8211; F\u00e4rg: brun &#8211; F\u00f6rpackningsm\u00e5tt: 39 x 40 x 9 cm &#8211; Enkelvikt: 3,78 kg Leveransomfattning: &#8211; 1 x hopf\u00e4llbar sittpall <\/p>\n","protected":false},"excerpt":{"rendered":"<p>SONGMICS Songics LSF10B sittpall i konstl\u00e4der, hopf\u00e4llbar, platsbesparande, 38 x 38 x 38 cm, brun<\/p>\n","protected":false},"featured_media":43593,"comment_status":"open","ping_status":"closed","template":"","meta":[],"product_brand":[],"product_cat":[33],"product_tag":[],"class_list":{"0":"post-15855","1":"product","2":"type-product","3":"status-publish","4":"has-post-thumbnail","6":"product_cat-okategoriserad","8":"first","9":"instock","10":"shipping-taxable","11":"purchasable","12":"product-type-simple"},"_links":{"self":[{"href":"https:\/\/nordicmart.andreevmaster.com\/sv\/wp-json\/wp\/v2\/product\/15855","targetHints":{"allow":["GET"]}}],"collection":[{"href":"https:\/\/nordicmart.andreevmaster.com\/sv\/wp-json\/wp\/v2\/product"}],"about":[{"href":"https:\/\/nordicmart.andreevmaster.com\/sv\/wp-json\/wp\/v2\/types\/product"}],"replies":[{"embeddable":true,"href":"https:\/\/nordicmart.andreevmaster.com\/sv\/wp-json\/wp\/v2\/comments?post=15855"}],"wp:featuredmedia":[{"embeddable":true,"href":"https:\/\/nordicmart.andreevmaster.com\/sv\/wp-json\/wp\/v2\/media\/43593"}],"wp:attachment":[{"href":"https:\/\/nordicmart.andreevmaster.com\/sv\/wp-json\/wp\/v2\/media?parent=15855"}],"wp:term":[{"taxonomy":"product_brand","embeddable":true,"href":"https:\/\/nordicmart.andreevmaster.com\/sv\/wp-json\/wp\/v2\/product_brand?post=15855"},{"taxonomy":"product_cat","embeddable":true,"href":"https:\/\/nordicmart.andreevmaster.com\/sv\/wp-json\/wp\/v2\/product_cat?post=15855"},{"taxonomy":"product_tag","embeddable":true,"href":"https:\/\/nordicmart.andreevmaster.com\/sv\/wp-json\/wp\/v2\/product_tag?post=15855"}],"curies":[{"name":"wp","href":"https:\/\/api.w.org\/{rel}","templated":true}]}}