{"id":15852,"date":"2026-02-27T00:28:03","date_gmt":"2026-02-27T00:28:03","guid":{"rendered":"https:\/\/nordicmart.andreevmaster.com\/product\/songmics-hopfallbar-pall-med-forvaringsutrymme-31-x-41-cm-kramvit\/"},"modified":"2026-02-27T08:19:01","modified_gmt":"2026-02-27T08:19:01","slug":"songmics-hopfallbar-pall-med-forvaringsutrymme-31-x-41-cm-kramvit","status":"publish","type":"product","link":"https:\/\/nordicmart.andreevmaster.com\/sv\/produkt\/songmics-hopfallbar-pall-med-forvaringsutrymme-31-x-41-cm-kramvit\/","title":{"rendered":"SONGMICS hopf\u00e4llbar pall med f\u00f6rvaringsutrymme 31 x 41 cm kr\u00e4mvit"},"content":{"rendered":"<p>F\u00e4rg: kr\u00e4mvit<br \/>\nMaterial: MDF (medeldensitetsfiberplatta), imiterat linne, 25D h\u00f6gelastiskt skumplast<br \/>\nStorlek: 31 x 41 x 31 cm (D x B x H)<br \/>\nVikt: 2,1 kg<br \/>\nMax. statisk belastningskapacitet: 130 kg<br \/>\nKapacitet: 32 liter<\/p>\n","protected":false},"excerpt":{"rendered":"<p>F\u00e4rg: kr\u00e4mvit Material: MDF (medeldensitetsfiberplatta), imiterat linne, 25D h\u00f6gelastiskt skumplast Storlek: 31 x 41 x 31 cm (D x B x H) Vikt: 2,1 kg Max. statisk belastningskapacitet: 130 kg Kapacitet: 32 liter<\/p>\n","protected":false},"featured_media":43590,"comment_status":"open","ping_status":"closed","template":"","meta":[],"product_brand":[],"product_cat":[33],"product_tag":[],"class_list":{"0":"post-15852","1":"product","2":"type-product","3":"status-publish","4":"has-post-thumbnail","6":"product_cat-okategoriserad","8":"first","9":"instock","10":"shipping-taxable","11":"purchasable","12":"product-type-simple"},"_links":{"self":[{"href":"https:\/\/nordicmart.andreevmaster.com\/sv\/wp-json\/wp\/v2\/product\/15852","targetHints":{"allow":["GET"]}}],"collection":[{"href":"https:\/\/nordicmart.andreevmaster.com\/sv\/wp-json\/wp\/v2\/product"}],"about":[{"href":"https:\/\/nordicmart.andreevmaster.com\/sv\/wp-json\/wp\/v2\/types\/product"}],"replies":[{"embeddable":true,"href":"https:\/\/nordicmart.andreevmaster.com\/sv\/wp-json\/wp\/v2\/comments?post=15852"}],"wp:featuredmedia":[{"embeddable":true,"href":"https:\/\/nordicmart.andreevmaster.com\/sv\/wp-json\/wp\/v2\/media\/43590"}],"wp:attachment":[{"href":"https:\/\/nordicmart.andreevmaster.com\/sv\/wp-json\/wp\/v2\/media?parent=15852"}],"wp:term":[{"taxonomy":"product_brand","embeddable":true,"href":"https:\/\/nordicmart.andreevmaster.com\/sv\/wp-json\/wp\/v2\/product_brand?post=15852"},{"taxonomy":"product_cat","embeddable":true,"href":"https:\/\/nordicmart.andreevmaster.com\/sv\/wp-json\/wp\/v2\/product_cat?post=15852"},{"taxonomy":"product_tag","embeddable":true,"href":"https:\/\/nordicmart.andreevmaster.com\/sv\/wp-json\/wp\/v2\/product_tag?post=15852"}],"curies":[{"name":"wp","href":"https:\/\/api.w.org\/{rel}","templated":true}]}}