{"id":15843,"date":"2026-02-27T00:28:01","date_gmt":"2026-02-27T00:28:01","guid":{"rendered":"https:\/\/nordicmart.andreevmaster.com\/product\/songmics-fallbar-bank-med-forvaringsutrymme-41-cm-black-svart\/"},"modified":"2026-02-27T08:18:59","modified_gmt":"2026-02-27T08:18:59","slug":"songmics-fallbar-bank-med-forvaringsutrymme-41-cm-black-svart","status":"publish","type":"product","link":"https:\/\/nordicmart.andreevmaster.com\/sv\/produkt\/songmics-fallbar-bank-med-forvaringsutrymme-41-cm-black-svart\/","title":{"rendered":"SONGMICS F\u00e4llbar b\u00e4nk med f\u00f6rvaringsutrymme 41 cm bl\u00e4ck svart"},"content":{"rendered":"<p>SONGMICS 41 cm b\u00e4nk med f\u00f6rvaringsutrymme, hopf\u00e4llbar sittkista, f\u00f6rvaringsbox, fotpall, bl\u00e4ksvart LSF100B01<br \/>\nF\u00e4rg: bl\u00e4ck svart<br \/>\nMaterial: PU, MDF (medeldensitetsfiberplatta), skumplast<br \/>\nStorlek: 31 x 41 x 31 cm (D x B x H)<br \/>\nVikt: 2,1 kg<br \/>\nMax. statisk belastningskapacitet: 130 kg<br \/>\nKapacitet: 32 liter<\/p>\n","protected":false},"excerpt":{"rendered":"<p>SONGMICS 41 cm b\u00e4nk med f\u00f6rvaringsutrymme, hopf\u00e4llbar sittkista, f\u00f6rvaringsbox, fotpall, bl\u00e4ksvart LSF100B01<\/p>\n","protected":false},"featured_media":43581,"comment_status":"open","ping_status":"closed","template":"","meta":[],"product_brand":[],"product_cat":[33],"product_tag":[],"class_list":{"0":"post-15843","1":"product","2":"type-product","3":"status-publish","4":"has-post-thumbnail","6":"product_cat-okategoriserad","8":"first","9":"instock","10":"shipping-taxable","11":"purchasable","12":"product-type-simple"},"_links":{"self":[{"href":"https:\/\/nordicmart.andreevmaster.com\/sv\/wp-json\/wp\/v2\/product\/15843","targetHints":{"allow":["GET"]}}],"collection":[{"href":"https:\/\/nordicmart.andreevmaster.com\/sv\/wp-json\/wp\/v2\/product"}],"about":[{"href":"https:\/\/nordicmart.andreevmaster.com\/sv\/wp-json\/wp\/v2\/types\/product"}],"replies":[{"embeddable":true,"href":"https:\/\/nordicmart.andreevmaster.com\/sv\/wp-json\/wp\/v2\/comments?post=15843"}],"wp:featuredmedia":[{"embeddable":true,"href":"https:\/\/nordicmart.andreevmaster.com\/sv\/wp-json\/wp\/v2\/media\/43581"}],"wp:attachment":[{"href":"https:\/\/nordicmart.andreevmaster.com\/sv\/wp-json\/wp\/v2\/media?parent=15843"}],"wp:term":[{"taxonomy":"product_brand","embeddable":true,"href":"https:\/\/nordicmart.andreevmaster.com\/sv\/wp-json\/wp\/v2\/product_brand?post=15843"},{"taxonomy":"product_cat","embeddable":true,"href":"https:\/\/nordicmart.andreevmaster.com\/sv\/wp-json\/wp\/v2\/product_cat?post=15843"},{"taxonomy":"product_tag","embeddable":true,"href":"https:\/\/nordicmart.andreevmaster.com\/sv\/wp-json\/wp\/v2\/product_tag?post=15843"}],"curies":[{"name":"wp","href":"https:\/\/api.w.org\/{rel}","templated":true}]}}