{"id":15841,"date":"2026-02-27T00:28:00","date_gmt":"2026-02-27T00:28:00","guid":{"rendered":"https:\/\/nordicmart.andreevmaster.com\/product\/songmics-pall-med-forvaringsutrymme-38-x-110-x-38-cm-kamelbrun\/"},"modified":"2026-02-27T08:18:59","modified_gmt":"2026-02-27T08:18:59","slug":"songmics-pall-med-forvaringsutrymme-38-x-110-x-38-cm-kamelbrun","status":"publish","type":"product","link":"https:\/\/nordicmart.andreevmaster.com\/sv\/produkt\/songmics-pall-med-forvaringsutrymme-38-x-110-x-38-cm-kamelbrun\/","title":{"rendered":"SONGMICS pall med f\u00f6rvaringsutrymme 38 x 110 x 38 cm kamelbrun"},"content":{"rendered":"<p>SONGMICS HOME Pallen med f\u00f6rvaringsutrymme, hopf\u00e4llbar pall, 38 x 110 x 38 cm fotpall, b\u00e4nk, s\u00e4ngb\u00e4nk, f\u00f6rvaringsbox, belastningskapacitet upp till 300 kg, vardagsrum, sovrum, hall, kr\u00e4mvit LSF097W01<br \/>\nF\u00e4rg: kamelbrun<br \/>\nMaterial: MDF (medeldensitetsfiberplatta), fleece, 25D h\u00f6gelastiskt skumplast<br \/>\nStorlek: 38 x 110 x 38 cm (D x B x H)<br \/>\nVikt: 8,4 kg<br \/>\nMax. statisk belastningskapacitet: 300 kg<br \/>\nKapacitet: 131 liter<\/p>\n","protected":false},"excerpt":{"rendered":"<p>SONGMICS HOME Pallen med f\u00f6rvaringsutrymme, hopf\u00e4llbar pall, 38 x 110 x 38 cm fotpall, b\u00e4nk, s\u00e4ngb\u00e4nk, f\u00f6rvaringsbox, belastningskapacitet upp till 300 kg, vardagsrum, sovrum, hall, kr\u00e4mvit LSF097W01<\/p>\n","protected":false},"featured_media":43579,"comment_status":"open","ping_status":"closed","template":"","meta":[],"product_brand":[],"product_cat":[33],"product_tag":[],"class_list":{"0":"post-15841","1":"product","2":"type-product","3":"status-publish","4":"has-post-thumbnail","6":"product_cat-okategoriserad","8":"first","9":"instock","10":"shipping-taxable","11":"purchasable","12":"product-type-simple"},"_links":{"self":[{"href":"https:\/\/nordicmart.andreevmaster.com\/sv\/wp-json\/wp\/v2\/product\/15841","targetHints":{"allow":["GET"]}}],"collection":[{"href":"https:\/\/nordicmart.andreevmaster.com\/sv\/wp-json\/wp\/v2\/product"}],"about":[{"href":"https:\/\/nordicmart.andreevmaster.com\/sv\/wp-json\/wp\/v2\/types\/product"}],"replies":[{"embeddable":true,"href":"https:\/\/nordicmart.andreevmaster.com\/sv\/wp-json\/wp\/v2\/comments?post=15841"}],"wp:featuredmedia":[{"embeddable":true,"href":"https:\/\/nordicmart.andreevmaster.com\/sv\/wp-json\/wp\/v2\/media\/43579"}],"wp:attachment":[{"href":"https:\/\/nordicmart.andreevmaster.com\/sv\/wp-json\/wp\/v2\/media?parent=15841"}],"wp:term":[{"taxonomy":"product_brand","embeddable":true,"href":"https:\/\/nordicmart.andreevmaster.com\/sv\/wp-json\/wp\/v2\/product_brand?post=15841"},{"taxonomy":"product_cat","embeddable":true,"href":"https:\/\/nordicmart.andreevmaster.com\/sv\/wp-json\/wp\/v2\/product_cat?post=15841"},{"taxonomy":"product_tag","embeddable":true,"href":"https:\/\/nordicmart.andreevmaster.com\/sv\/wp-json\/wp\/v2\/product_tag?post=15841"}],"curies":[{"name":"wp","href":"https:\/\/api.w.org\/{rel}","templated":true}]}}