{"id":15837,"date":"2026-02-27T00:27:59","date_gmt":"2026-02-27T00:27:59","guid":{"rendered":"https:\/\/nordicmart.andreevmaster.com\/product\/songmics-pall-med-forvaringsutrymme-40-x-110-x-40-cm-skiffergra\/"},"modified":"2026-02-27T08:18:58","modified_gmt":"2026-02-27T08:18:58","slug":"songmics-pall-med-forvaringsutrymme-40-x-110-x-40-cm-skiffergra","status":"publish","type":"product","link":"https:\/\/nordicmart.andreevmaster.com\/sv\/produkt\/songmics-pall-med-forvaringsutrymme-40-x-110-x-40-cm-skiffergra\/","title":{"rendered":"SONGMICS pall med f\u00f6rvaringsutrymme 40 x 110 x 40 cm skiffergr\u00e5"},"content":{"rendered":"<p>SONGMICS sittpall med f\u00f6rvaringsutrymme, b\u00e4nk med ben, 40 x 110 x 40 cm fotpall, f\u00f6rvaringsbox, belastningskapacitet upp till 300 kg, f\u00f6r vardagsrum, sovrum, hall, pastellrosa LSF089R01<br \/>\nF\u00e4rg: skiffergr\u00e5<br \/>\nMaterial: MDF (medeldensitetsfiberplatta), sammet, 25D h\u00f6gelastisk skumplast<br \/>\nStorlek: 40 x 110 x 40 cm (D x B x H)<br \/>\nVikt: 11,1 kg<br \/>\nMax. statisk belastningskapacitet: 300 kg<br \/>\nKapacitet: 103 liter<\/p>\n","protected":false},"excerpt":{"rendered":"<p>SONGMICS sittpall med f\u00f6rvaringsutrymme, b\u00e4nk med ben, 40 x 110 x 40 cm fotpall, f\u00f6rvaringsbox, belastningskapacitet upp till 300 kg, f\u00f6r vardagsrum, sovrum, hall, pastellrosa LSF089R01<\/p>\n","protected":false},"featured_media":43575,"comment_status":"open","ping_status":"closed","template":"","meta":[],"product_brand":[],"product_cat":[33],"product_tag":[],"class_list":{"0":"post-15837","1":"product","2":"type-product","3":"status-publish","4":"has-post-thumbnail","6":"product_cat-okategoriserad","8":"first","9":"instock","10":"shipping-taxable","11":"purchasable","12":"product-type-simple"},"_links":{"self":[{"href":"https:\/\/nordicmart.andreevmaster.com\/sv\/wp-json\/wp\/v2\/product\/15837","targetHints":{"allow":["GET"]}}],"collection":[{"href":"https:\/\/nordicmart.andreevmaster.com\/sv\/wp-json\/wp\/v2\/product"}],"about":[{"href":"https:\/\/nordicmart.andreevmaster.com\/sv\/wp-json\/wp\/v2\/types\/product"}],"replies":[{"embeddable":true,"href":"https:\/\/nordicmart.andreevmaster.com\/sv\/wp-json\/wp\/v2\/comments?post=15837"}],"wp:featuredmedia":[{"embeddable":true,"href":"https:\/\/nordicmart.andreevmaster.com\/sv\/wp-json\/wp\/v2\/media\/43575"}],"wp:attachment":[{"href":"https:\/\/nordicmart.andreevmaster.com\/sv\/wp-json\/wp\/v2\/media?parent=15837"}],"wp:term":[{"taxonomy":"product_brand","embeddable":true,"href":"https:\/\/nordicmart.andreevmaster.com\/sv\/wp-json\/wp\/v2\/product_brand?post=15837"},{"taxonomy":"product_cat","embeddable":true,"href":"https:\/\/nordicmart.andreevmaster.com\/sv\/wp-json\/wp\/v2\/product_cat?post=15837"},{"taxonomy":"product_tag","embeddable":true,"href":"https:\/\/nordicmart.andreevmaster.com\/sv\/wp-json\/wp\/v2\/product_tag?post=15837"}],"curies":[{"name":"wp","href":"https:\/\/api.w.org\/{rel}","templated":true}]}}