{"id":15835,"date":"2026-02-27T00:27:59","date_gmt":"2026-02-27T00:27:59","guid":{"rendered":"https:\/\/nordicmart.andreevmaster.com\/product\/songmics-sittpall-med-forvaringsutrymme-40-x-110-x-40-cm-black-svart\/"},"modified":"2026-02-27T08:18:58","modified_gmt":"2026-02-27T08:18:58","slug":"songmics-sittpall-med-forvaringsutrymme-40-x-110-x-40-cm-black-svart","status":"publish","type":"product","link":"https:\/\/nordicmart.andreevmaster.com\/sv\/produkt\/songmics-sittpall-med-forvaringsutrymme-40-x-110-x-40-cm-black-svart\/","title":{"rendered":"SONGMICS sittpall med f\u00f6rvaringsutrymme  40 x 110 x 40 cm bl\u00e4ck svart"},"content":{"rendered":"<p>SONGMICS b\u00e4nk med f\u00f6rvaringsutrymme, f\u00f6rvaringskista, f\u00f6rvaringsbox, fotpall, hopf\u00e4llbar, stoppad, f\u00f6r entr\u00e9, vardagsrum<br \/>\nF\u00e4rg: bl\u00e4ck svart<br \/>\nMaterial: MDF (medeldensitetsfiberplatta), imiterat linne, 25D h\u00f6gelastiskt skumplast<br \/>\nStorlek: 40 x 110 x 40 cm (D x B x H)<br \/>\nVikt: 11,1 kg<br \/>\nMax. statisk belastningskapacitet: 300 kg<br \/>\nKapacitet: 103 liter<\/p>\n","protected":false},"excerpt":{"rendered":"<p>SONGMICS b\u00e4nk med f\u00f6rvaringsutrymme, f\u00f6rvaringskista, f\u00f6rvaringsbox, fotpall, hopf\u00e4llbar, stoppad, f\u00f6r entr\u00e9, vardagsrum<\/p>\n","protected":false},"featured_media":43573,"comment_status":"open","ping_status":"closed","template":"","meta":[],"product_brand":[],"product_cat":[33],"product_tag":[],"class_list":{"0":"post-15835","1":"product","2":"type-product","3":"status-publish","4":"has-post-thumbnail","6":"product_cat-okategoriserad","8":"first","9":"instock","10":"shipping-taxable","11":"purchasable","12":"product-type-simple"},"_links":{"self":[{"href":"https:\/\/nordicmart.andreevmaster.com\/sv\/wp-json\/wp\/v2\/product\/15835","targetHints":{"allow":["GET"]}}],"collection":[{"href":"https:\/\/nordicmart.andreevmaster.com\/sv\/wp-json\/wp\/v2\/product"}],"about":[{"href":"https:\/\/nordicmart.andreevmaster.com\/sv\/wp-json\/wp\/v2\/types\/product"}],"replies":[{"embeddable":true,"href":"https:\/\/nordicmart.andreevmaster.com\/sv\/wp-json\/wp\/v2\/comments?post=15835"}],"wp:featuredmedia":[{"embeddable":true,"href":"https:\/\/nordicmart.andreevmaster.com\/sv\/wp-json\/wp\/v2\/media\/43573"}],"wp:attachment":[{"href":"https:\/\/nordicmart.andreevmaster.com\/sv\/wp-json\/wp\/v2\/media?parent=15835"}],"wp:term":[{"taxonomy":"product_brand","embeddable":true,"href":"https:\/\/nordicmart.andreevmaster.com\/sv\/wp-json\/wp\/v2\/product_brand?post=15835"},{"taxonomy":"product_cat","embeddable":true,"href":"https:\/\/nordicmart.andreevmaster.com\/sv\/wp-json\/wp\/v2\/product_cat?post=15835"},{"taxonomy":"product_tag","embeddable":true,"href":"https:\/\/nordicmart.andreevmaster.com\/sv\/wp-json\/wp\/v2\/product_tag?post=15835"}],"curies":[{"name":"wp","href":"https:\/\/api.w.org\/{rel}","templated":true}]}}