{"id":15832,"date":"2026-02-27T00:27:58","date_gmt":"2026-02-27T00:27:58","guid":{"rendered":"https:\/\/nordicmart.andreevmaster.com\/product\/bank-med-forvaringsutrymme-byra-hopfallbar-110-x-38-x-38-cm-imitation-av-linne-till-sovrummet-hallen-vardagsrummet-ljusgra\/"},"modified":"2026-02-27T08:18:57","modified_gmt":"2026-02-27T08:18:57","slug":"bank-med-forvaringsutrymme-byra-hopfallbar-110-x-38-x-38-cm-imitation-av-linne-till-sovrummet-hallen-vardagsrummet-ljusgra","status":"publish","type":"product","link":"https:\/\/nordicmart.andreevmaster.com\/sv\/produkt\/bank-med-forvaringsutrymme-byra-hopfallbar-110-x-38-x-38-cm-imitation-av-linne-till-sovrummet-hallen-vardagsrummet-ljusgra\/","title":{"rendered":"B\u00e4nk med f\u00f6rvaringsutrymme, byr\u00e5, hopf\u00e4llbar, 110 x 38 x 38 cm, imitation av linne, till sovrummet, hallen, vardagsrummet, ljusgr\u00e5"},"content":{"rendered":"","protected":false},"excerpt":{"rendered":"","protected":false},"featured_media":0,"comment_status":"open","ping_status":"closed","template":"","meta":[],"product_brand":[],"product_cat":[33],"product_tag":[],"class_list":{"0":"post-15832","1":"product","2":"type-product","3":"status-publish","5":"product_cat-okategoriserad","7":"first","8":"instock","9":"shipping-taxable","10":"product-type-simple"},"_links":{"self":[{"href":"https:\/\/nordicmart.andreevmaster.com\/sv\/wp-json\/wp\/v2\/product\/15832","targetHints":{"allow":["GET"]}}],"collection":[{"href":"https:\/\/nordicmart.andreevmaster.com\/sv\/wp-json\/wp\/v2\/product"}],"about":[{"href":"https:\/\/nordicmart.andreevmaster.com\/sv\/wp-json\/wp\/v2\/types\/product"}],"replies":[{"embeddable":true,"href":"https:\/\/nordicmart.andreevmaster.com\/sv\/wp-json\/wp\/v2\/comments?post=15832"}],"wp:attachment":[{"href":"https:\/\/nordicmart.andreevmaster.com\/sv\/wp-json\/wp\/v2\/media?parent=15832"}],"wp:term":[{"taxonomy":"product_brand","embeddable":true,"href":"https:\/\/nordicmart.andreevmaster.com\/sv\/wp-json\/wp\/v2\/product_brand?post=15832"},{"taxonomy":"product_cat","embeddable":true,"href":"https:\/\/nordicmart.andreevmaster.com\/sv\/wp-json\/wp\/v2\/product_cat?post=15832"},{"taxonomy":"product_tag","embeddable":true,"href":"https:\/\/nordicmart.andreevmaster.com\/sv\/wp-json\/wp\/v2\/product_tag?post=15832"}],"curies":[{"name":"wp","href":"https:\/\/api.w.org\/{rel}","templated":true}]}}