{"id":15831,"date":"2026-02-27T00:27:58","date_gmt":"2026-02-27T00:27:58","guid":{"rendered":"https:\/\/nordicmart.andreevmaster.com\/product\/songmics-bank-med-forvaringsutrymme-for-sovrum-morkgra\/"},"modified":"2026-02-27T08:18:57","modified_gmt":"2026-02-27T08:18:57","slug":"songmics-bank-med-forvaringsutrymme-for-sovrum-morkgra","status":"publish","type":"product","link":"https:\/\/nordicmart.andreevmaster.com\/sv\/produkt\/songmics-bank-med-forvaringsutrymme-for-sovrum-morkgra\/","title":{"rendered":"SONGMICS b\u00e4nk med f\u00f6rvaringsutrymme f\u00f6r sovrum, m\u00f6rkgr\u00e5"},"content":{"rendered":"<p>F\u00e4rg: M\u00f6rkgr\u00e5<br \/>\nMaterial: MDF (medeldensitetsfiberplatta), \u00f6verdrag av imiterat linne, skumplast<br \/>\nTotal storlek: 110 x 38 x 38 cm (L x B x H)<br \/>\nVikt: 8,8 kg<br \/>\nMax. statisk belastningskapacitet: 300 kg<\/p>\n","protected":false},"excerpt":{"rendered":"<p>F\u00e4rg: M\u00f6rkgr\u00e5 Material: MDF (medeldensitetsfiberplatta), \u00f6verdrag av imiterat linne, skumplast Total storlek: 110 x 38 x 38 cm (L x B x H) Vikt: 8,8 kg Max. statisk belastningskapacitet: 300 kg<\/p>\n","protected":false},"featured_media":0,"comment_status":"open","ping_status":"closed","template":"","meta":[],"product_brand":[],"product_cat":[33],"product_tag":[],"class_list":{"0":"post-15831","1":"product","2":"type-product","3":"status-publish","5":"product_cat-okategoriserad","7":"first","8":"instock","9":"shipping-taxable","10":"purchasable","11":"product-type-simple"},"_links":{"self":[{"href":"https:\/\/nordicmart.andreevmaster.com\/sv\/wp-json\/wp\/v2\/product\/15831","targetHints":{"allow":["GET"]}}],"collection":[{"href":"https:\/\/nordicmart.andreevmaster.com\/sv\/wp-json\/wp\/v2\/product"}],"about":[{"href":"https:\/\/nordicmart.andreevmaster.com\/sv\/wp-json\/wp\/v2\/types\/product"}],"replies":[{"embeddable":true,"href":"https:\/\/nordicmart.andreevmaster.com\/sv\/wp-json\/wp\/v2\/comments?post=15831"}],"wp:attachment":[{"href":"https:\/\/nordicmart.andreevmaster.com\/sv\/wp-json\/wp\/v2\/media?parent=15831"}],"wp:term":[{"taxonomy":"product_brand","embeddable":true,"href":"https:\/\/nordicmart.andreevmaster.com\/sv\/wp-json\/wp\/v2\/product_brand?post=15831"},{"taxonomy":"product_cat","embeddable":true,"href":"https:\/\/nordicmart.andreevmaster.com\/sv\/wp-json\/wp\/v2\/product_cat?post=15831"},{"taxonomy":"product_tag","embeddable":true,"href":"https:\/\/nordicmart.andreevmaster.com\/sv\/wp-json\/wp\/v2\/product_tag?post=15831"}],"curies":[{"name":"wp","href":"https:\/\/api.w.org\/{rel}","templated":true}]}}