{"id":15827,"date":"2026-02-27T00:27:57","date_gmt":"2026-02-27T00:27:57","guid":{"rendered":"https:\/\/nordicmart.andreevmaster.com\/product\/songmics-bank-med-forvaringsutrymme-38-x-110-x-38-cm-black-svart\/"},"modified":"2026-02-27T08:18:56","modified_gmt":"2026-02-27T08:18:56","slug":"songmics-bank-med-forvaringsutrymme-38-x-110-x-38-cm-black-svart","status":"publish","type":"product","link":"https:\/\/nordicmart.andreevmaster.com\/sv\/produkt\/songmics-bank-med-forvaringsutrymme-38-x-110-x-38-cm-black-svart\/","title":{"rendered":"SONGMICS b\u00e4nk med f\u00f6rvaringsutrymme 38 x 110 x 38 cm bl\u00e4ck svart"},"content":{"rendered":"<p>SONGMICS b\u00e4nk med f\u00f6rvaringsutrymme, hopf\u00e4llbar sittkista, f\u00f6rvaringsbox, 38 x 76 x 38 cm, hopf\u00e4llbart lock, belastningskapacitet upp till 300 kg, f\u00f6r hall, vardagsrum, sovrum<br \/>\nF\u00e4rg: bl\u00e4ck svart<br \/>\nMaterial: MDF (medeldensitetsfiberplatta), imiterat linne, skumplaststoppning<br \/>\nStorlek: 38 x 110 x 38 cm (D x B x H)<br \/>\nVikt: 9,1 kg<br \/>\nMax. statisk belastningskapacitet: 300 kg<br \/>\nKapacitet: 131 liter<\/p>\n","protected":false},"excerpt":{"rendered":"<p>SONGMICS b\u00e4nk med f\u00f6rvaringsutrymme, hopf\u00e4llbar sittkista, f\u00f6rvaringsbox, 38 x 76 x 38 cm, hopf\u00e4llbart lock, belastningskapacitet upp till 300 kg, f\u00f6r hall, vardagsrum, sovrum<\/p>\n","protected":false},"featured_media":43567,"comment_status":"open","ping_status":"closed","template":"","meta":[],"product_brand":[],"product_cat":[33],"product_tag":[],"class_list":{"0":"post-15827","1":"product","2":"type-product","3":"status-publish","4":"has-post-thumbnail","6":"product_cat-okategoriserad","8":"first","9":"instock","10":"shipping-taxable","11":"purchasable","12":"product-type-simple"},"_links":{"self":[{"href":"https:\/\/nordicmart.andreevmaster.com\/sv\/wp-json\/wp\/v2\/product\/15827","targetHints":{"allow":["GET"]}}],"collection":[{"href":"https:\/\/nordicmart.andreevmaster.com\/sv\/wp-json\/wp\/v2\/product"}],"about":[{"href":"https:\/\/nordicmart.andreevmaster.com\/sv\/wp-json\/wp\/v2\/types\/product"}],"replies":[{"embeddable":true,"href":"https:\/\/nordicmart.andreevmaster.com\/sv\/wp-json\/wp\/v2\/comments?post=15827"}],"wp:featuredmedia":[{"embeddable":true,"href":"https:\/\/nordicmart.andreevmaster.com\/sv\/wp-json\/wp\/v2\/media\/43567"}],"wp:attachment":[{"href":"https:\/\/nordicmart.andreevmaster.com\/sv\/wp-json\/wp\/v2\/media?parent=15827"}],"wp:term":[{"taxonomy":"product_brand","embeddable":true,"href":"https:\/\/nordicmart.andreevmaster.com\/sv\/wp-json\/wp\/v2\/product_brand?post=15827"},{"taxonomy":"product_cat","embeddable":true,"href":"https:\/\/nordicmart.andreevmaster.com\/sv\/wp-json\/wp\/v2\/product_cat?post=15827"},{"taxonomy":"product_tag","embeddable":true,"href":"https:\/\/nordicmart.andreevmaster.com\/sv\/wp-json\/wp\/v2\/product_tag?post=15827"}],"curies":[{"name":"wp","href":"https:\/\/api.w.org\/{rel}","templated":true}]}}